{"id":82,"date":"2023-07-31T09:14:45","date_gmt":"2023-07-31T09:14:45","guid":{"rendered":"https:\/\/www.outsiderland.com\/psychanalyse63\/?page_id=82"},"modified":"2023-07-31T09:14:45","modified_gmt":"2023-07-31T09:14:45","slug":"webographie","status":"publish","type":"page","link":"https:\/\/www.outsiderland.com\/psychanalyse\/webographie\/","title":{"rendered":"Webographie"},"content":{"rendered":"<div id=\"content\">\n<p>sites destin\u00e9s au grand public pour d\u00e9couvrir la psychanalyse<\/p>\n<ul>\n<li><a href=\"http:\/\/www.psychanalyse-en-mouvement.net\/articles.php?lng=fr&#038;pg=374\" target=\"_blank\" rel=\"noopener\">psychanalyse en mouvement<\/a><\/li>\n<li><a href=\"http:\/\/www.squiggle.be\/\" target=\"_blank\" rel=\"noopener\">squiggle<\/a><\/li>\n<\/ul>\n<p>ressources textuelles en ligne<\/p>\n<ul>\n<li><a href=\"http:\/\/classiques.uqac.ca\/classiques\/freud_sigmund\/freud.html\" target=\"_blank\" rel=\"noopener\">Freud sur le site des Classiques des Sciences Sociales<\/a><\/li>\n<li><a href=\"http:\/\/www.megapsy.com\/french\/bibliotheque_psy.htm\" target=\"_blank\" rel=\"noopener\">des centaines de textes sur Megapsy<\/a><\/li>\n<li><a href=\"http:\/\/gaogoa.free.fr\/SeminaireS.htm\" target=\"_blank\" rel=\"noopener\">Le s\u00e9minaire de Lacan en version &#8220;brute&#8221; (notes + audio) sur gaogoa<\/a><\/li>\n<li><a href=\"http:\/\/www.psy-log.com\/psychoanalysis\/psychoanalysis.asp\" target=\"_blank\" rel=\"noopener\">web log, moteur de recherche international en psychanalyse<\/a><\/li>\n<li><a href=\"http:\/\/www.freud-lacan.com\/\" target=\"_blank\" rel=\"noopener\">le site de l&#8217;association lacanienne internationale<\/a><\/li>\n<li><a href=\"http:\/\/www.carnetpsy.com\/\" target=\"_blank\" rel=\"noopener\">le carnet Psy<\/a><\/li>\n<li><a href=\"http:\/\/www.psychanalyse-in-situ.com\/\" target=\"_blank\" rel=\"noopener\">psychanalyse in situ<\/a><\/li>\n<li><a href=\"http:\/\/www.alpha-psychanalyse.org\/psychanalyse\/\" target=\"_blank\" rel=\"noopener\">(a)lpha, association aujourd&#8217;hui dissoute qui propose de nombreuses r\u00e9flexions sur la psychanalyse dite &#8220;la\u00efque&#8221;<\/a><\/li>\n<li><a href=\"http:\/\/quatrieme-groupe.org\/publications\/interlignes-recents\/ecritsenligne?type=Contributions+in%C3%A9dites\" target=\"_blank\" rel=\"noopener\">le quatri\u00e8me groupe (quelques textes disponibles en ligne)<\/a><\/li>\n<li><a href=\"http:\/\/mapageweb.umontreal.ca\/scarfond\/TRANSVIRTUEL.html\" target=\"_blank\" rel=\"noopener\">les archives de la revue qu\u00e9becoise trans<\/a><\/li>\n<li><a href=\"http:\/\/www.psychoanalysis.org.uk\/mediaroom.htm\" target=\"_blank\" rel=\"noopener\">l&#8217;indispensable &#8220;media room&#8221; de la British Psychoanalytical society<\/a><\/li>\n<li><a href=\"http:\/\/www.p-e-p.org\/\" target=\"_blank\" rel=\"noopener\">le site de Psychoanalytic Electronic Publishing, archive cons\u00e9quente en anglais principalement<\/a><\/li>\n<li><a href=\"http:\/\/www.melanie-klein-trust.org.uk\/\" target=\"_blank\" rel=\"noopener\">The Melanie Klein Trust<\/a><\/li>\n<li><a href=\"http:\/\/www.psychoanalysis-and-therapy.com\/\" target=\"_blank\" rel=\"noopener\">Psychoanalysis and Psychotherapy<\/a><\/li>\n<\/ul>\n<p>revues de psychanalyse et maisons d&#8217;\u00e9ditions<\/p>\n<ul>\n<li><a href=\"http:\/\/www.penser-rever.com\/\" target=\"_blank\" rel=\"noopener\">penser\/r\u00eaver<\/a><\/li>\n<li><a href=\"http:\/\/gallica2.bnf.fr\/ark:\/12148\/cb34349182w\/date.r=.langFR\" target=\"_blank\" name=\"la m\u00eame revue \u00e0 la BNF (Gallica)\" rel=\"noopener\">la revue fran\u00e7aise de psychanalyse \u00e0 la BNF (Gallica)<\/a><\/li>\n<li><a href=\"http:\/\/www.cairn.info\/revue-le-coq-heron.htm\" target=\"_blank\" rel=\"noopener\">la revue : Le Coq H\u00e9ron<\/a><\/li>\n<li><a href=\"http:\/\/dogma.free.fr\/\" target=\"_blank\" rel=\"noopener\">dogma (de la psychanalyse un peu, les sciences humaines en g\u00e9n\u00e9ral)<\/a><\/li>\n<li><a href=\"http:\/\/www.cairn.info\/disc-psychologie.htm\" target=\"_blank\" rel=\"noopener\">les revues de psychanalyse (entre autres) au CAIRN<\/a><\/li>\n<li><a href=\"http:\/\/www.inpress.fr\/f\/index.php\" target=\"_blank\" rel=\"noopener\">les \u00e9ditions In Press (qui publient notamment Bion)<\/a><\/li>\n<li><a href=\"http:\/\/www.ithaque-editions.fr\" target=\"_blank\" rel=\"noopener\">les \u00e9ditions Ithaque (qui publient notamment les s\u00e9minaires de Bion)<\/a><\/li>\n<li><a href=\"http:\/\/www.editionsduhublot.com\/\" target=\"_blank\" rel=\"noopener\">les \u00e9ditions du Hublot<\/a><\/li>\n<li><a href=\"http:\/\/www.editions-eres.com\" target=\"_blank\" rel=\"noopener\">les \u00e9ditions ERES<\/a><\/li>\n<li><a href=\"http:\/\/www.puf.com\/wiki\/Liste\/Ouvrages_par_collection?dyncat=Oeuvres_compl%C3%A8tes_de_Freud\" target=\"_blank\" rel=\"noopener\">les oeuvres compl\u00e8tes de Freud traduites en fran\u00e7ais aux PUF<\/a><\/li>\n<li><a href=\"http:\/\/www.puf.com\/wiki\/Liste\/Ouvrages_par_collection?dyncat=Fil_rouge_(le)\" target=\"_blank\" rel=\"noopener\">la collection &#8220;le fil rouge&#8221; aux PUF<\/a><\/li>\n<li><a href=\"http:\/\/www.karnacbooks.com\/\" target=\"_blank\" rel=\"noopener\">Karnak \u00e9ditions (en anglais)<\/a><\/li>\n<li><a href=\"http:\/\/mapageweb.umontreal.ca\/scarfond\/CyberTRANS.html\" target=\"_blank\" rel=\"noopener\">Trans, revue de Montr\u00e9al (1992-99) dont les archives pr\u00e9cieuses sont disponibles online<\/a><\/li>\n<\/ul>\n<p>autres sites relatifs \u00e0 la psychanalyse<\/p>\n<ul>\n<li><a href=\"http:\/\/pierrehenri.castel.free.fr\/\" target=\"_blank\" rel=\"noopener\">le site de Pierre Henri Castel<\/a><\/li>\n<li><a href=\"http:\/\/www.barbery.net\/\" target=\"_blank\" rel=\"noopener\">le site de Stephane Barbery (avec entre autres des textes sur Ferenczi)<\/a><\/li>\n<li><a href=\"http:\/\/www.spf.asso.fr\/\" target=\"_blank\" rel=\"noopener\">le site de la Soci\u00e9t\u00e9 de Psychanalyse Freudienne<\/a><\/li>\n<li><a href=\"http:\/\/www.oedipe.org\" target=\"_blank\" rel=\"noopener\">oedipe.org<\/a><\/li>\n<\/ul>\n<p>quelques sites pour les sciences humaines<\/p>\n<ul>\n<li><a href=\"http:\/\/www.persee.fr\/\" target=\"_blank\" rel=\"noopener\">pers\u00e9e<\/a><\/li>\n<li><a href=\"http:\/\/www.cairn.info\/\" target=\"_blank\" rel=\"noopener\">cairn<\/a><\/li>\n<li><a href=\"http:\/\/www.revues.org\/\" target=\"_blank\" rel=\"noopener\">revues.org<\/a><\/li>\n<li><a href=\"http:\/\/www.in-extenso.org\/\" target=\"_blank\" rel=\"noopener\">in extenso<\/a><\/li>\n<li><a href=\"http:\/\/pao.chadwyck.co.uk\/setLanguage.do?language=fr&#038;page=\/marketing\/index.jsp\" target=\"_blank\" rel=\"noopener\">archive online<\/a><\/li>\n<li><a href=\"http:\/\/www.springer.com\/\" target=\"_blank\" rel=\"noopener\">springer<\/a><\/li>\n<li><a href=\"http:\/\/www.jstor.org\/\" target=\"_blank\" rel=\"noopener\">jstor<\/a><\/li>\n<li><a href=\"http:\/\/www.erudit.org\/\" target=\"_blank\" rel=\"noopener\">erudit<\/a><\/li>\n<li><a href=\"http:\/\/gallica.bnf.fr\/\" target=\"_blank\" rel=\"noopener\">gallica<\/a><\/li>\n<li><a href=\"http:\/\/hal.archives-ouvertes.fr\/\" target=\"_blank\" rel=\"noopener\">hal<\/a><\/li>\n<li><a href=\"http:\/\/scholar.google.fr\/\" target=\"_blank\" rel=\"noopener\">google scholars<\/a><\/li>\n<li><a href=\"http:\/\/online.sagepub.com\/\" target=\"_blank\" rel=\"noopener\">sage journals online<\/a><\/li>\n<li><a href=\"http:\/\/eu.wiley.com\/WileyCDA\/Section\/index.html\" target=\"_blank\" rel=\"noopener\">wiley<\/a><\/li>\n<\/ul>\n<\/div>\n","protected":false},"excerpt":{"rendered":"<p>sites destin\u00e9s au grand public pour d\u00e9couvrir la psychanalyse psychanalyse en mouvement squiggle ressources textuelles en ligne Freud sur le site des Classiques des Sciences Sociales des centaines de textes sur Megapsy Le s\u00e9minaire de Lacan en version &#8220;brute&#8221; (notes + audio) sur gaogoa web log, moteur de recherche international en psychanalyse le site de&#8230;<\/p>\n","protected":false},"author":1,"featured_media":0,"parent":0,"menu_order":0,"comment_status":"closed","ping_status":"closed","template":"","meta":{"footnotes":""},"class_list":["post-82","page","type-page","status-publish","hentry"],"yoast_head":"<!-- This site is optimized with the Yoast SEO plugin v20.12 - https:\/\/yoast.com\/wordpress\/plugins\/seo\/ -->\n<title>Webographie - Vincent S\u00e9guret. Psychanalyste<\/title>\n<meta name=\"robots\" content=\"index, follow, max-snippet:-1, max-image-preview:large, max-video-preview:-1\" \/>\n<link rel=\"canonical\" href=\"https:\/\/www.outsiderland.com\/psychanalyse\/webographie\/\" \/>\n<meta property=\"og:locale\" content=\"fr_FR\" \/>\n<meta property=\"og:type\" content=\"article\" \/>\n<meta property=\"og:title\" content=\"Webographie - Vincent S\u00e9guret. Psychanalyste\" \/>\n<meta property=\"og:description\" content=\"sites destin\u00e9s au grand public pour d\u00e9couvrir la psychanalyse psychanalyse en mouvement squiggle ressources textuelles en ligne Freud sur le site des Classiques des Sciences Sociales des centaines de textes sur Megapsy Le s\u00e9minaire de Lacan en version &#8220;brute&#8221; (notes + audio) sur gaogoa web log, moteur de recherche international en psychanalyse le site de...\" \/>\n<meta property=\"og:url\" content=\"https:\/\/www.outsiderland.com\/psychanalyse\/webographie\/\" \/>\n<meta property=\"og:site_name\" content=\"Vincent S\u00e9guret. Psychanalyste\" \/>\n<meta name=\"twitter:card\" content=\"summary_large_image\" \/>\n<meta name=\"twitter:label1\" content=\"Dur\u00e9e de lecture estim\u00e9e\" \/>\n\t<meta name=\"twitter:data1\" content=\"1 minute\" \/>\n<script type=\"application\/ld+json\" class=\"yoast-schema-graph\">{\"@context\":\"https:\/\/schema.org\",\"@graph\":[{\"@type\":\"WebPage\",\"@id\":\"https:\/\/www.outsiderland.com\/psychanalyse\/webographie\/\",\"url\":\"https:\/\/www.outsiderland.com\/psychanalyse\/webographie\/\",\"name\":\"Webographie - Vincent S\u00e9guret. Psychanalyste\",\"isPartOf\":{\"@id\":\"https:\/\/www.outsiderland.com\/psychanalyse\/#website\"},\"datePublished\":\"2023-07-31T09:14:45+00:00\",\"dateModified\":\"2023-07-31T09:14:45+00:00\",\"breadcrumb\":{\"@id\":\"https:\/\/www.outsiderland.com\/psychanalyse\/webographie\/#breadcrumb\"},\"inLanguage\":\"fr-FR\",\"potentialAction\":[{\"@type\":\"ReadAction\",\"target\":[\"https:\/\/www.outsiderland.com\/psychanalyse\/webographie\/\"]}]},{\"@type\":\"BreadcrumbList\",\"@id\":\"https:\/\/www.outsiderland.com\/psychanalyse\/webographie\/#breadcrumb\",\"itemListElement\":[{\"@type\":\"ListItem\",\"position\":1,\"name\":\"Accueil\",\"item\":\"https:\/\/www.outsiderland.com\/psychanalyse\/\"},{\"@type\":\"ListItem\",\"position\":2,\"name\":\"Webographie\"}]},{\"@type\":\"WebSite\",\"@id\":\"https:\/\/www.outsiderland.com\/psychanalyse\/#website\",\"url\":\"https:\/\/www.outsiderland.com\/psychanalyse\/\",\"name\":\"Vincent S\u00e9guret. Psychanalyste\",\"description\":\"4, place des martyrs, 63300 Thiers - 06 51 07 13 04\",\"publisher\":{\"@id\":\"https:\/\/www.outsiderland.com\/psychanalyse\/#\/schema\/person\/65a93fcbb9a1cf64a7cb303a4340e786\"},\"potentialAction\":[{\"@type\":\"SearchAction\",\"target\":{\"@type\":\"EntryPoint\",\"urlTemplate\":\"https:\/\/www.outsiderland.com\/psychanalyse\/?s={search_term_string}\"},\"query-input\":\"required name=search_term_string\"}],\"inLanguage\":\"fr-FR\"},{\"@type\":[\"Person\",\"Organization\"],\"@id\":\"https:\/\/www.outsiderland.com\/psychanalyse\/#\/schema\/person\/65a93fcbb9a1cf64a7cb303a4340e786\",\"name\":\"vincent.seguret\",\"image\":{\"@type\":\"ImageObject\",\"inLanguage\":\"fr-FR\",\"@id\":\"https:\/\/www.outsiderland.com\/psychanalyse\/#\/schema\/person\/image\/\",\"url\":\"https:\/\/secure.gravatar.com\/avatar\/2815e37918ad9ae4ffc1b078f52966d977f6e0a31e20b009bd2d767b84b78ad4?s=96&d=mm&r=g\",\"contentUrl\":\"https:\/\/secure.gravatar.com\/avatar\/2815e37918ad9ae4ffc1b078f52966d977f6e0a31e20b009bd2d767b84b78ad4?s=96&d=mm&r=g\",\"caption\":\"vincent.seguret\"},\"logo\":{\"@id\":\"https:\/\/www.outsiderland.com\/psychanalyse\/#\/schema\/person\/image\/\"},\"sameAs\":[\"https:\/\/www.outsiderland.com\/psychanalyse63\"]}]}<\/script>\n<!-- \/ Yoast SEO plugin. -->","yoast_head_json":{"title":"Webographie - Vincent S\u00e9guret. Psychanalyste","robots":{"index":"index","follow":"follow","max-snippet":"max-snippet:-1","max-image-preview":"max-image-preview:large","max-video-preview":"max-video-preview:-1"},"canonical":"https:\/\/www.outsiderland.com\/psychanalyse\/webographie\/","og_locale":"fr_FR","og_type":"article","og_title":"Webographie - Vincent S\u00e9guret. Psychanalyste","og_description":"sites destin\u00e9s au grand public pour d\u00e9couvrir la psychanalyse psychanalyse en mouvement squiggle ressources textuelles en ligne Freud sur le site des Classiques des Sciences Sociales des centaines de textes sur Megapsy Le s\u00e9minaire de Lacan en version &#8220;brute&#8221; (notes + audio) sur gaogoa web log, moteur de recherche international en psychanalyse le site de...","og_url":"https:\/\/www.outsiderland.com\/psychanalyse\/webographie\/","og_site_name":"Vincent S\u00e9guret. Psychanalyste","twitter_card":"summary_large_image","twitter_misc":{"Dur\u00e9e de lecture estim\u00e9e":"1 minute"},"schema":{"@context":"https:\/\/schema.org","@graph":[{"@type":"WebPage","@id":"https:\/\/www.outsiderland.com\/psychanalyse\/webographie\/","url":"https:\/\/www.outsiderland.com\/psychanalyse\/webographie\/","name":"Webographie - Vincent S\u00e9guret. Psychanalyste","isPartOf":{"@id":"https:\/\/www.outsiderland.com\/psychanalyse\/#website"},"datePublished":"2023-07-31T09:14:45+00:00","dateModified":"2023-07-31T09:14:45+00:00","breadcrumb":{"@id":"https:\/\/www.outsiderland.com\/psychanalyse\/webographie\/#breadcrumb"},"inLanguage":"fr-FR","potentialAction":[{"@type":"ReadAction","target":["https:\/\/www.outsiderland.com\/psychanalyse\/webographie\/"]}]},{"@type":"BreadcrumbList","@id":"https:\/\/www.outsiderland.com\/psychanalyse\/webographie\/#breadcrumb","itemListElement":[{"@type":"ListItem","position":1,"name":"Accueil","item":"https:\/\/www.outsiderland.com\/psychanalyse\/"},{"@type":"ListItem","position":2,"name":"Webographie"}]},{"@type":"WebSite","@id":"https:\/\/www.outsiderland.com\/psychanalyse\/#website","url":"https:\/\/www.outsiderland.com\/psychanalyse\/","name":"Vincent S\u00e9guret. Psychanalyste","description":"4, place des martyrs, 63300 Thiers - 06 51 07 13 04","publisher":{"@id":"https:\/\/www.outsiderland.com\/psychanalyse\/#\/schema\/person\/65a93fcbb9a1cf64a7cb303a4340e786"},"potentialAction":[{"@type":"SearchAction","target":{"@type":"EntryPoint","urlTemplate":"https:\/\/www.outsiderland.com\/psychanalyse\/?s={search_term_string}"},"query-input":"required name=search_term_string"}],"inLanguage":"fr-FR"},{"@type":["Person","Organization"],"@id":"https:\/\/www.outsiderland.com\/psychanalyse\/#\/schema\/person\/65a93fcbb9a1cf64a7cb303a4340e786","name":"vincent.seguret","image":{"@type":"ImageObject","inLanguage":"fr-FR","@id":"https:\/\/www.outsiderland.com\/psychanalyse\/#\/schema\/person\/image\/","url":"https:\/\/secure.gravatar.com\/avatar\/2815e37918ad9ae4ffc1b078f52966d977f6e0a31e20b009bd2d767b84b78ad4?s=96&d=mm&r=g","contentUrl":"https:\/\/secure.gravatar.com\/avatar\/2815e37918ad9ae4ffc1b078f52966d977f6e0a31e20b009bd2d767b84b78ad4?s=96&d=mm&r=g","caption":"vincent.seguret"},"logo":{"@id":"https:\/\/www.outsiderland.com\/psychanalyse\/#\/schema\/person\/image\/"},"sameAs":["https:\/\/www.outsiderland.com\/psychanalyse63"]}]}},"_links":{"self":[{"href":"https:\/\/www.outsiderland.com\/psychanalyse\/wp-json\/wp\/v2\/pages\/82","targetHints":{"allow":["GET"]}}],"collection":[{"href":"https:\/\/www.outsiderland.com\/psychanalyse\/wp-json\/wp\/v2\/pages"}],"about":[{"href":"https:\/\/www.outsiderland.com\/psychanalyse\/wp-json\/wp\/v2\/types\/page"}],"author":[{"embeddable":true,"href":"https:\/\/www.outsiderland.com\/psychanalyse\/wp-json\/wp\/v2\/users\/1"}],"replies":[{"embeddable":true,"href":"https:\/\/www.outsiderland.com\/psychanalyse\/wp-json\/wp\/v2\/comments?post=82"}],"version-history":[{"count":1,"href":"https:\/\/www.outsiderland.com\/psychanalyse\/wp-json\/wp\/v2\/pages\/82\/revisions"}],"predecessor-version":[{"id":83,"href":"https:\/\/www.outsiderland.com\/psychanalyse\/wp-json\/wp\/v2\/pages\/82\/revisions\/83"}],"wp:attachment":[{"href":"https:\/\/www.outsiderland.com\/psychanalyse\/wp-json\/wp\/v2\/media?parent=82"}],"curies":[{"name":"wp","href":"https:\/\/api.w.org\/{rel}","templated":true}]}}