{"id":50,"date":"2023-07-30T21:41:28","date_gmt":"2023-07-30T21:41:28","guid":{"rendered":"https:\/\/www.outsiderland.com\/psychanalyse63\/?page_id=50"},"modified":"2025-02-19T22:02:14","modified_gmt":"2025-02-19T22:02:14","slug":"mon-parcours","status":"publish","type":"page","link":"https:\/\/www.outsiderland.com\/psychanalyse\/mon-parcours\/","title":{"rendered":"Mon Parcours"},"content":{"rendered":"<p><font face=\"Bookman Old Style, Book Antiqua, Garamond\"<\/font><br \/>\nApr\u00e8s un doctorat de philosophie (histoire de l&#8217;antiquit\u00e9 tardive) men\u00e9 parall\u00e8lement \u00e0 une activit\u00e9 de formation aupr\u00e8s des personnes en situation d&#8217;illettrisme, j&#8217;enseigne la philosophie, l&#8217;histoire et les lettres antiques et modernes dans diff\u00e9rents lyc\u00e9es, puis la sociologie de l&#8217;environnement en BTS.<\/p>\n<p>J&#8217;entame une analyse qui durera six ann\u00e9es (\u00e0 Poitiers, Issoire et Paris), tout en suivant des s\u00e9minaires de psychanalyse et de sociologie \u00e0 Paris. Je fr\u00e9quente avec assiduit\u00e9 l&#8217;excellente biblioth\u00e8que &#8220;Lequipe-ASBL&#8221; (psychiatrie sociale), \u00e0 Anderlecht qui propose un fonds d&#8217;ouvrages remarquable pour les futurs analystes.<\/p>\n<p>En 2006, peu apr\u00e8s mon installation dans le Cantal, j&#8217;ouvre mon premier cabinet de psychanalyse \u00e0 Saint-Flour, puis \u00e0 Valu\u00e9jols o\u00f9 j&#8217;habite jusqu&#8217;en 2019. \u00c0 partir de 2009, je commence \u00e0 accueillir en supervision quelques analystes d\u00e9butants, mais aussi des \u00e9tudiant\u2027e\u2027s en psychologie ou de jeunes praticien\u2027ne\u2027s.<br \/>\nJe donne des cours en psychologie du d\u00e9veloppement dans un institut de formation pour Aides M\u00e9dico-psychologiques et anime quelques s\u00e9ances d&#8217;analyse de pratiques pour des soignants en g\u00e9rontologie.<br \/>\nJe publie un certain nombre d&#8217;articles autour de <a href=\"https:\/\/outsiderland.com\/exercices_psychanalytiques\/\" rel=\"noopener\" target=\"_blank\">la &#8220;narration&#8221; en psychanalyse et l\u2019\u0153uvre de W.R. Bion<\/a>.<\/p>\n<p>Tout en menant une activit\u00e9 d&#8217;\u00e9crivain, je d\u00e9m\u00e9nage dans le Puy-de-D\u00f4me. J&#8217;accueille les patient\u2027es \u00e0 Mauzun, non loin de Billom, puis, en f\u00e9vrier 2025, \u00e0 Thiers, au 4 place des Martyrs.<\/p>\n<p>&nbsp;<\/p>\n<p>&nbsp;<\/p>\n<p><img loading=\"lazy\" decoding=\"async\" class=\"alignnone size-full wp-image-55\" src=\"https:\/\/www.outsiderland.com\/psychanalyse63\/wp-content\/uploads\/2023\/07\/47277423321_023e80d79d_k.jpg\" alt=\"\" width=\"2048\" height=\"1536\" srcset=\"https:\/\/www.outsiderland.com\/psychanalyse\/wp-content\/uploads\/2023\/07\/47277423321_023e80d79d_k.jpg 2048w, https:\/\/www.outsiderland.com\/psychanalyse\/wp-content\/uploads\/2023\/07\/47277423321_023e80d79d_k-300x225.jpg 300w, https:\/\/www.outsiderland.com\/psychanalyse\/wp-content\/uploads\/2023\/07\/47277423321_023e80d79d_k-1024x768.jpg 1024w, https:\/\/www.outsiderland.com\/psychanalyse\/wp-content\/uploads\/2023\/07\/47277423321_023e80d79d_k-768x576.jpg 768w, https:\/\/www.outsiderland.com\/psychanalyse\/wp-content\/uploads\/2023\/07\/47277423321_023e80d79d_k-1536x1152.jpg 1536w, https:\/\/www.outsiderland.com\/psychanalyse\/wp-content\/uploads\/2023\/07\/47277423321_023e80d79d_k-850x638.jpg 850w\" sizes=\"auto, (max-width: 2048px) 100vw, 2048px\" \/><\/p>\n<p><img loading=\"lazy\" decoding=\"async\" class=\"alignnone size-full wp-image-53\" src=\"https:\/\/www.outsiderland.com\/psychanalyse63\/wp-content\/uploads\/2023\/07\/49044034831_6a393aea3f_k.jpg\" alt=\"\" width=\"2048\" height=\"1536\" srcset=\"https:\/\/www.outsiderland.com\/psychanalyse\/wp-content\/uploads\/2023\/07\/49044034831_6a393aea3f_k.jpg 2048w, https:\/\/www.outsiderland.com\/psychanalyse\/wp-content\/uploads\/2023\/07\/49044034831_6a393aea3f_k-300x225.jpg 300w, https:\/\/www.outsiderland.com\/psychanalyse\/wp-content\/uploads\/2023\/07\/49044034831_6a393aea3f_k-1024x768.jpg 1024w, https:\/\/www.outsiderland.com\/psychanalyse\/wp-content\/uploads\/2023\/07\/49044034831_6a393aea3f_k-768x576.jpg 768w, https:\/\/www.outsiderland.com\/psychanalyse\/wp-content\/uploads\/2023\/07\/49044034831_6a393aea3f_k-1536x1152.jpg 1536w, https:\/\/www.outsiderland.com\/psychanalyse\/wp-content\/uploads\/2023\/07\/49044034831_6a393aea3f_k-850x638.jpg 850w\" sizes=\"auto, (max-width: 2048px) 100vw, 2048px\" \/><\/p>\n","protected":false},"excerpt":{"rendered":"","protected":false},"author":1,"featured_media":0,"parent":0,"menu_order":0,"comment_status":"closed","ping_status":"closed","template":"","meta":{"footnotes":""},"class_list":["post-50","page","type-page","status-publish","hentry"],"yoast_head":"<!-- This site is optimized with the Yoast SEO plugin v20.12 - https:\/\/yoast.com\/wordpress\/plugins\/seo\/ -->\n<title>Mon Parcours - Vincent S\u00e9guret. Psychanalyste<\/title>\n<meta name=\"robots\" content=\"index, follow, max-snippet:-1, max-image-preview:large, max-video-preview:-1\" \/>\n<link rel=\"canonical\" href=\"https:\/\/www.outsiderland.com\/psychanalyse\/mon-parcours\/\" \/>\n<meta property=\"og:locale\" content=\"fr_FR\" \/>\n<meta property=\"og:type\" content=\"article\" \/>\n<meta property=\"og:title\" content=\"Mon Parcours - Vincent S\u00e9guret. Psychanalyste\" \/>\n<meta property=\"og:url\" content=\"https:\/\/www.outsiderland.com\/psychanalyse\/mon-parcours\/\" \/>\n<meta property=\"og:site_name\" content=\"Vincent S\u00e9guret. Psychanalyste\" \/>\n<meta property=\"article:modified_time\" content=\"2025-02-19T22:02:14+00:00\" \/>\n<meta property=\"og:image\" content=\"https:\/\/www.outsiderland.com\/psychanalyse63\/wp-content\/uploads\/2023\/07\/47277423321_023e80d79d_k.jpg\" \/>\n<meta name=\"twitter:card\" content=\"summary_large_image\" \/>\n<meta name=\"twitter:label1\" content=\"Dur\u00e9e de lecture estim\u00e9e\" \/>\n\t<meta name=\"twitter:data1\" content=\"2 minutes\" \/>\n<script type=\"application\/ld+json\" class=\"yoast-schema-graph\">{\"@context\":\"https:\/\/schema.org\",\"@graph\":[{\"@type\":\"WebPage\",\"@id\":\"https:\/\/www.outsiderland.com\/psychanalyse\/mon-parcours\/\",\"url\":\"https:\/\/www.outsiderland.com\/psychanalyse\/mon-parcours\/\",\"name\":\"Mon Parcours - Vincent S\u00e9guret. Psychanalyste\",\"isPartOf\":{\"@id\":\"https:\/\/www.outsiderland.com\/psychanalyse\/#website\"},\"datePublished\":\"2023-07-30T21:41:28+00:00\",\"dateModified\":\"2025-02-19T22:02:14+00:00\",\"breadcrumb\":{\"@id\":\"https:\/\/www.outsiderland.com\/psychanalyse\/mon-parcours\/#breadcrumb\"},\"inLanguage\":\"fr-FR\",\"potentialAction\":[{\"@type\":\"ReadAction\",\"target\":[\"https:\/\/www.outsiderland.com\/psychanalyse\/mon-parcours\/\"]}]},{\"@type\":\"BreadcrumbList\",\"@id\":\"https:\/\/www.outsiderland.com\/psychanalyse\/mon-parcours\/#breadcrumb\",\"itemListElement\":[{\"@type\":\"ListItem\",\"position\":1,\"name\":\"Accueil\",\"item\":\"https:\/\/www.outsiderland.com\/psychanalyse\/\"},{\"@type\":\"ListItem\",\"position\":2,\"name\":\"Mon Parcours\"}]},{\"@type\":\"WebSite\",\"@id\":\"https:\/\/www.outsiderland.com\/psychanalyse\/#website\",\"url\":\"https:\/\/www.outsiderland.com\/psychanalyse\/\",\"name\":\"Vincent S\u00e9guret. Psychanalyste\",\"description\":\"4, place des martyrs, 63300 Thiers - 06 51 07 13 04\",\"publisher\":{\"@id\":\"https:\/\/www.outsiderland.com\/psychanalyse\/#\/schema\/person\/65a93fcbb9a1cf64a7cb303a4340e786\"},\"potentialAction\":[{\"@type\":\"SearchAction\",\"target\":{\"@type\":\"EntryPoint\",\"urlTemplate\":\"https:\/\/www.outsiderland.com\/psychanalyse\/?s={search_term_string}\"},\"query-input\":\"required name=search_term_string\"}],\"inLanguage\":\"fr-FR\"},{\"@type\":[\"Person\",\"Organization\"],\"@id\":\"https:\/\/www.outsiderland.com\/psychanalyse\/#\/schema\/person\/65a93fcbb9a1cf64a7cb303a4340e786\",\"name\":\"vincent.seguret\",\"image\":{\"@type\":\"ImageObject\",\"inLanguage\":\"fr-FR\",\"@id\":\"https:\/\/www.outsiderland.com\/psychanalyse\/#\/schema\/person\/image\/\",\"url\":\"https:\/\/secure.gravatar.com\/avatar\/2815e37918ad9ae4ffc1b078f52966d977f6e0a31e20b009bd2d767b84b78ad4?s=96&d=mm&r=g\",\"contentUrl\":\"https:\/\/secure.gravatar.com\/avatar\/2815e37918ad9ae4ffc1b078f52966d977f6e0a31e20b009bd2d767b84b78ad4?s=96&d=mm&r=g\",\"caption\":\"vincent.seguret\"},\"logo\":{\"@id\":\"https:\/\/www.outsiderland.com\/psychanalyse\/#\/schema\/person\/image\/\"},\"sameAs\":[\"https:\/\/www.outsiderland.com\/psychanalyse63\"]}]}<\/script>\n<!-- \/ Yoast SEO plugin. -->","yoast_head_json":{"title":"Mon Parcours - Vincent S\u00e9guret. Psychanalyste","robots":{"index":"index","follow":"follow","max-snippet":"max-snippet:-1","max-image-preview":"max-image-preview:large","max-video-preview":"max-video-preview:-1"},"canonical":"https:\/\/www.outsiderland.com\/psychanalyse\/mon-parcours\/","og_locale":"fr_FR","og_type":"article","og_title":"Mon Parcours - Vincent S\u00e9guret. Psychanalyste","og_url":"https:\/\/www.outsiderland.com\/psychanalyse\/mon-parcours\/","og_site_name":"Vincent S\u00e9guret. Psychanalyste","article_modified_time":"2025-02-19T22:02:14+00:00","og_image":[{"url":"https:\/\/www.outsiderland.com\/psychanalyse63\/wp-content\/uploads\/2023\/07\/47277423321_023e80d79d_k.jpg"}],"twitter_card":"summary_large_image","twitter_misc":{"Dur\u00e9e de lecture estim\u00e9e":"2 minutes"},"schema":{"@context":"https:\/\/schema.org","@graph":[{"@type":"WebPage","@id":"https:\/\/www.outsiderland.com\/psychanalyse\/mon-parcours\/","url":"https:\/\/www.outsiderland.com\/psychanalyse\/mon-parcours\/","name":"Mon Parcours - Vincent S\u00e9guret. Psychanalyste","isPartOf":{"@id":"https:\/\/www.outsiderland.com\/psychanalyse\/#website"},"datePublished":"2023-07-30T21:41:28+00:00","dateModified":"2025-02-19T22:02:14+00:00","breadcrumb":{"@id":"https:\/\/www.outsiderland.com\/psychanalyse\/mon-parcours\/#breadcrumb"},"inLanguage":"fr-FR","potentialAction":[{"@type":"ReadAction","target":["https:\/\/www.outsiderland.com\/psychanalyse\/mon-parcours\/"]}]},{"@type":"BreadcrumbList","@id":"https:\/\/www.outsiderland.com\/psychanalyse\/mon-parcours\/#breadcrumb","itemListElement":[{"@type":"ListItem","position":1,"name":"Accueil","item":"https:\/\/www.outsiderland.com\/psychanalyse\/"},{"@type":"ListItem","position":2,"name":"Mon Parcours"}]},{"@type":"WebSite","@id":"https:\/\/www.outsiderland.com\/psychanalyse\/#website","url":"https:\/\/www.outsiderland.com\/psychanalyse\/","name":"Vincent S\u00e9guret. Psychanalyste","description":"4, place des martyrs, 63300 Thiers - 06 51 07 13 04","publisher":{"@id":"https:\/\/www.outsiderland.com\/psychanalyse\/#\/schema\/person\/65a93fcbb9a1cf64a7cb303a4340e786"},"potentialAction":[{"@type":"SearchAction","target":{"@type":"EntryPoint","urlTemplate":"https:\/\/www.outsiderland.com\/psychanalyse\/?s={search_term_string}"},"query-input":"required name=search_term_string"}],"inLanguage":"fr-FR"},{"@type":["Person","Organization"],"@id":"https:\/\/www.outsiderland.com\/psychanalyse\/#\/schema\/person\/65a93fcbb9a1cf64a7cb303a4340e786","name":"vincent.seguret","image":{"@type":"ImageObject","inLanguage":"fr-FR","@id":"https:\/\/www.outsiderland.com\/psychanalyse\/#\/schema\/person\/image\/","url":"https:\/\/secure.gravatar.com\/avatar\/2815e37918ad9ae4ffc1b078f52966d977f6e0a31e20b009bd2d767b84b78ad4?s=96&d=mm&r=g","contentUrl":"https:\/\/secure.gravatar.com\/avatar\/2815e37918ad9ae4ffc1b078f52966d977f6e0a31e20b009bd2d767b84b78ad4?s=96&d=mm&r=g","caption":"vincent.seguret"},"logo":{"@id":"https:\/\/www.outsiderland.com\/psychanalyse\/#\/schema\/person\/image\/"},"sameAs":["https:\/\/www.outsiderland.com\/psychanalyse63"]}]}},"_links":{"self":[{"href":"https:\/\/www.outsiderland.com\/psychanalyse\/wp-json\/wp\/v2\/pages\/50","targetHints":{"allow":["GET"]}}],"collection":[{"href":"https:\/\/www.outsiderland.com\/psychanalyse\/wp-json\/wp\/v2\/pages"}],"about":[{"href":"https:\/\/www.outsiderland.com\/psychanalyse\/wp-json\/wp\/v2\/types\/page"}],"author":[{"embeddable":true,"href":"https:\/\/www.outsiderland.com\/psychanalyse\/wp-json\/wp\/v2\/users\/1"}],"replies":[{"embeddable":true,"href":"https:\/\/www.outsiderland.com\/psychanalyse\/wp-json\/wp\/v2\/comments?post=50"}],"version-history":[{"count":11,"href":"https:\/\/www.outsiderland.com\/psychanalyse\/wp-json\/wp\/v2\/pages\/50\/revisions"}],"predecessor-version":[{"id":136,"href":"https:\/\/www.outsiderland.com\/psychanalyse\/wp-json\/wp\/v2\/pages\/50\/revisions\/136"}],"wp:attachment":[{"href":"https:\/\/www.outsiderland.com\/psychanalyse\/wp-json\/wp\/v2\/media?parent=50"}],"curies":[{"name":"wp","href":"https:\/\/api.w.org\/{rel}","templated":true}]}}