{"id":798,"date":"2021-10-01T20:34:04","date_gmt":"2021-10-01T19:34:04","guid":{"rendered":"https:\/\/outsiderland.com\/orpailleur\/?page_id=798"},"modified":"2021-10-01T20:34:04","modified_gmt":"2021-10-01T19:34:04","slug":"le-coutelier-de-quietbay","status":"publish","type":"page","link":"https:\/\/www.outsiderland.com\/orpailleur2\/catalogue\/le-coutelier-de-quietbay\/","title":{"rendered":"Le coutelier de Quietbay"},"content":{"rendered":"<p><a href=\"https:\/\/www.outsiderland.com\/orpailleur2\/wp-content\/uploads\/2015\/09\/couverture-recto-150dpi-avec-cadre-1.jpg\" rel=\"attachment wp-att-793\"><img loading=\"lazy\" decoding=\"async\" class=\"alignleft size-medium wp-image-793\" src=\"https:\/\/www.outsiderland.com\/orpailleur2\/wp-content\/uploads\/2015\/09\/couverture-recto-150dpi-avec-cadre-1-213x300.jpg\" alt=\"couverture recto 150dpi avec cadre\" width=\"213\" height=\"300\" srcset=\"https:\/\/www.outsiderland.com\/orpailleur2\/wp-content\/uploads\/2015\/09\/couverture-recto-150dpi-avec-cadre-1-213x300.jpg 213w, https:\/\/www.outsiderland.com\/orpailleur2\/wp-content\/uploads\/2015\/09\/couverture-recto-150dpi-avec-cadre-1-727x1024.jpg 727w, https:\/\/www.outsiderland.com\/orpailleur2\/wp-content\/uploads\/2015\/09\/couverture-recto-150dpi-avec-cadre-1-768x1081.jpg 768w, https:\/\/www.outsiderland.com\/orpailleur2\/wp-content\/uploads\/2015\/09\/couverture-recto-150dpi-avec-cadre-1.jpg 797w\" sizes=\"auto, (max-width: 213px) 100vw, 213px\" \/><\/a><strong>4\u00e8me de couverture :<\/strong><\/p>\n<p style=\"text-align: justify; padding-left: 90px;\"><em>Steve Arnaudie, fermier, soldat, puis forgeron, traverse successivement des mondes auxquels il ne s\u2019identifie pas : sa ferme natale dans une rude province d\u2019Afrique du Sud, la guerre en Angola, l\u2019apartheid\u2026 <\/em><br \/>\n<em>Derri\u00e8re l\u2019image de la nation \u00abarc en ciel\u00bb une autre Afrique du Sud joue sa survie, celle des descendants de colons hollandais, de l\u2019\u00e9glise r\u00e9form\u00e9e, va-t-elle gagner son dernier combat ? <\/em><br \/>\n<em>Au-del\u00e0 du destin de son h\u00e9ros, Pascal Carr\u00e8re propose une r\u00e9flexion plus g\u00e9n\u00e9rale sur la vie, sur le sens de la vie. Avec son style personnel, il d\u00e9crit parfaitement la mentalit\u00e9 \u00e2pre des \u00abAfrikaners\u00bb et il parvient \u00e0 nous faire p\u00e9n\u00e9trer l\u2019\u00e2me de leur culture.<\/em><br \/>\n<em>Pascal Carr\u00e8re sait \u00e0 nouveau trouver les mots justes pour d\u00e9crire un monde\u00a0: celui de ces derniers descendants des colons n\u00e9erlandais d\u00e9barqu\u00e9s sur les c\u00f4tes sud-africaines il y a pr\u00e8s de 400 ans, et qui sont aujourd\u2019hui \u00e0 la fois profond\u00e9ment africains et \u00e9trangers \u00e0 l\u2019Afrique. Vont-ils survivre ou dispara\u00eetre ?<\/em><\/p>\n<p style=\"text-align: right;\">Michel L\u00e9v\u00eaque<\/p>\n<hr \/>\n<p style=\"text-align: left;\"><strong>Lisez les 3 premi\u00e8res pages<\/strong> du livre en cliquant <a href=\"https:\/\/ahp.li\/41d642296f5d41d29843.pdf\" target=\"_blank\">ici.<\/a><\/p>\n<hr \/>\n<p>Date de parution : <span style=\"color: #000000;\">septembre <\/span>2021<br \/>\nFormat : 13,5 x 19 cm<br \/>\nNombre de pages : 172<br \/>\nPrix : <span style=\"color: #008000;\"><strong>15\u20ac (<\/strong><\/span> frais de port offerts)<\/td>\n<div>\n<form action=\"https:\/\/www.paypal.com\/cgi-bin\/webscr\" method=\"post\" target=\" paypal \"><input name=\"cmd\" type=\"hidden\" value=\"_cart\" \/><input name=\"business\" type=\"hidden\" value=\"lorpailleur@orange.fr\" \/><input name=\"lc\" type=\"hidden\" value=\"FR\" \/><input name=\"item_name\" type=\"hidden\" value=\"Le coutelier de Quietbay\" \/><input name=\"amount\" type=\"hidden\" value=\"15.00\" \/><input name=\"currency_code\" type=\"hidden\" value=\"EUR\" \/><input name=\"button_subtype\" type=\"hidden\" value=\"products\" \/><input name=\"add\" type=\"hidden\" value=\"1\" \/><input name=\"bn\" type=\"hidden\" value=\"PP-ShopCartBF:btn_cart_LG.gif:NonHosted\" \/><input alt=\"PayPal - la solution de paiement en ligne la plus simple et la plus s\u00e9curis\u00e9e !\" name=\"submit\" src=\"https:\/\/www.paypalobjects.com\/fr_FR\/FR\/i\/btn\/btn_cart_LG.gif\" type=\"image\" \/><img loading=\"lazy\" decoding=\"async\" src=\"https:\/\/www.paypalobjects.com\/fr_FR\/i\/scr\/pixel.gif\" alt=\"\" width=\"1\" height=\"1\" border=\"0\" \/><\/form>\n<\/div>\n<\/td>\n<hr \/>\n<p><strong>Critiques<\/strong><\/p>\n<p><strong>L\u2019\u00e9mission Bande Originale de Livres<\/strong> du 24 janvier 2022, sur Radioactiv\u2019, \u00e9tait consacr\u00e9e au roman. Vous pouvez l\u2019\u00e9couter <a href=\"https:\/\/sd-5b.archive-host.com\/membres\/up\/cf7267cdfebbaca9a70d39be54bb00702eaeae52\/LORPAILLEUR\/emissions_radio\/Bande_Originale_de_Livres_2022_01_24_Le_coutelier_de_Quietbay.mp3\" target=\"_blank\"><strong>ici<\/strong><\/a>.<\/p>\n<p>**********<\/p>\n<p><strong>La critique du roman sur le site Litzic<\/strong> est \u00e0 lire <a href=\"https:\/\/litzic.fr\/chronique-livre\/pascal-carrere-le-coutelier-de-quietbay\/\" target=\"_blank\"><strong>ici<\/strong><\/a>.<\/p>\n<p>**********<\/p>\n<p><strong>La critique sur Instagram de <a href=\"https:\/\/www.instagram.com\/p\/CfmPAGaKV-5\/\" target=\"_blank\">livres_et_sac_a_dos<\/a><\/strong><\/p>\n<p style=\"text-align: justify;\"><span class=\"_aacl _aaco _aacu _aacx _aad7 _aade\">En refermant le roman de Pascal Carr\u00e8re, on se pose davantage de questions que l&rsquo;on n&rsquo;a de certitudes. D&rsquo;abord sur un pays, l&rsquo;Afrique du Sud, ce territoire aux mille couleurs et mille souffrances dont l&rsquo;Histoire nous abreuve d&rsquo;informations gla\u00e7antes.<\/span><\/p>\n<p>Sous le sceau de Pascal Carr\u00e8re, on \u00ab\u00a0p\u00e9n\u00e8tre\u00a0\u00bb dans l&rsquo;Histoire avec Steve, descendant des Afrikaners, acteur \u00e0 part enti\u00e8re des mutations profondes de son pays, on \u00ab\u00a0sent\u00a0\u00bb l&rsquo;Afrique du Sud, sa culture et on regarde Steve interagir avec les Noirs et les Blancs que ce soit dans les liens familiaux ou par le sang&#8230;<\/p>\n<p>Steve est tour \u00e0 tour acteur de sa vie, en travaillant dur pour forger les meilleurs couteaux de sa r\u00e9gion et ali\u00e9n\u00e9, pouss\u00e9 par un p\u00e8re dans une direction \u00e0 suivre, ancr\u00e9e dans un h\u00e9ritage bien \u00e9tabli, dans une guerre \u00e0 laquelle on ne peut d\u00e9roger, et c&rsquo;est l&rsquo;occasion pour Pascal Carr\u00e8re d&rsquo;aborder de nombreux sujets tous passionnants.<\/p>\n<p>\u00ab\u00a0Le coutelier de Quietbay\u00a0\u00bb est un roman complet, port\u00e9 par une plume moderne mais incroyablement po\u00e9tique et \u00e9mouvante !<\/p>\n<p>Notez ce passage :<br \/>\n<em>\u00ab\u00a0L&rsquo;apartheid est en moi. Il s&rsquo;\u00e9tend sur mon esprit comme un drap noir et fun\u00e8bre, comme une nuit sans lune ni \u00e9toiles. Alors, j&rsquo;entends monter un macabre vacarme, celui que m\u00e8ne un Diable chauss\u00e9 de sabots de fer, la rumeur funeste que font les mauvaises langues tandis qu&rsquo;elles pr\u00eachent dans les temples et les \u00e9glises\u00a0\u00bb<\/em>.<\/p>\n<p>De la pure po\u00e9sie ! Quelle puissance d&rsquo;\u00e9vocation \u00e0 toutes les pages !<\/p>\n<p>Une immersion dans une culture rarement \u00e9voqu\u00e9e, celle des descendants des colons en Afrique du Sud \u00e0 la fois enracin\u00e9s et disgraci\u00e9s&#8230;<\/p>\n<p>**********<\/p>\n<p>La vid\u00e9o de <strong>Livres et sac \u00e0 dos<\/strong> qui classe ce livre dans ses 3 coups de c\u0153ur du d\u00e9but de l&rsquo;ann\u00e9e 2022 est \u00e0 lire <a href=\"https:\/\/www.youtube.com\/watch?v=aRmvfJmlYD0\" target=\"_blank\"><span style=\"text-decoration: underline;\"><strong>ici<\/strong><\/span><\/a>.<\/p>\n<p style=\"text-align: left;\">**********<\/p>\n<p style=\"text-align: left;\"><strong>La chronique vid\u00e9o sur la cha\u00eene Youtube de <a href=\"https:\/\/www.youtube.com\/watch?v=clAI33_qDlU\" target=\"_blank\">livres_et_sac_a_dos<\/a><\/strong><\/p>\n<p style=\"text-align: left;\">\u00e0 noter que le passage concernant <span style=\"text-decoration: underline;\"><em><strong>Le Coutelier de Quietbay<\/strong><\/em><\/span> arrive juste apr\u00e8s celui consacr\u00e9 \u00e0 <a href=\"https:\/\/www.outsiderland.com\/orpailleur2\/catalogue\/animals\/\" target=\"_blank\"><span style=\"text-decoration: underline;\"><em><strong>Animals<\/strong><\/em><\/span><\/a>&#8230;<\/p>\n","protected":false},"excerpt":{"rendered":"<p>4\u00e8me de couverture : Steve Arnaudie, fermier, soldat, puis forgeron, traverse successivement des mondes auxquels il ne s\u2019identifie pas : sa ferme natale dans une rude province d\u2019Afrique du Sud, la guerre en Angola, l\u2019apartheid\u2026 Derri\u00e8re l\u2019image de la nation <a class=\"more-link\" href=\"https:\/\/www.outsiderland.com\/orpailleur2\/catalogue\/le-coutelier-de-quietbay\/\">Continuer la lecture <span class=\"screen-reader-text\">  Le coutelier de Quietbay<\/span><span class=\"meta-nav\">&rarr;<\/span><\/a><\/p>\n","protected":false},"author":1,"featured_media":0,"parent":1476,"menu_order":18,"comment_status":"closed","ping_status":"closed","template":"","meta":{"footnotes":""},"class_list":["post-798","page","type-page","status-publish","hentry"],"_links":{"self":[{"href":"https:\/\/www.outsiderland.com\/orpailleur2\/wp-json\/wp\/v2\/pages\/798","targetHints":{"allow":["GET"]}}],"collection":[{"href":"https:\/\/www.outsiderland.com\/orpailleur2\/wp-json\/wp\/v2\/pages"}],"about":[{"href":"https:\/\/www.outsiderland.com\/orpailleur2\/wp-json\/wp\/v2\/types\/page"}],"author":[{"embeddable":true,"href":"https:\/\/www.outsiderland.com\/orpailleur2\/wp-json\/wp\/v2\/users\/1"}],"replies":[{"embeddable":true,"href":"https:\/\/www.outsiderland.com\/orpailleur2\/wp-json\/wp\/v2\/comments?post=798"}],"version-history":[{"count":0,"href":"https:\/\/www.outsiderland.com\/orpailleur2\/wp-json\/wp\/v2\/pages\/798\/revisions"}],"up":[{"embeddable":true,"href":"https:\/\/www.outsiderland.com\/orpailleur2\/wp-json\/wp\/v2\/pages\/1476"}],"wp:attachment":[{"href":"https:\/\/www.outsiderland.com\/orpailleur2\/wp-json\/wp\/v2\/media?parent=798"}],"curies":[{"name":"wp","href":"https:\/\/api.w.org\/{rel}","templated":true}]}}