{"id":795,"date":"2021-10-01T20:25:56","date_gmt":"2021-10-01T19:25:56","guid":{"rendered":"https:\/\/outsiderland.com\/orpailleur\/?page_id=795"},"modified":"2021-10-01T20:25:56","modified_gmt":"2021-10-01T19:25:56","slug":"animals","status":"publish","type":"page","link":"https:\/\/www.outsiderland.com\/orpailleur2\/catalogue\/animals\/","title":{"rendered":"Animals"},"content":{"rendered":"<p><a href=\"https:\/\/www.outsiderland.com\/orpailleur2\/wp-content\/uploads\/2015\/09\/couverture-recto-150dpi-avec-cadre.jpg\" rel=\"attachment wp-att-792\"><img loading=\"lazy\" decoding=\"async\" class=\"alignleft size-medium wp-image-792\" src=\"https:\/\/www.outsiderland.com\/orpailleur2\/wp-content\/uploads\/2015\/09\/couverture-recto-150dpi-avec-cadre-213x300.jpg\" alt=\"couverture recto 150dpi avec cadre\" width=\"213\" height=\"300\" srcset=\"https:\/\/www.outsiderland.com\/orpailleur2\/wp-content\/uploads\/2015\/09\/couverture-recto-150dpi-avec-cadre-213x300.jpg 213w, https:\/\/www.outsiderland.com\/orpailleur2\/wp-content\/uploads\/2015\/09\/couverture-recto-150dpi-avec-cadre-727x1024.jpg 727w, https:\/\/www.outsiderland.com\/orpailleur2\/wp-content\/uploads\/2015\/09\/couverture-recto-150dpi-avec-cadre-768x1081.jpg 768w, https:\/\/www.outsiderland.com\/orpailleur2\/wp-content\/uploads\/2015\/09\/couverture-recto-150dpi-avec-cadre.jpg 797w\" sizes=\"auto, (max-width: 213px) 100vw, 213px\" \/><\/a><strong>4\u00e8me de couverture :<\/strong><\/p>\n<p style=\"text-align: left;\"><em>Lui c\u2019est Dog\u016b, un gosse qui vit dans une sorte de squat au-dessus d\u2019un soapland, \u00e0 Tokyo. Il dessine les prostitu\u00e9es, il tra\u00eene dans les rues, jusqu\u2019\u00e0 ce qu\u2019il fasse une d\u00e9couverte sordide dans une camionnette.<br \/>\nElle c\u2019est Kasumi, une geek obs\u00e9d\u00e9e par un jeu vid\u00e9o des ann\u00e9es 80 qui vient de refaire surface, le projet Karasu (\u201ccorbeau\u201d en Japonais) : un jeu labyrinthique avec recherche d\u2019indices dans le monde r\u00e9el, rencontres ind\u00e9licates et disparitions louches. Quelque chose lui dit que percer le myst\u00e8re du jeu et en suivre les pistes la m\u00e8nera sur les traces de son p\u00e8re absent.<br \/>\nAnimals est une traque au cours de laquelle l\u2019univers onirique et virtuel se m\u00eale au d\u00e9cor obscur de la ville et o\u00f9 l\u2019on ne sait pas, du gamin ou de la geek, qui embarque l\u2019autre.<br \/>\nAu fil des pages s\u2019installent des ambiances saisissantes, c\u2019est un v\u00e9ritable voyage que fait le lecteur avec des personnages auxquels il s\u2019attache, dans un r\u00e9cit port\u00e9 par une voix singuli\u00e8re, musicale et po\u00e9tique.<\/em><\/p>\n<p style=\"text-align: right;\"><em><br \/>\n<\/em>Anne-Sophie Herbay<em><br \/>\n<\/em><\/p>\n<hr \/>\n<p style=\"text-align: left;\"><strong>Lisez les 3 premi\u00e8res pages<\/strong> du livre en cliquant <a href=\"https:\/\/ahp.li\/66e163266fb2c6fdce19.pdf\" target=\"_blank\"><strong>ici<\/strong>.<\/a><\/p>\n<hr \/>\n<p>Date de parution : <span style=\"color: #000000;\">septembre <\/span>2021<br \/>\nFormat : 13,5 x 19 cm<br \/>\nNombre de pages : 150<br \/>\nPrix : <span style=\"color: #008000;\"><strong>14\u20ac<\/strong><\/span> (frais de port offerts)<\/td>\n<div>\n<form action=\"https:\/\/www.paypal.com\/cgi-bin\/webscr\" method=\"post\" target=\" paypal \"><input name=\"cmd\" type=\"hidden\" value=\"_cart\" \/><input name=\"business\" type=\"hidden\" value=\"lorpailleur@orange.fr\" \/><input name=\"lc\" type=\"hidden\" value=\"FR\" \/><input name=\"item_name\" type=\"hidden\" value=\"Animals\" \/><input name=\"amount\" type=\"hidden\" value=\"14.00\" \/><input name=\"currency_code\" type=\"hidden\" value=\"EUR\" \/><input name=\"button_subtype\" type=\"hidden\" value=\"products\" \/><input name=\"add\" type=\"hidden\" value=\"1\" \/><input name=\"bn\" type=\"hidden\" value=\"PP-ShopCartBF:btn_cart_LG.gif:NonHosted\" \/><br \/>\n<input alt=\"PayPal - la solution de paiement en ligne la plus simple et la plus s\u00e9curis\u00e9e !\" name=\"submit\" src=\"https:\/\/www.paypalobjects.com\/fr_FR\/FR\/i\/btn\/btn_cart_LG.gif\" type=\"image\" \/><img loading=\"lazy\" decoding=\"async\" src=\"https:\/\/www.paypalobjects.com\/fr_FR\/i\/scr\/pixel.gif\" alt=\"\" width=\"1\" height=\"1\" border=\"0\" \/><\/form>\n<\/div>\n<\/td>\n<hr \/>\n<p><strong>Pour prolonger l&rsquo;exp\u00e9rience<\/strong> visitez le site du projet karasu : <strong><span style=\"text-decoration: underline;\"><a href=\"https:\/\/projetkarasu.wordpress.com\/\" target=\"_blank\">ici<\/a><\/span><\/strong><\/p>\n<hr \/>\n<p style=\"text-align: left;\"><strong>Critiques<\/strong><\/p>\n<p style=\"text-align: left;\"><strong>L\u2019\u00e9mission Bande Originale de Livres<\/strong> du 22 novembre 2021, sur Radioactiv\u2019, \u00e9tait consacr\u00e9e au roman. Vous pouvez l\u2019\u00e9couter <strong><a href=\"https:\/\/sd-5b.archive-host.com\/membres\/up\/cf7267cdfebbaca9a70d39be54bb00702eaeae52\/LORPAILLEUR\/emissions_radio\/Bande_Originale_de_Livres_2021_11_22_Animals.mp3\" target=\"_blank\">ici<\/a><\/strong>.<\/p>\n<p style=\"text-align: left;\">**********<\/p>\n<p style=\"text-align: left;\"><strong>La critique du roman sur le site Litzic<\/strong> est \u00e0 lire <a href=\"https:\/\/litzic.fr\/chronique-livre\/christophe-samarsky-animals\/\" target=\"_blank\"><strong>ici<\/strong><\/a>.<\/p>\n<p style=\"text-align: left;\">**********<\/p>\n<p style=\"text-align: left;\"><strong>La critique sur Instagram de <a href=\"https:\/\/www.instagram.com\/p\/CfecZ-ZKm1k\/?hl=fr\" target=\"_blank\">livres_et_sac_a_dos<\/a><\/strong><\/p>\n<div class=\"_aar2\" style=\"text-align: justify;\"><span class=\"_aacl _aaco _aacu _aacx _aad7 _aade\">Un roman surprenant qui d\u00e9roule devant vous comme un jeu de pistes en qu\u00eate de l&rsquo;\u00e9nigme port\u00e9e par le jeu vid\u00e9o avec un duo Dog\u016b et Kasumi impitoyables envers ceux et celles qui leur barrent le chemin. Le livre m&rsquo;a tenue en haleine tout du long, mais pas gr\u00e2ce \u00e0 l&rsquo;attachement aux personnages mais bien grace \u00e0 l&rsquo;\u00e9criture singuli\u00e8re et po\u00e9tique qui se m\u00eale \u00e0 de l&rsquo;argot et une violence verbale non mesur\u00e9e qui sied bien au genre \u00ab\u00a0urbain\u00a0\u00bb et \u00e0 ces deux jeunes d\u00e9sabus\u00e9s. <\/span><\/div>\n<p style=\"text-align: justify;\"><span class=\"_aacl _aaco _aacu _aacx _aad7 _aade\">N&rsquo;h\u00e9sitez pas \u00e0 vous lancer si vous \u00eates amateur de splendides plumes qui vous font voyager loin dans l&rsquo;espace et plus profond\u00e9ment dans l&rsquo;\u00e2me humaine. <\/span><\/p>\n<p style=\"text-align: left;\">**********<\/p>\n<p style=\"text-align: left;\"><strong>La critique du roman sur le site Lyvres est \u00e0 lire <a href=\"https:\/\/www.lyvres.fr\/2023\/05\/animals.html\" target=\"_blank\"><strong>ici<\/strong><\/a>.<\/strong><\/p>\n<p class=\"x_western\" align=\"justify\"><span style=\"font-family: Garamond, serif;\">**********<\/span><\/p>\n<p style=\"text-align: left;\"><strong>La chronique vid\u00e9o sur la cha\u00eene Youtube de <a href=\"https:\/\/www.youtube.com\/watch?v=clAI33_qDlU\" target=\"_blank\">livres_et_sac_a_dos<\/a><\/strong><\/p>\n<p class=\"x_western\" align=\"justify\"><span style=\"font-family: Garamond, serif;\">**********<\/span><\/p>\n<p style=\"text-align: justify;\">Suite \u00e0 ma lecture d\u2019<em><strong><span style=\"text-decoration: underline;\">Animals<\/span><\/strong><\/em>, j\u2019aimerais souligner le soin particulier que vous apportez au livre en tant qu\u2019objet, que ce soit au niveau de la couverture et du hors-texte qui l\u2019illustre, comme du choix des rabats portant votre ligne \u00e9ditoriale, de la quatri\u00e8me et du format du livre, sorte de carr\u00e9 qui rappellerait une fen\u00eatre (les rabats en seraient les volets) sur le monde, mais aussi un monde int\u00e9rieur, c\u2019est donc un passage que le livre se propose d\u2019\u00eatre entre deux voire plusieurs mondes \u00e0 travers l\u2019Orpailleur\u2026<br \/>\n<strong><em><span style=\"text-decoration: underline;\">Animals<\/span><\/em><\/strong>\u2026 un titre dont la charge \u00e9vocatrice a excit\u00e9 mon imagination, l\u2019apprenti cin\u00e9phile que je suis se pr\u00e9parant \u00e0 une immersion en eaux cronenbergiennes, mais c\u2019est une autre dimension, voisine ou apparent\u00e9e, dans laquelle je me suis trouv\u00e9 plong\u00e9, o\u00f9 en lieu et place de la chair et de ses monstres potentiels, de ses avatars t\u00e9ratologiques, techno-cybern\u00e9tiques, quoique cela flirte parfois avec cette limite, une hypnose m\u2019attendait.<\/p>\n<p style=\"text-align: justify;\">Pour autant, je l\u2019avoue, il m\u2019a fallu entrer une premi\u00e8re fois, sortir, tenter d\u2019en sortir, dirais-je, pour entrer \u00e0 nouveau non pas dans la danse mais dans le game \u00e0 travers le corps-texte de Christophe Samarsky. Je l\u2019ai suivi en ayant le sentiment d\u2019\u00eatre entra\u00een\u00e9 dans une matrice d\u2019yeux (orifices), de nuit et de portes en enfilade (le projet Karasu telle une mise en abyme), dans un m\u00e9tavers ressemblant \u00e0 des capsules embo\u00eet\u00e9es telles des matriochkas \u00e0 l\u2019int\u00e9rieur desquelles se trouvent des \u00e9nigmes \u00e0 r\u00e9soudre, des codes \u00e0 d\u00e9chiffrer, des masques \u00e0 ef-facer\u2026 Int\u00e9rieurs \u00e0 l\u2019int\u00e9rieur de. Narrations parall\u00e8les qui se croisent et s\u2019interp\u00e9n\u00e8trent. Une traque-game hypnotique, proposant une hallucination potentielle du r\u00e9el, des dimensions parall\u00e8les, peut-\u00eatre m\u00eame perpendiculaires, et bien que tout paraisse fig\u00e9 dans une attente aussi nerveuse que gluante, on ne cesse de passer des seuils.<br \/>\n\u00c0 l\u2019arriv\u00e9e de ce qui semble un processus (un \u00ab\u00a0devenir\u00a0\u00bb pour employer un vocable deleuzien apparemment cher \u00e0 l\u2019auteur), comme d\u00e9lest\u00e9, corps d\u00e9lest\u00e9 du corps, dans l\u2019apesanteur de la machine comme de la surface du papier, ayant jou\u00e9 le jeu, ayant m\u00e9andr\u00e9 dans cet espace tubulaire, le specta-lecteur sombre dans un immense cr\u00e2ne, une vid\u00e9ographie, dont il se demande, en a-mateur de matrice et de carte-r\u00e9seau, s\u2019il\/elle pourrait bien \u00eatre sien\/ne\u2026<br \/>\nDes images qui nous sont propos\u00e9es (\u00ab la voie ferr\u00e9e comme une veine le long de la mer \u00bb), qui surprennent et excitent la lecture, des images que l\u2019on se fabrique \u00e0 partir d\u2019une langue que je vois se d\u00e9ployer comme un rhizome sans d\u00e9but ni fin, \u00e0 embranchements variables, \u00e0 canaux multiples.<\/p>\n<p style=\"text-align: justify;\">La succincte biographie de l\u2019auteur, toujours pr\u00e9cieuse, m\u2019avait au pr\u00e9alable renseign\u00e9 que l\u2019\u00e9crivain et moi avions quelque atome en croche. Les philosophes du \u00ab Z \u00bb (l\u2019immanent Spinoza, l\u2019involucre Leibniz, l\u2019organique Deleuze et, bien entendu, l&rsquo;abyssal de la surface Nietzsche).<br \/>\nBlanchot, le punk, la dark ou cold wave (\u00e9coutant la musique de Corso gr\u00e2ce au lien mis en fin d\u2019ouvrage \u2014 encore un passage que le livre judicieusement permet \u2014, je pensais \u00e0 quelques groupes \u00e9cout\u00e9s trente ans plus t\u00f4t, et notamment Jad Wio, dont la voix et les guitares sont assez proches, il me semble, de celles de Corso), peut-\u00eatre bien Calaferte (l\u00e0, j\u2019extrapole \u00e0 partir du titre de son recueil de po\u00e8mes <em>La m\u00e9canique<\/em>\u2026), Enki Bilal, la musique s\u00e9rielle (<em>La m\u00e9canique de l\u2019oubli<\/em> version audio cette fois), les corvid\u00e9s (avec et sans jeu de mot), et le Japon, bien s\u00fbr, que je connais cependant par bribes ou par miettes, avec le dilettantisme qui me caract\u00e9rise, quand l\u2019auteur semble l\u2019avoir vu de beaucoup plus pr\u00e8s\u2026<\/p>\n<p style=\"text-align: justify;\">Merci donc \u00e0 vous de repr\u00e9senter et de soutenir cet \u00e9crivain qui, \u00ab \u00e0 l\u2019\u00e9cart des salles et de la gloire\u00a0\u00bb, porte en lui un monde \u00e0 part, et dont la singularit\u00e9 m\u00e9ritait qu\u2019on en effeuill\u00e2t les strates, qu\u2019on en d\u00e9roul\u00e2t les plis, qu\u2019on en retourn\u00e2t les masques\u2026 ce que la fen\u00eatre de votre maison, b\u00e9ant telle une promesse, permet.<\/p>\n<p style=\"text-align: right;\">David Mazhari (France)<\/p>\n","protected":false},"excerpt":{"rendered":"<p>4\u00e8me de couverture : Lui c\u2019est Dog\u016b, un gosse qui vit dans une sorte de squat au-dessus d\u2019un soapland, \u00e0 Tokyo. Il dessine les prostitu\u00e9es, il tra\u00eene dans les rues, jusqu\u2019\u00e0 ce qu\u2019il fasse une d\u00e9couverte sordide dans une camionnette. <a class=\"more-link\" href=\"https:\/\/www.outsiderland.com\/orpailleur2\/catalogue\/animals\/\">Continuer la lecture <span class=\"screen-reader-text\">  Animals<\/span><span class=\"meta-nav\">&rarr;<\/span><\/a><\/p>\n","protected":false},"author":1,"featured_media":0,"parent":1476,"menu_order":17,"comment_status":"closed","ping_status":"closed","template":"","meta":{"footnotes":""},"class_list":["post-795","page","type-page","status-publish","hentry"],"_links":{"self":[{"href":"https:\/\/www.outsiderland.com\/orpailleur2\/wp-json\/wp\/v2\/pages\/795","targetHints":{"allow":["GET"]}}],"collection":[{"href":"https:\/\/www.outsiderland.com\/orpailleur2\/wp-json\/wp\/v2\/pages"}],"about":[{"href":"https:\/\/www.outsiderland.com\/orpailleur2\/wp-json\/wp\/v2\/types\/page"}],"author":[{"embeddable":true,"href":"https:\/\/www.outsiderland.com\/orpailleur2\/wp-json\/wp\/v2\/users\/1"}],"replies":[{"embeddable":true,"href":"https:\/\/www.outsiderland.com\/orpailleur2\/wp-json\/wp\/v2\/comments?post=795"}],"version-history":[{"count":0,"href":"https:\/\/www.outsiderland.com\/orpailleur2\/wp-json\/wp\/v2\/pages\/795\/revisions"}],"up":[{"embeddable":true,"href":"https:\/\/www.outsiderland.com\/orpailleur2\/wp-json\/wp\/v2\/pages\/1476"}],"wp:attachment":[{"href":"https:\/\/www.outsiderland.com\/orpailleur2\/wp-json\/wp\/v2\/media?parent=795"}],"curies":[{"name":"wp","href":"https:\/\/api.w.org\/{rel}","templated":true}]}}