{"id":769,"date":"2021-07-17T13:14:57","date_gmt":"2021-07-17T12:14:57","guid":{"rendered":"https:\/\/outsiderland.com\/orpailleur\/?page_id=769"},"modified":"2021-07-17T13:14:57","modified_gmt":"2021-07-17T12:14:57","slug":"les-petites-choses","status":"publish","type":"page","link":"https:\/\/www.outsiderland.com\/orpailleur2\/catalogue\/les-petites-choses\/","title":{"rendered":"Les petites choses"},"content":{"rendered":"<p><a href=\"https:\/\/www.outsiderland.com\/orpailleur2\/wp-content\/uploads\/2015\/10\/Couverture-recto-150dpi-avec-cadre.jpg\" rel=\"attachment wp-att-743\"><img loading=\"lazy\" decoding=\"async\" class=\"alignleft size-medium wp-image-743\" src=\"https:\/\/www.outsiderland.com\/orpailleur2\/wp-content\/uploads\/2015\/10\/Couverture-recto-150dpi-avec-cadre-213x300.jpg\" alt=\"Couverture recto 150dpi avec cadre\" width=\"213\" height=\"300\" srcset=\"https:\/\/www.outsiderland.com\/orpailleur2\/wp-content\/uploads\/2015\/10\/Couverture-recto-150dpi-avec-cadre-213x300.jpg 213w, https:\/\/www.outsiderland.com\/orpailleur2\/wp-content\/uploads\/2015\/10\/Couverture-recto-150dpi-avec-cadre-727x1024.jpg 727w, https:\/\/www.outsiderland.com\/orpailleur2\/wp-content\/uploads\/2015\/10\/Couverture-recto-150dpi-avec-cadre-768x1081.jpg 768w, https:\/\/www.outsiderland.com\/orpailleur2\/wp-content\/uploads\/2015\/10\/Couverture-recto-150dpi-avec-cadre.jpg 797w\" sizes=\"auto, (max-width: 213px) 100vw, 213px\" \/><\/a><strong>4\u00e8me de couverture :<\/strong><\/p>\n<p style=\"text-align: justify;\"><em>Elles sont innombrables <\/em>les petites choses<em>, et s\u2019\u00e9panouissent en une danse int\u00e9rieure sans contours. Loin du sensationnel, l\u2019\u00e9criture de la sensation est une plume pr\u00e9cise, brisant les fronti\u00e8res entre ce qui est saisissable et ce qui ne l\u2019est pas. En r\u00e9v\u00e9lant la fugacit\u00e9 des choses, cette \u00e9criture trace, justement, l\u2019ind\u00e9l\u00e9bile.<\/em><br \/>\n<em>La navigation sauvage de Madelaine dans <\/em>les petites choses<em> nous emm\u00e8ne au bord de l\u2019intangible. Le bruit des pages, ici, a la couleur des ciels, il peut nous installer sur la froidure du ciment tout en nous enivrant des douceurs de l\u2019humus. <\/em><br \/>\n<em>\u00a0La rencontre entre Madelaine et le juge Philippe d\u00e9s\u00e9quilibrera cette symphonie des sens au c\u0153ur de l\u2019intime. Comment dire le juste, comment se raconter soi dans la tourmente des \u00e9v\u00e9nements\u00a0? <\/em><br \/>\n<em>\u00a0Comment faire parler nos <\/em>petites choses<em> quand il faut d\u00e9voiler les m\u00e9andres qui ont men\u00e9 \u00e0 un meurtre ? Pour compromettre le ou la coupable, Philippe bouscule ses d\u00e9mons en costume.<\/em><br \/>\n<em>\u00a0C\u2019est avec une conscience aigu\u00eb qu\u2019il p\u00e9n\u00e8tre l\u2019indicible en \u00e9coutant Madelaine.<\/em><br \/>\n<em>\u00a0D\u2019un soubresaut \u00e0 un autre.<\/em><br \/>\n<em>Une texture vibrante. <\/em><\/p>\n<p style=\"text-align: right;\">Estcha<\/p>\n<hr \/>\n<p style=\"text-align: left;\"><strong>Lisez les 3 premi\u00e8res pages<\/strong> du livre en cliquant <a href=\"https:\/\/ahp.li\/90a99c557955f659a759.pdf\" target=\"_blank\">ici.<\/a><\/p>\n<hr \/>\n<p>Date de parution <span style=\"color: #ff0000;\">: <span style=\"color: #000000;\">juillet<\/span><\/span> 2021<br \/>\n<span style=\"color: #ff0000;\">Format : 15,5 x 22,5 cm<\/span><br \/>\nNombre de pages : 456<br \/>\n<span style=\"color: #000000;\">Prix : <\/span><strong><span style=\"color: #339966;\">25\u20ac <\/span><\/strong>(frais de port offerts)<\/td>\n<div>\n<form action=\"https:\/\/www.paypal.com\/cgi-bin\/webscr\" method=\"post\" target=\" paypal \"><input name=\"cmd\" type=\"hidden\" value=\"_cart\" \/><input name=\"business\" type=\"hidden\" value=\"lorpailleur@orange.fr\" \/><input name=\"lc\" type=\"hidden\" value=\"FR\" \/><input name=\"item_name\" type=\"hidden\" value=\"Les petites choses\" \/><input name=\"amount\" type=\"hidden\" value=\"25.00\" \/><input name=\"currency_code\" type=\"hidden\" value=\"EUR\" \/><input name=\"button_subtype\" type=\"hidden\" value=\"products\" \/><input name=\"add\" type=\"hidden\" value=\"1\" \/><input name=\"bn\" type=\"hidden\" value=\"PP-ShopCartBF:btn_cart_LG.gif:NonHosted\" \/><br \/>\n<input alt=\"PayPal - la solution de paiement en ligne la plus simple et la plus s\u00e9curis\u00e9e !\" name=\"submit\" src=\"https:\/\/www.paypalobjects.com\/fr_FR\/FR\/i\/btn\/btn_cart_LG.gif\" type=\"image\" \/><img loading=\"lazy\" decoding=\"async\" src=\"https:\/\/www.paypalobjects.com\/fr_FR\/i\/scr\/pixel.gif\" alt=\"\" width=\"1\" height=\"1\" border=\"0\" \/><\/form>\n<\/div>\n<\/td>\n<hr \/>\n<p style=\"text-align: left;\"><strong>Critiques<\/strong><\/p>\n<p style=\"text-align: left;\"><span style=\"text-decoration: underline;\"><em>Les petites choses<\/em><\/span> est le dernier roman publi\u00e9 dans la collection l\u2019Orpailleur. Nous lisons toujours avec beaucoup de plaisir les nouvelles parutions de cet \u00e9diteur. Il nous avait fait notamment d\u00e9couvrir l\u2019auteur Pascal Carr\u00e8re dont les romans ont su trouver leur place aupr\u00e8s de vous, chers lecteurs, et sur les \u00e9tag\u00e8res de la librairie. Un grand merci \u00e0 Christophe Havot pour sa confiance. Ce roman, c\u2019est l\u2019histoire d\u2019une femme, Madelaine, accus\u00e9e du meurtre de son amant. Il y a ses entretiens avec le juge Philippe qui essaie de la comprendre, de la faire avouer. Tr\u00e8s vite, il est subjugu\u00e9 par cette femme et tombe amoureux. Mais Madelaine ne peut plus aimer depuis la mort de son fils Simon. Elle est ext\u00e9rieure au monde et \u00e0 sa propre vie. Seule sa s\u0153ur Mine para\u00eet importante pour elle, d\u00e9sormais. Dans une \u00e9criture dense, l\u2019auteure r\u00e9v\u00e8le une existence tourment\u00e9e o\u00f9 il est si complexe de trouver sa place. Il faut se laisser happer par cette femme et son histoire\u00a0: il est difficile de l\u2019aimer au d\u00e9part car elle est fi\u00e8re mais peu \u00e0 peu elle se livre, malgr\u00e9 elle, et on la comprend un peu mieux&#8230;<\/p>\n<p style=\"text-align: right;\">Aur\u00e9lia Gouhier Librairie Effets de pages (L\u2019Isle Jourdain \u2013 Gers \u2013 France)<\/p>\n<p style=\"text-align: left;\">**********<\/p>\n<p><strong>La critique du livre sur le site Litzic<\/strong> est \u00e0 lire <strong><a href=\"https:\/\/litzic.fr\/chronique-roman\/laurence-chaudouet-les-petites-choses\/\" target=\"_blank\">ici<\/a>.<\/strong><\/p>\n<p>**********<\/p>\n<p><strong>La critique du roman sur le blog de Fran\u00e7oise Grenier Droesch<\/strong> est \u00e0 lire <strong><a href=\"https:\/\/francoisegrenierdroesch.over-blog.com\/2022\/05\/les-petites-choses-roman-de-laurence-chaudouet-chez-l-orpailleur-editions.html\" target=\"_blank\">ici<\/a><\/strong>.<\/p>\n<p>**********<\/p>\n<p><strong>L\u2019\u00e9mission Bande Originale de Livres<\/strong> du 25 avril 2022, sur Radioactiv\u2019, \u00e9tait consacr\u00e9e au roman. Vous pouvez l\u2019\u00e9couter <strong><a href=\"https:\/\/ahp.li\/b6ff6d15808e6959f4d0.mp3\" target=\"_blank\">ici<\/a><\/strong>.<\/p>\n<p>&nbsp;<\/p>\n","protected":false},"excerpt":{"rendered":"<p>4\u00e8me de couverture : Elles sont innombrables les petites choses, et s\u2019\u00e9panouissent en une danse int\u00e9rieure sans contours. Loin du sensationnel, l\u2019\u00e9criture de la sensation est une plume pr\u00e9cise, brisant les fronti\u00e8res entre ce qui est saisissable et ce qui <a class=\"more-link\" href=\"https:\/\/www.outsiderland.com\/orpailleur2\/catalogue\/les-petites-choses\/\">Continuer la lecture <span class=\"screen-reader-text\">  Les petites choses<\/span><span class=\"meta-nav\">&rarr;<\/span><\/a><\/p>\n","protected":false},"author":1,"featured_media":0,"parent":1476,"menu_order":16,"comment_status":"closed","ping_status":"closed","template":"","meta":{"footnotes":""},"class_list":["post-769","page","type-page","status-publish","hentry"],"_links":{"self":[{"href":"https:\/\/www.outsiderland.com\/orpailleur2\/wp-json\/wp\/v2\/pages\/769","targetHints":{"allow":["GET"]}}],"collection":[{"href":"https:\/\/www.outsiderland.com\/orpailleur2\/wp-json\/wp\/v2\/pages"}],"about":[{"href":"https:\/\/www.outsiderland.com\/orpailleur2\/wp-json\/wp\/v2\/types\/page"}],"author":[{"embeddable":true,"href":"https:\/\/www.outsiderland.com\/orpailleur2\/wp-json\/wp\/v2\/users\/1"}],"replies":[{"embeddable":true,"href":"https:\/\/www.outsiderland.com\/orpailleur2\/wp-json\/wp\/v2\/comments?post=769"}],"version-history":[{"count":0,"href":"https:\/\/www.outsiderland.com\/orpailleur2\/wp-json\/wp\/v2\/pages\/769\/revisions"}],"up":[{"embeddable":true,"href":"https:\/\/www.outsiderland.com\/orpailleur2\/wp-json\/wp\/v2\/pages\/1476"}],"wp:attachment":[{"href":"https:\/\/www.outsiderland.com\/orpailleur2\/wp-json\/wp\/v2\/media?parent=769"}],"curies":[{"name":"wp","href":"https:\/\/api.w.org\/{rel}","templated":true}]}}