{"id":611,"date":"2019-10-23T19:53:04","date_gmt":"2019-10-23T18:53:04","guid":{"rendered":"https:\/\/outsiderland.com\/orpailleur\/?page_id=611"},"modified":"2019-10-23T19:53:04","modified_gmt":"2019-10-23T18:53:04","slug":"retourner-les-mondes","status":"publish","type":"page","link":"https:\/\/www.outsiderland.com\/orpailleur2\/catalogue\/retourner-les-mondes\/","title":{"rendered":"Retourner les mondes"},"content":{"rendered":"<p><a href=\"https:\/\/www.outsiderland.com\/orpailleur2\/wp-content\/uploads\/2019\/09\/Couverture-recto-pour-web-avec-cadre-noir-2.jpg\" rel=\"attachment wp-att-612\"><img loading=\"lazy\" decoding=\"async\" class=\"alignleft size-medium wp-image-612\" src=\"https:\/\/www.outsiderland.com\/orpailleur2\/wp-content\/uploads\/2019\/09\/Couverture-recto-pour-web-avec-cadre-noir-2-213x300.jpg\" alt=\"Couverture recto pour web avec cadre noir\" width=\"213\" height=\"300\" srcset=\"https:\/\/www.outsiderland.com\/orpailleur2\/wp-content\/uploads\/2019\/09\/Couverture-recto-pour-web-avec-cadre-noir-2-213x300.jpg 213w, https:\/\/www.outsiderland.com\/orpailleur2\/wp-content\/uploads\/2019\/09\/Couverture-recto-pour-web-avec-cadre-noir-2-727x1024.jpg 727w, https:\/\/www.outsiderland.com\/orpailleur2\/wp-content\/uploads\/2019\/09\/Couverture-recto-pour-web-avec-cadre-noir-2-768x1081.jpg 768w, https:\/\/www.outsiderland.com\/orpailleur2\/wp-content\/uploads\/2019\/09\/Couverture-recto-pour-web-avec-cadre-noir-2.jpg 797w\" sizes=\"auto, (max-width: 213px) 100vw, 213px\" \/><\/a><strong>4\u00e8me de couverture :<\/strong><\/p>\n<p>Retourner les mondes<em> n&rsquo;est pas un simple r\u00e9cit \u00e9crit lors de nuits d&rsquo;orage blafardes, c&rsquo;est un t\u00e9moignage de la vie, une suite de sons qui forment des mots formant \u00e0 leur tour des \u00e9motions brutes comme de la pierre, douces comme une feuille tombant \u00e0 terre.\u00a0<\/em><\/p>\n<p><em>Un septuor d&rsquo;adolescents devenus adultes qui nous emm\u00e8ne dans les ab\u00eemes de l&rsquo;esprit et dans l&rsquo;\u00e2me de l&rsquo;auteur pour nous faire spectateur de ce qui s&rsquo;appelle une trag\u00e9die. Les montagnes russes de l&rsquo;espoir ou du d\u00e9sespoir qui nous font valser, comme un bout de chiffon n&rsquo;ayant aucune emprise sur ce qui s&rsquo;appelle le c\u0153ur humain.\u00a0<\/em><\/p>\n<p>Retourner les mondes<em> c&rsquo;est \u00e7a, une d\u00e9chirure qui donne envie de vivre.<\/em><\/p>\n<p style=\"text-align: right;\">Aaron Gavois<\/p>\n<hr \/>\n<p style=\"text-align: left;\"><strong>Lisez les 3 premi\u00e8res pages<\/strong> du livre en cliquant <a href=\"https:\/\/ahp.li\/9714efe51f3ad433a7b2.pdf\" target=\"_blank\"><strong>ici<\/strong>.<\/a><\/p>\n<hr \/>\n<p>Date de parution : septembre 2019<br \/>\nFormat : 13,5 x 19 cm<br \/>\nNombre de pages : 136<br \/>\nPrix : 13\u20ac (frais de port offerts)<\/td>\n<td>\n<div>\n<form action=\"https:\/\/www.paypal.com\/cgi-bin\/webscr\" method=\"post\" target=\" paypal \"><input name=\"cmd\" type=\"hidden\" value=\"_cart\" \/><input name=\"business\" type=\"hidden\" value=\"lorpailleur@orange.fr\" \/><input name=\"lc\" type=\"hidden\" value=\"FR\" \/><input name=\"item_name\" type=\"hidden\" value=\"Retourner les mondes\" \/><input name=\"amount\" type=\"hidden\" value=\"13.00\" \/><input name=\"currency_code\" type=\"hidden\" value=\"EUR\" \/><input name=\"button_subtype\" type=\"hidden\" value=\"products\" \/><input name=\"add\" type=\"hidden\" value=\"1\" \/><input name=\"bn\" type=\"hidden\" value=\"PP-ShopCartBF:btn_cart_LG.gif:NonHosted\" \/><input alt=\"PayPal - la solution de paiement en ligne la plus simple et la plus s\u00e9curis\u00e9e !\" name=\"submit\" src=\"https:\/\/www.paypalobjects.com\/fr_FR\/FR\/i\/btn\/btn_cart_LG.gif\" type=\"image\" \/><img loading=\"lazy\" decoding=\"async\" src=\"https:\/\/www.paypalobjects.com\/fr_FR\/i\/scr\/pixel.gif\" alt=\"\" width=\"1\" height=\"1\" border=\"0\" \/><\/form>\n<\/div>\n<\/td>\n<hr \/>\n<p style=\"text-align: left;\"><strong>Critiques<\/strong><\/p>\n<p style=\"text-align: left;\"><strong>L&rsquo;\u00e9mission Bande Originale de Livres<\/strong> du 8 juin 2020, sur Radioactiv&rsquo;, \u00e9tait consacr\u00e9e au roman. Vous pouvez l&rsquo;\u00e9couter <strong><a href=\"https:\/\/sd-5b.archive-host.com\/membres\/up\/cf7267cdfebbaca9a70d39be54bb00702eaeae52\/LORPAILLEUR\/emissions_radio\/Bande_Originale_de_Livres_2020_06_08_Retourner_les_mondes.mp3\" target=\"_blank\">ici<\/a><\/strong>.<\/p>\n<p style=\"text-align: left;\">**********<\/p>\n<p style=\"text-align: left;\"><strong>La critique du roman sur le site Litzic <\/strong>est \u00e0 lire <a href=\"https:\/\/litzic.fr\/chronique-livre\/emma-yvrard-retourner-les-mondes\/\" target=\"_blank\"><strong>ici<\/strong><\/a>.<\/p>\n","protected":false},"excerpt":{"rendered":"<p>4\u00e8me de couverture : Retourner les mondes n&rsquo;est pas un simple r\u00e9cit \u00e9crit lors de nuits d&rsquo;orage blafardes, c&rsquo;est un t\u00e9moignage de la vie, une suite de sons qui forment des mots formant \u00e0 leur tour des \u00e9motions brutes comme <a class=\"more-link\" href=\"https:\/\/www.outsiderland.com\/orpailleur2\/catalogue\/retourner-les-mondes\/\">Continuer la lecture <span class=\"screen-reader-text\">  Retourner les mondes<\/span><span class=\"meta-nav\">&rarr;<\/span><\/a><\/p>\n","protected":false},"author":1,"featured_media":0,"parent":1476,"menu_order":15,"comment_status":"closed","ping_status":"closed","template":"","meta":{"footnotes":""},"class_list":["post-611","page","type-page","status-publish","hentry"],"_links":{"self":[{"href":"https:\/\/www.outsiderland.com\/orpailleur2\/wp-json\/wp\/v2\/pages\/611","targetHints":{"allow":["GET"]}}],"collection":[{"href":"https:\/\/www.outsiderland.com\/orpailleur2\/wp-json\/wp\/v2\/pages"}],"about":[{"href":"https:\/\/www.outsiderland.com\/orpailleur2\/wp-json\/wp\/v2\/types\/page"}],"author":[{"embeddable":true,"href":"https:\/\/www.outsiderland.com\/orpailleur2\/wp-json\/wp\/v2\/users\/1"}],"replies":[{"embeddable":true,"href":"https:\/\/www.outsiderland.com\/orpailleur2\/wp-json\/wp\/v2\/comments?post=611"}],"version-history":[{"count":0,"href":"https:\/\/www.outsiderland.com\/orpailleur2\/wp-json\/wp\/v2\/pages\/611\/revisions"}],"up":[{"embeddable":true,"href":"https:\/\/www.outsiderland.com\/orpailleur2\/wp-json\/wp\/v2\/pages\/1476"}],"wp:attachment":[{"href":"https:\/\/www.outsiderland.com\/orpailleur2\/wp-json\/wp\/v2\/media?parent=611"}],"curies":[{"name":"wp","href":"https:\/\/api.w.org\/{rel}","templated":true}]}}