{"id":605,"date":"2019-10-23T19:52:11","date_gmt":"2019-10-23T18:52:11","guid":{"rendered":"https:\/\/outsiderland.com\/orpailleur\/?page_id=605"},"modified":"2019-10-23T19:52:11","modified_gmt":"2019-10-23T18:52:11","slug":"sylviane","status":"publish","type":"page","link":"https:\/\/www.outsiderland.com\/orpailleur2\/catalogue\/sylviane\/","title":{"rendered":"Sylviane"},"content":{"rendered":"<p><a href=\"https:\/\/www.outsiderland.com\/orpailleur2\/wp-content\/uploads\/2019\/09\/Couverture-recto-pour-web-avec-cadre-noir-1.jpg\" rel=\"attachment wp-att-607\"><img loading=\"lazy\" decoding=\"async\" class=\"alignleft size-medium wp-image-607\" src=\"https:\/\/www.outsiderland.com\/orpailleur2\/wp-content\/uploads\/2019\/09\/Couverture-recto-pour-web-avec-cadre-noir-1-213x300.jpg\" alt=\"Couverture recto pour web avec cadre noir\" width=\"213\" height=\"300\" srcset=\"https:\/\/www.outsiderland.com\/orpailleur2\/wp-content\/uploads\/2019\/09\/Couverture-recto-pour-web-avec-cadre-noir-1-213x300.jpg 213w, https:\/\/www.outsiderland.com\/orpailleur2\/wp-content\/uploads\/2019\/09\/Couverture-recto-pour-web-avec-cadre-noir-1-727x1024.jpg 727w, https:\/\/www.outsiderland.com\/orpailleur2\/wp-content\/uploads\/2019\/09\/Couverture-recto-pour-web-avec-cadre-noir-1-768x1081.jpg 768w, https:\/\/www.outsiderland.com\/orpailleur2\/wp-content\/uploads\/2019\/09\/Couverture-recto-pour-web-avec-cadre-noir-1.jpg 797w\" sizes=\"auto, (max-width: 213px) 100vw, 213px\" \/><\/a><strong>4\u00e8me de couverture :<\/strong><\/p>\n<p><em>Bien s\u00fbr il y a une intrigue et du suspens, et des p\u00e9rip\u00e9ties.<br \/>\nIl est question de quelques mariages, de plusieurs femmes. De circonstances \u00e9tranges qui pr\u00e9c\u00e9dent une fuite incompr\u00e9hensible vers la for\u00eat.<br \/>\nD\u2019une amn\u00e9sie et de r\u00e9miniscences.<br \/>\nC\u2019est dense et au fil des pages \u00e7a ne s\u2019all\u00e8ge pas.<br \/>\nToutefois, en suivant le personnage principal dans cette errance, c\u2019est une impression de <\/em>rien<em> qui tout d\u2019abord nous envahit. L\u2019atmosph\u00e8re \u00e0 laquelle est confront\u00e9e le personnage est telle une suite ininterrompue d\u2019anomalies. Le flou qui s\u2019installe est profond, insaisissable, et le sentiment de culpabilit\u00e9 insidieux qui en surgit est \u00e9pais.<\/em><\/p>\n<p><em>Puis l\u2019improbable. La fuite se conjugue \u00e0 une autre\u00a0: celle de l\u2019innocence en fugue. Celle d\u2019une toute mince jeune fille au pr\u00e9nom d\u00e9suet, dont on ne sait pas vraiment ce qu\u2019elle fait l\u00e0.<\/em><br \/>\n<em> Et un vol av\u00e9r\u00e9, un nouveau cadavre et un jardin public, les policiers.<\/em><br \/>\n<em> Et la rencontre un peu gauche et maladroite s\u2019\u00e9toffe. Et l\u2019on ne sait ce qu\u2019<\/em>il<em> en <\/em>adviendra.<\/p>\n<p><em>C\u2019est l\u2019histoire d\u2019une r\u00e9demption \u00e0 laquelle nous convie Christophe Havot.<\/em><\/p>\n<p style=\"text-align: right;\">Leena Alith-Tasser<\/p>\n<hr \/>\n<p style=\"text-align: left;\"><strong>Lisez les 3 premi\u00e8res pages<\/strong> du livre en cliquant <a href=\"https:\/\/ahp.li\/0e45c2635df243242942.pdf\" target=\"_blank\">ici.<\/a><\/p>\n<hr \/>\n<p>Date de parution : septembre 2019<br \/>\nFormat : 13,5 x 19 cm<br \/>\nNombre de pages : 172<br \/>\nPrix : 15\u20ac (frais de port offerts)<\/td>\n<div>\n<form action=\"https:\/\/www.paypal.com\/cgi-bin\/webscr\" method=\"post\" target=\" paypal \"><input name=\"cmd\" type=\"hidden\" value=\"_cart\" \/><input name=\"business\" type=\"hidden\" value=\"lorpailleur@orange.fr\" \/><input name=\"lc\" type=\"hidden\" value=\"FR\" \/><input name=\"item_name\" type=\"hidden\" value=\"Sylviane\" \/><input name=\"amount\" type=\"hidden\" value=\"15.00\" \/><input name=\"currency_code\" type=\"hidden\" value=\"EUR\" \/><input name=\"button_subtype\" type=\"hidden\" value=\"products\" \/><input name=\"add\" type=\"hidden\" value=\"1\" \/><input name=\"bn\" type=\"hidden\" value=\"PP-ShopCartBF:btn_cart_LG.gif:NonHosted\" \/><input alt=\"PayPal - la solution de paiement en ligne la plus simple et la plus s\u00e9curis\u00e9e !\" name=\"submit\" src=\"https:\/\/www.paypalobjects.com\/fr_FR\/FR\/i\/btn\/btn_cart_LG.gif\" type=\"image\" \/><img loading=\"lazy\" decoding=\"async\" src=\"https:\/\/www.paypalobjects.com\/fr_FR\/i\/scr\/pixel.gif\" alt=\"\" width=\"1\" height=\"1\" border=\"0\" \/><\/form>\n<\/div>\n<\/td>\n<hr \/>\n<p>&nbsp;<\/p>\n","protected":false},"excerpt":{"rendered":"<p>4\u00e8me de couverture : Bien s\u00fbr il y a une intrigue et du suspens, et des p\u00e9rip\u00e9ties. Il est question de quelques mariages, de plusieurs femmes. De circonstances \u00e9tranges qui pr\u00e9c\u00e9dent une fuite incompr\u00e9hensible vers la for\u00eat. D\u2019une amn\u00e9sie et <a class=\"more-link\" href=\"https:\/\/www.outsiderland.com\/orpailleur2\/catalogue\/sylviane\/\">Continuer la lecture <span class=\"screen-reader-text\">  Sylviane<\/span><span class=\"meta-nav\">&rarr;<\/span><\/a><\/p>\n","protected":false},"author":1,"featured_media":0,"parent":1476,"menu_order":14,"comment_status":"closed","ping_status":"closed","template":"","meta":{"footnotes":""},"class_list":["post-605","page","type-page","status-publish","hentry"],"_links":{"self":[{"href":"https:\/\/www.outsiderland.com\/orpailleur2\/wp-json\/wp\/v2\/pages\/605","targetHints":{"allow":["GET"]}}],"collection":[{"href":"https:\/\/www.outsiderland.com\/orpailleur2\/wp-json\/wp\/v2\/pages"}],"about":[{"href":"https:\/\/www.outsiderland.com\/orpailleur2\/wp-json\/wp\/v2\/types\/page"}],"author":[{"embeddable":true,"href":"https:\/\/www.outsiderland.com\/orpailleur2\/wp-json\/wp\/v2\/users\/1"}],"replies":[{"embeddable":true,"href":"https:\/\/www.outsiderland.com\/orpailleur2\/wp-json\/wp\/v2\/comments?post=605"}],"version-history":[{"count":0,"href":"https:\/\/www.outsiderland.com\/orpailleur2\/wp-json\/wp\/v2\/pages\/605\/revisions"}],"up":[{"embeddable":true,"href":"https:\/\/www.outsiderland.com\/orpailleur2\/wp-json\/wp\/v2\/pages\/1476"}],"wp:attachment":[{"href":"https:\/\/www.outsiderland.com\/orpailleur2\/wp-json\/wp\/v2\/media?parent=605"}],"curies":[{"name":"wp","href":"https:\/\/api.w.org\/{rel}","templated":true}]}}