{"id":601,"date":"2019-10-23T19:53:20","date_gmt":"2019-10-23T18:53:20","guid":{"rendered":"https:\/\/outsiderland.com\/orpailleur\/?page_id=601"},"modified":"2019-10-23T19:53:20","modified_gmt":"2019-10-23T18:53:20","slug":"le-monde-a-revers","status":"publish","type":"page","link":"https:\/\/www.outsiderland.com\/orpailleur2\/catalogue\/le-monde-a-revers\/","title":{"rendered":"Le monde \u00e0 revers"},"content":{"rendered":"<p><a href=\"https:\/\/www.outsiderland.com\/orpailleur2\/wp-content\/uploads\/2019\/09\/Couverture-recto-pour-web-avec-cadre-noir.jpg\" rel=\"attachment wp-att-602\"><img loading=\"lazy\" decoding=\"async\" class=\"alignleft size-medium wp-image-602\" src=\"https:\/\/www.outsiderland.com\/orpailleur2\/wp-content\/uploads\/2019\/09\/Couverture-recto-pour-web-avec-cadre-noir-213x300.jpg\" alt=\"Couverture recto pour web avec cadre noir\" width=\"213\" height=\"300\" srcset=\"https:\/\/www.outsiderland.com\/orpailleur2\/wp-content\/uploads\/2019\/09\/Couverture-recto-pour-web-avec-cadre-noir-213x300.jpg 213w, https:\/\/www.outsiderland.com\/orpailleur2\/wp-content\/uploads\/2019\/09\/Couverture-recto-pour-web-avec-cadre-noir-727x1024.jpg 727w, https:\/\/www.outsiderland.com\/orpailleur2\/wp-content\/uploads\/2019\/09\/Couverture-recto-pour-web-avec-cadre-noir-768x1081.jpg 768w, https:\/\/www.outsiderland.com\/orpailleur2\/wp-content\/uploads\/2019\/09\/Couverture-recto-pour-web-avec-cadre-noir.jpg 797w\" sizes=\"auto, (max-width: 213px) 100vw, 213px\" \/><\/a><strong>4\u00e8me de couverture<\/strong> :<\/p>\n<p><em>La rencontre de Catherine, jeune dipl\u00f4m\u00e9e de m\u00e9decine, avec les indiens Wayus va transformer son monde. Pascal Carr\u00e8re nous fait d\u00e9couvrir les m\u0153urs de la soci\u00e9t\u00e9 colombienne, des trafiquants de pierres pr\u00e9cieuses, des garnisons \u00e9loign\u00e9es, puis nous fait partager une aventure o\u00f9 la mythologie am\u00e9rindienne donne tout son sens \u00e0 l\u2019existence humaine.<\/em><\/p>\n<p><em>Dans cet ouvrage, consacr\u00e9 \u00e0 la Colombie, au peuple Guajiros, et plus largement \u00e0 l\u2019Am\u00e9rique latine, deux mondes s\u2019affrontent, un monde hispanique brutal, au charme rude, et l\u2019univers des chamanes o\u00f9 les songes et les esprits pr\u00e9dominent. Les personnages de <\/em><u>Le monde \u00e0 revers<\/u><em> comme Don Alvaro, cacique d\u2019une cit\u00e9 p\u00e9troli\u00e8re, Ernesto, joueur de rugby au grand c\u0153ur,\u00a0et Maleiwa, chamane \u00a0intemporelle\u2026 entra\u00eenent notre imaginaire dans des histoires \u00e9tonnantes, qui marquent le parcours de Catherine, dont le destin se joue dans des r\u00eaves. <\/em><\/p>\n<p><em>Pascal Carr\u00e8re sait jouer \u00e0 merveille de ses talents de conteur \u00e9rudit pour nous plonger successivement dans la haute soci\u00e9t\u00e9 de Bogota, la culture populaire colombienne, la vie et la mythologie \u00a0des indiens Wayus.<\/em><\/p>\n<p style=\"text-align: right;\">Michel L\u00e9v\u00eaque<\/p>\n<hr \/>\n<p style=\"text-align: left;\"><strong>Lisez les 3 premi\u00e8res pages<\/strong> du livre en cliquant <a href=\"https:\/\/ahp.li\/f372a11faea8884448a8.pdf\" target=\"_blank\">ici.<\/a><\/p>\n<hr \/>\n<p>Date de parution : septembre 2019<br \/>\nFormat : 13,5 x 19 cm<br \/>\nNombre de pages : 322<br \/>\nPrix : 20\u20ac (frais de port offerts) <span style=\"color: #ff6600;\">Stock quasiment \u00e9puis\u00e9, nous contacter avant commande<\/span><\/td>\n<div>\n<form action=\"https:\/\/www.paypal.com\/cgi-bin\/webscr\" method=\"post\" target=\" paypal \"><input name=\"cmd\" type=\"hidden\" value=\"_cart\" \/><input name=\"business\" type=\"hidden\" value=\"lorpailleur@orange.fr\" \/><input name=\"lc\" type=\"hidden\" value=\"FR\" \/><input name=\"item_name\" type=\"hidden\" value=\"Le monde \u00e0 revers\" \/><input name=\"amount\" type=\"hidden\" value=\"20.00\" \/><input name=\"currency_code\" type=\"hidden\" value=\"EUR\" \/><input name=\"button_subtype\" type=\"hidden\" value=\"products\" \/><input name=\"add\" type=\"hidden\" value=\"1\" \/><input name=\"bn\" type=\"hidden\" value=\"PP-ShopCartBF:btn_cart_LG.gif:NonHosted\" \/><input alt=\"PayPal - la solution de paiement en ligne la plus simple et la plus s\u00e9curis\u00e9e !\" name=\"submit\" src=\"https:\/\/www.paypalobjects.com\/fr_FR\/FR\/i\/btn\/btn_cart_LG.gif\" type=\"image\" \/><img loading=\"lazy\" decoding=\"async\" src=\"https:\/\/www.paypalobjects.com\/fr_FR\/i\/scr\/pixel.gif\" alt=\"\" width=\"1\" height=\"1\" border=\"0\" \/><\/form>\n<\/div>\n<\/td>\n<hr \/>\n<p>&nbsp;<\/p>\n","protected":false},"excerpt":{"rendered":"<p>4\u00e8me de couverture : La rencontre de Catherine, jeune dipl\u00f4m\u00e9e de m\u00e9decine, avec les indiens Wayus va transformer son monde. Pascal Carr\u00e8re nous fait d\u00e9couvrir les m\u0153urs de la soci\u00e9t\u00e9 colombienne, des trafiquants de pierres pr\u00e9cieuses, des garnisons \u00e9loign\u00e9es, puis <a class=\"more-link\" href=\"https:\/\/www.outsiderland.com\/orpailleur2\/catalogue\/le-monde-a-revers\/\">Continuer la lecture <span class=\"screen-reader-text\">  Le monde \u00e0 revers<\/span><span class=\"meta-nav\">&rarr;<\/span><\/a><\/p>\n","protected":false},"author":1,"featured_media":0,"parent":1476,"menu_order":13,"comment_status":"closed","ping_status":"closed","template":"","meta":{"footnotes":""},"class_list":["post-601","page","type-page","status-publish","hentry"],"_links":{"self":[{"href":"https:\/\/www.outsiderland.com\/orpailleur2\/wp-json\/wp\/v2\/pages\/601","targetHints":{"allow":["GET"]}}],"collection":[{"href":"https:\/\/www.outsiderland.com\/orpailleur2\/wp-json\/wp\/v2\/pages"}],"about":[{"href":"https:\/\/www.outsiderland.com\/orpailleur2\/wp-json\/wp\/v2\/types\/page"}],"author":[{"embeddable":true,"href":"https:\/\/www.outsiderland.com\/orpailleur2\/wp-json\/wp\/v2\/users\/1"}],"replies":[{"embeddable":true,"href":"https:\/\/www.outsiderland.com\/orpailleur2\/wp-json\/wp\/v2\/comments?post=601"}],"version-history":[{"count":0,"href":"https:\/\/www.outsiderland.com\/orpailleur2\/wp-json\/wp\/v2\/pages\/601\/revisions"}],"up":[{"embeddable":true,"href":"https:\/\/www.outsiderland.com\/orpailleur2\/wp-json\/wp\/v2\/pages\/1476"}],"wp:attachment":[{"href":"https:\/\/www.outsiderland.com\/orpailleur2\/wp-json\/wp\/v2\/media?parent=601"}],"curies":[{"name":"wp","href":"https:\/\/api.w.org\/{rel}","templated":true}]}}