{"id":530,"date":"2018-11-05T14:51:39","date_gmt":"2018-11-05T13:51:39","guid":{"rendered":"https:\/\/outsiderland.com\/orpailleur\/?page_id=530"},"modified":"2026-02-11T13:04:38","modified_gmt":"2026-02-11T13:04:38","slug":"je-tavais-dit-ne-viens-pas-avant-midi-au-paradis","status":"publish","type":"page","link":"https:\/\/www.outsiderland.com\/orpailleur2\/catalogue\/je-tavais-dit-ne-viens-pas-avant-midi-au-paradis\/","title":{"rendered":"Je t&rsquo;avais dit : ne viens pas avant midi, au paradis"},"content":{"rendered":"<p style=\"text-align: justify;\"><a href=\"https:\/\/www.outsiderland.com\/orpailleur2\/wp-content\/uploads\/2018\/10\/Couverture-recto-pour-web.jpg\" rel=\"attachment wp-att-520\"><img loading=\"lazy\" decoding=\"async\" class=\"size-medium wp-image-520 alignleft\" src=\"https:\/\/www.outsiderland.com\/orpailleur2\/wp-content\/uploads\/2018\/10\/Couverture-recto-pour-web-213x300.jpg\" alt=\"Couverture\" width=\"213\" height=\"300\" srcset=\"https:\/\/www.outsiderland.com\/orpailleur2\/wp-content\/uploads\/2018\/10\/Couverture-recto-pour-web-213x300.jpg 213w, https:\/\/www.outsiderland.com\/orpailleur2\/wp-content\/uploads\/2018\/10\/Couverture-recto-pour-web-727x1024.jpg 727w, https:\/\/www.outsiderland.com\/orpailleur2\/wp-content\/uploads\/2018\/10\/Couverture-recto-pour-web-768x1081.jpg 768w, https:\/\/www.outsiderland.com\/orpailleur2\/wp-content\/uploads\/2018\/10\/Couverture-recto-pour-web.jpg 797w\" sizes=\"auto, (max-width: 213px) 100vw, 213px\" \/><\/a><strong>4\u00e8me de couverture :<\/strong><em><br \/>\n<\/em><\/p>\n<p><em>Du double jeu du tu il est ici question.<\/em><br \/>\n<em>D\u2019un tu qui est l\u2019autre du dialogue, l\u2019\u00e9tranger qu\u2019on invite \u00e0 sa table et qu\u2019on re\u00e7oit comme un dieu en voyage. <\/em><br \/>\n<em>Comme un fr\u00e8re.<\/em><br \/>\n<em>Comme celui qui n\u2019est qu\u2019un je d\u00e9guis\u00e9, le masque \u00e0 qui tu t\u2019adresses et qui parle comme personne, qui te lance, quand tu arrives en avance au banquet : \u00ab Je t\u2019avais dit pas avant midi ! \u00bb<\/em><\/p>\n<p><em>Ce texte n\u2019est pas un journal de deuil.<\/em><br \/>\n<em>Tu n\u2019aimes pas le mot <\/em>deuil<em>. Le <\/em>travail de deuil<em> : trop technique.<\/em><br \/>\n<em>Tu pr\u00e9f\u00e8res le chagrin. <\/em><br \/>\n<em>Habiter ton chagrin.<\/em><br \/>\n<em>Et c\u2019est ce que tu fais.<\/em><br \/>\n<em>En po\u00e8te.<\/em><br \/>\n<em>Et c\u2019est ce qui te rend vivante.<\/em><\/p>\n<p style=\"text-align: right;\">Denis Montebello<\/p>\n<hr \/>\n<p style=\"text-align: left;\"><strong>Lisez 3 pages extraites du livre<\/strong> en cliquant <a href=\"https:\/\/ahp.li\/9e7fcaf20581560c6edd.pdf\" target=\"_blank\" rel=\"noopener\">ici<\/a><\/p>\n<hr \/>\n<p>Date de parution : octobre 2018<br \/>\nFormat : 13,5 x 19 cm<br \/>\nNombre de pages : 100<br \/>\nPrix : 13\u20ac (frais de port offerts)<\/p>\n<div>\n<form action=\"https:\/\/www.paypal.com\/cgi-bin\/webscr\" method=\"post\" target=\" paypal \"><input name=\"cmd\" type=\"hidden\" value=\"_cart\" \/><input name=\"business\" type=\"hidden\" value=\"lorpailleur@orange.fr\" \/><input name=\"lc\" type=\"hidden\" value=\"FR\" \/><input name=\"item_name\" type=\"hidden\" value=\"Je t'avais dit : ne viens pas avant midi, au paradis\" \/><input name=\"amount\" type=\"hidden\" value=\"13.00\" \/><input name=\"currency_code\" type=\"hidden\" value=\"EUR\" \/><input name=\"button_subtype\" type=\"hidden\" value=\"products\" \/><br \/>\n<input name=\"add\" type=\"hidden\" value=\"1\" \/><input name=\"bn\" type=\"hidden\" value=\"PP-ShopCartBF:btn_cart_LG.gif:NonHosted\" \/><input alt=\"PayPal - la solution de paiement en ligne la plus simple et la plus s\u00e9curis\u00e9e !\" name=\"submit\" src=\"https:\/\/www.paypalobjects.com\/fr_FR\/FR\/i\/btn\/btn_cart_LG.gif\" type=\"image\" \/><img loading=\"lazy\" decoding=\"async\" src=\"https:\/\/www.paypalobjects.com\/fr_FR\/i\/scr\/pixel.gif\" alt=\"\" width=\"1\" height=\"1\" border=\"0\" \/><\/form>\n<\/div>\n<hr \/>\n<p style=\"text-align: left;\"><strong>Critiques<\/strong><\/p>\n<p>Nathalie \u00e9tait l\u2019 <strong><em>Auteur du mois<\/em><\/strong> en novembre 2020 sur le site litzic.fr, retrouvez tous les articles ou entretiens qui lui ont \u00e9t\u00e9 consacr\u00e9s en cliquant <a href=\"https:\/\/litzic.fr\/l-auteur-du-mois\/nathalie-straseele-bilan\/\"><strong>ici<\/strong><\/a> et en suivant les liens de bas de page.<\/p>\n<p>**********<\/p>\n<p><strong>La critique du roman<\/strong> sur Litzic est \u00e0 lire <a href=\"https:\/\/litzic.fr\/l-auteur-du-mois\/nathalie-straseele-tavais-dit-pas-avant-midi\/\" target=\"_blank\" rel=\"noopener\"><strong>ici<\/strong><\/a>.<\/p>\n<p>**********<br \/>\nSur RadioActiv\u2019 l\u2019\u00e9mission <strong>Bande Originale de Livres<\/strong> du 09\/11\/2020 \u00e9tait consacr\u00e9e \u00e0 <em><u>Je t\u2019avais dit : ne viens pas avant midi, au paradis<\/u><\/em>, vous pouvez l\u2019\u00e9couter <a href=\"https:\/\/sd-5b.archive-host.com\/membres\/up\/cf7267cdfebbaca9a70d39be54bb00702eaeae52\/LORPAILLEUR\/emissions_radio\/Bande_Originale_de_Livres_2020_11_09_Je_tavais_dit.mp3\" target=\"_blank\" rel=\"noopener\"><strong>ici<\/strong><\/a><strong>.<\/strong><\/p>\n<p>Sur RadioActiv\u2019 l\u2019\u00e9mission <strong>Bande Originale de Livres<\/strong> du 11\/11\/2020 proposait un <strong>entretien avec Nathalie Straseele<\/strong> \u00e0 \u00e9couter <a href=\"https:\/\/sd-5b.archive-host.com\/membres\/up\/cf7267cdfebbaca9a70d39be54bb00702eaeae52\/LORPAILLEUR\/emissions_radio\/Bande_Originale_de_Livres_2020_11_11_Entretien_Nathalie_Straseele.mp3\" target=\"_blank\" rel=\"noopener\"><strong>ici<\/strong><\/a><\/p>\n<div><\/div>\n<hr \/>\n<figure id=\"attachment_1133\" aria-describedby=\"caption-attachment-1133\" style=\"width: 300px\" class=\"wp-caption alignleft\"><a href=\"https:\/\/www.outsiderland.com\/orpailleur2\/wp-content\/uploads\/2018\/11\/les-37-marches-du-paradis-1.jpg\" rel=\"attachment wp-att-1133\"><img loading=\"lazy\" decoding=\"async\" class=\"wp-image-1133 size-medium\" src=\"https:\/\/www.outsiderland.com\/orpailleur2\/wp-content\/uploads\/2018\/11\/les-37-marches-du-paradis-1-300x226.jpg\" alt=\"les 37 marches du paradis \/ Peinture de Nathalie Straseele (tous droits r\u00e9serv\u00e9s)\" width=\"300\" height=\"226\" srcset=\"https:\/\/www.outsiderland.com\/orpailleur2\/wp-content\/uploads\/2018\/11\/les-37-marches-du-paradis-1-300x226.jpg 300w, https:\/\/www.outsiderland.com\/orpailleur2\/wp-content\/uploads\/2018\/11\/les-37-marches-du-paradis-1-1024x772.jpg 1024w, https:\/\/www.outsiderland.com\/orpailleur2\/wp-content\/uploads\/2018\/11\/les-37-marches-du-paradis-1-768x579.jpg 768w, https:\/\/www.outsiderland.com\/orpailleur2\/wp-content\/uploads\/2018\/11\/les-37-marches-du-paradis-1-1536x1158.jpg 1536w, https:\/\/www.outsiderland.com\/orpailleur2\/wp-content\/uploads\/2018\/11\/les-37-marches-du-paradis-1.jpg 1994w\" sizes=\"auto, (max-width: 300px) 100vw, 300px\" \/><\/a><figcaption id=\"caption-attachment-1133\" class=\"wp-caption-text\">les 37 marches du paradis \/ Peinture de Nathalie Straseele (tous droits r\u00e9serv\u00e9s)<\/figcaption><\/figure>\n<p><strong>\u00c9coutez <\/strong>ci-dessous 3 titres de et par St\u00e9phane Straseele, le fr\u00e8re dont il est question dans ce roman.<strong><br \/>\n<\/strong><\/p>\n<p style=\"text-align: justify;\">Attention : ces captations sont des versions de travail qui n&rsquo;avaient pas vocation \u00e0 \u00eatre publi\u00e9es. La prise de son est loin d&rsquo;\u00eatre d&rsquo;une qualit\u00e9 optimale, mais ces archives ont valeur de t\u00e9moignage, c&rsquo;est \u00e0 ce titre qu&rsquo;elles sont propos\u00e9es ici.<\/p>\n<p><em>\u00a0<\/em><\/p>\n<p>&nbsp;<\/p>\n<p><em><strong>On est ici pour s&rsquo;ex\u00e9cuter\u00a0 <\/strong><\/em>(vous pouvez retrouver le texte <a href=\"https:\/\/ahp.li\/3380ace8f400239b5b9a.pdf\" target=\"_blank\" rel=\"noopener\"><strong>ici<\/strong><\/a>)<em><strong><br \/>\n<\/strong><\/em><\/p>\n<audio class=\"wp-audio-shortcode\" id=\"audio-530-1\" preload=\"none\" style=\"width: 100%;\" controls=\"controls\"><source type=\"audio\/mpeg\" src=\"https:\/\/ahp.li\/5e8323dc032408139011.mp3?_=1\" \/><a href=\"https:\/\/ahp.li\/5e8323dc032408139011.mp3\">https:\/\/ahp.li\/5e8323dc032408139011.mp3<\/a><\/audio>\n<p>&nbsp;<\/p>\n<p><em><strong>L&rsquo;eau des rivi\u00e8res\u00a0 <\/strong><\/em>(avec V\u00e9ronique Delahousse-Straseele au chant) (vous pouvez retrouver le texte <span style=\"color: #993366;\"><strong><a style=\"color: #993366;\" href=\"https:\/\/ahp.li\/d9e1c7150ae16a17aece.pdf\" target=\"_blank\" rel=\"noopener\">ici<\/a><\/strong><\/span>)<em><strong><br \/>\n<\/strong><\/em><\/p>\n<audio class=\"wp-audio-shortcode\" id=\"audio-530-2\" preload=\"none\" style=\"width: 100%;\" controls=\"controls\"><source type=\"audio\/mpeg\" src=\"https:\/\/ahp.li\/a4ec0d5d77eeed073627.mp3?_=2\" \/><a href=\"https:\/\/ahp.li\/a4ec0d5d77eeed073627.mp3\">https:\/\/ahp.li\/a4ec0d5d77eeed073627.mp3<\/a><\/audio>\n<p>&nbsp;<\/p>\n<p><em><strong>A personne <\/strong><\/em>(avec V\u00e9ronique Delahousse-Straseele au chant)<em><strong>\u00a0<\/strong><\/em>(vous pouvez retrouver le texte <span style=\"color: #993366;\"><a style=\"color: #993366;\" href=\"https:\/\/ahp.li\/227872c0cbb022ef6bf4.pdf\" target=\"_blank\" rel=\"noopener\"><strong>ici<\/strong><\/a><\/span>)<\/p>\n<audio class=\"wp-audio-shortcode\" id=\"audio-530-3\" preload=\"none\" style=\"width: 100%;\" controls=\"controls\"><source type=\"audio\/mpeg\" src=\"https:\/\/ahp.li\/01a31051a0ebfd17147e.mp3?_=3\" \/><a href=\"https:\/\/ahp.li\/01a31051a0ebfd17147e.mp3\">https:\/\/ahp.li\/01a31051a0ebfd17147e.mp3<\/a><\/audio>\n","protected":false},"excerpt":{"rendered":"<p>4\u00e8me de couverture : Du double jeu du tu il est ici question. D\u2019un tu qui est l\u2019autre du dialogue, l\u2019\u00e9tranger qu\u2019on invite \u00e0 sa table et qu\u2019on re\u00e7oit comme un dieu en voyage. Comme un fr\u00e8re. Comme celui qui <a class=\"more-link\" href=\"https:\/\/www.outsiderland.com\/orpailleur2\/catalogue\/je-tavais-dit-ne-viens-pas-avant-midi-au-paradis\/\">Continuer la lecture <span class=\"screen-reader-text\">  Je t&rsquo;avais dit : ne viens pas avant midi, au paradis<\/span><span class=\"meta-nav\">&rarr;<\/span><\/a><\/p>\n","protected":false},"author":1,"featured_media":0,"parent":1476,"menu_order":12,"comment_status":"closed","ping_status":"closed","template":"","meta":{"footnotes":""},"class_list":["post-530","page","type-page","status-publish","hentry"],"_links":{"self":[{"href":"https:\/\/www.outsiderland.com\/orpailleur2\/wp-json\/wp\/v2\/pages\/530","targetHints":{"allow":["GET"]}}],"collection":[{"href":"https:\/\/www.outsiderland.com\/orpailleur2\/wp-json\/wp\/v2\/pages"}],"about":[{"href":"https:\/\/www.outsiderland.com\/orpailleur2\/wp-json\/wp\/v2\/types\/page"}],"author":[{"embeddable":true,"href":"https:\/\/www.outsiderland.com\/orpailleur2\/wp-json\/wp\/v2\/users\/1"}],"replies":[{"embeddable":true,"href":"https:\/\/www.outsiderland.com\/orpailleur2\/wp-json\/wp\/v2\/comments?post=530"}],"version-history":[{"count":1,"href":"https:\/\/www.outsiderland.com\/orpailleur2\/wp-json\/wp\/v2\/pages\/530\/revisions"}],"predecessor-version":[{"id":1568,"href":"https:\/\/www.outsiderland.com\/orpailleur2\/wp-json\/wp\/v2\/pages\/530\/revisions\/1568"}],"up":[{"embeddable":true,"href":"https:\/\/www.outsiderland.com\/orpailleur2\/wp-json\/wp\/v2\/pages\/1476"}],"wp:attachment":[{"href":"https:\/\/www.outsiderland.com\/orpailleur2\/wp-json\/wp\/v2\/media?parent=530"}],"curies":[{"name":"wp","href":"https:\/\/api.w.org\/{rel}","templated":true}]}}