{"id":500,"date":"2018-03-25T13:55:26","date_gmt":"2018-03-25T12:55:26","guid":{"rendered":"https:\/\/outsiderland.com\/orpailleur\/?page_id=500"},"modified":"2018-03-25T13:55:26","modified_gmt":"2018-03-25T12:55:26","slug":"faillir","status":"publish","type":"page","link":"https:\/\/www.outsiderland.com\/orpailleur2\/catalogue\/faillir\/","title":{"rendered":"Faillir"},"content":{"rendered":"<p style=\"text-align: justify;\"><a href=\"https:\/\/www.outsiderland.com\/orpailleur2\/wp-content\/uploads\/2015\/09\/Recto-Couverture-Faillir-avec-cadre.jpg\" rel=\"attachment wp-att-496\"><img loading=\"lazy\" decoding=\"async\" class=\"size-medium wp-image-496 alignleft\" src=\"https:\/\/www.outsiderland.com\/orpailleur2\/wp-content\/uploads\/2015\/09\/Recto-Couverture-Faillir-avec-cadre-213x300.jpg\" alt=\"Recto Couverture Faillir avec cadre\" width=\"213\" height=\"300\" srcset=\"https:\/\/www.outsiderland.com\/orpailleur2\/wp-content\/uploads\/2015\/09\/Recto-Couverture-Faillir-avec-cadre-213x300.jpg 213w, https:\/\/www.outsiderland.com\/orpailleur2\/wp-content\/uploads\/2015\/09\/Recto-Couverture-Faillir-avec-cadre-728x1024.jpg 728w, https:\/\/www.outsiderland.com\/orpailleur2\/wp-content\/uploads\/2015\/09\/Recto-Couverture-Faillir-avec-cadre-768x1080.jpg 768w, https:\/\/www.outsiderland.com\/orpailleur2\/wp-content\/uploads\/2015\/09\/Recto-Couverture-Faillir-avec-cadre-1092x1536.jpg 1092w, https:\/\/www.outsiderland.com\/orpailleur2\/wp-content\/uploads\/2015\/09\/Recto-Couverture-Faillir-avec-cadre-1456x2048.jpg 1456w, https:\/\/www.outsiderland.com\/orpailleur2\/wp-content\/uploads\/2015\/09\/Recto-Couverture-Faillir-avec-cadre.jpg 1595w\" sizes=\"auto, (max-width: 213px) 100vw, 213px\" \/><\/a><strong>4\u00e8me de couverture :<em><br \/>\n<\/em><\/strong><\/p>\n<p><em>Que reste-t-il \u00e0 dire quand tout est racont\u00e9\u00a0? Il y a un crime et ce crime interpelle ses signes avant-coureurs, compose sa lin\u00e9arit\u00e9, \u00e9nonce sa pathologie, renferme en lui-m\u00eame sa n\u00e9cessit\u00e9, lisse, r\u00e9ifi\u00e9e, officielle.<\/em><br \/>\n<em>Quand tout est racont\u00e9 par avance, il reste \u00e0 dire ce qui d\u00e9borde, ce que ne peut saisir le r\u00e9cit d\u2019une vie livr\u00e9 derri\u00e8re les portes du pr\u00e9toire, de la prison, de l\u2019h\u00f4pital. Il reste \u00e0 entendre cette autre fatalit\u00e9, discontinue, heurt\u00e9e, subreptice. L\u2019histoire de quelqu\u2019un qui s\u2019\u00e9poumone \u00e0 courir apr\u00e8s sa folie, s\u2019y \u00e9touffe, soupire encore.<\/em><br \/>\n<em>C\u2019est \u00e0 l\u2019accusatif que la folie met en demeure la raison qui voudrait la recouvrir. Sous la plume de l\u2019auteur les images d\u00e9placent, le brutal se donne avec distinction. Un texte qui d\u00e9route sans \u00e9garer, histoire de voir ce qui s\u2019ouvre en marge du convenu.<\/em><\/p>\n<p style=\"text-align: right;\">Julien Sterck<\/p>\n<hr \/>\n<p style=\"text-align: left;\"><strong>Lisez les 3 premi\u00e8res pages<\/strong> du livre en cliquant <a href=\"https:\/\/ahp.li\/c25f75c5c278fc5fb23b.pdf\" target=\"_blank\">ici<\/a><\/p>\n<hr \/>\n<p>Date de parution : 23 mars 2018<br \/>\nFormat : 13,5 x 19 cm<br \/>\nNombre de pages : 202<br \/>\nPrix : 20<span style=\"color: #000000;\">\u20ac<del><\/del><\/span> (frais de port offerts)<\/td>\n<div>\n<form action=\"https:\/\/www.paypal.com\/cgi-bin\/webscr\" method=\"post\" target=\" paypal \"><input name=\"cmd\" type=\"hidden\" value=\"_cart\" \/><input name=\"business\" type=\"hidden\" value=\"lorpailleur@orange.fr\" \/><input name=\"lc\" type=\"hidden\" value=\"FR\" \/><input name=\"item_name\" type=\"hidden\" value=\"Faillir\" \/><input name=\"amount\" type=\"hidden\" value=\"20.00\" \/><input name=\"currency_code\" type=\"hidden\" value=\"EUR\" \/><input name=\"button_subtype\" type=\"hidden\" value=\"products\" \/><input name=\"add\" type=\"hidden\" value=\"1\" \/><input name=\"bn\" type=\"hidden\" value=\"PP-ShopCartBF:btn_cart_LG.gif:NonHosted\" \/><input alt=\"PayPal - la solution de paiement en ligne la plus simple et la plus s\u00e9curis\u00e9e !\" name=\"submit\" src=\"https:\/\/www.paypalobjects.com\/fr_FR\/FR\/i\/btn\/btn_cart_LG.gif\" type=\"image\" \/><img loading=\"lazy\" decoding=\"async\" src=\"https:\/\/www.paypalobjects.com\/fr_FR\/i\/scr\/pixel.gif\" alt=\"\" width=\"1\" height=\"1\" border=\"0\" \/><\/form>\n<\/div>\n<\/td>\n<hr \/>\n<p style=\"text-align: left;\"><strong>Critiques<\/strong><\/p>\n<p>David \u00e9tait l&rsquo; <em><strong>Auteur du mois<\/strong><\/em> en octobre 2020 sur le site litzic.fr, retrouvez tous les <strong>articles ou entretiens<\/strong> qui lui ont \u00e9t\u00e9 consacr\u00e9s en cliquant <span style=\"text-decoration: underline;\"><span style=\"color: #800080; text-decoration: underline;\"><strong><a style=\"color: #800080; text-decoration: underline;\" href=\"https:\/\/litzic.fr\/l-auteur-du-mois\/david-fonseca-la-faim-de-la-fin\/\" target=\"_blank\">ici<\/a><\/strong><\/span><\/span> et en suivant les liens de bas de page.<\/p>\n<p><strong>La critique de <span style=\"text-decoration: underline;\"><em>Faillir<\/em> <\/span>sur le site Litzic<\/strong> est \u00e0 lire <strong><a href=\"https:\/\/litzic.fr\/l-auteur-du-mois\/david-fonseca-faillir\/\" target=\"_blank\">ici<\/a><\/strong>.<\/p>\n<p>**********<\/p>\n<p>Sur RadioActiv&rsquo; l&rsquo;\u00e9mission <strong>Bande Originale de Livres du 05\/10\/2020 \u00e9tait consacr\u00e9e \u00e0 ses livres<\/strong>, vous pouvez l&rsquo;\u00e9couter <span style=\"text-decoration: underline;\"><strong><span style=\"color: #800080; text-decoration: underline;\"><a style=\"color: #800080; text-decoration: underline;\" href=\"https:\/\/sd-5b.archive-host.com\/membres\/up\/cf7267cdfebbaca9a70d39be54bb00702eaeae52\/LORPAILLEUR\/emissions_radio\/Bande_Originale_de_Livres_2020_10_05_Cellules_et_Faillir.mp3\" target=\"_blank\">ici<\/a><\/span><\/strong><\/span><\/p>\n<p>Sur RadioActiv&rsquo; l&rsquo;\u00e9mission Bande Originale de Livres du 07\/10\/2020 proposait un <strong>entretien avec David Fonseca<\/strong> \u00e0 \u00e9couter <span style=\"text-decoration: underline;\"><span style=\"color: #800080; text-decoration: underline;\"><strong><a style=\"color: #800080; text-decoration: underline;\" href=\"https:\/\/sd-5b.archive-host.com\/membres\/up\/cf7267cdfebbaca9a70d39be54bb00702eaeae52\/LORPAILLEUR\/emissions_radio\/Bande_Originale_de_Livres_2020_10_07_Entretien_David_Fonseca.mp3\" target=\"_blank\">ici<\/a><\/strong><\/span><\/span><\/p>\n<p>**********<\/p>\n<p>Le site lelitteraire.com, propose un entretien avec David Fonseca \u00e0 retrouver <span style=\"text-decoration: underline;\"><span style=\"color: #800080; text-decoration: underline;\"><strong><a style=\"color: #800080; text-decoration: underline;\" href=\"http:\/\/www.lelitteraire.com\/?p=65102\" target=\"_blank\">ici<\/a><\/strong><\/span><\/span> et un article \u00e0 propos de <em><span style=\"text-decoration: underline;\">Faillir<\/span> <\/em>\u00e0 lire <span style=\"text-decoration: underline;\"><span style=\"color: #800080; text-decoration: underline;\"><strong><a style=\"color: #800080; text-decoration: underline;\" href=\"http:\/\/www.lelitteraire.com\/?p=65066\" target=\"_blank\">ici<\/a><\/strong><\/span><\/span><\/p>\n<p>**********<\/p>\n<p>Article \u00e0 propos des deux romans de David sur le blog de l\u2019art helv\u00e9tique contemporain \u00e0 lire <span style=\"text-decoration: underline;\"><strong><span style=\"color: #800080; text-decoration: underline;\"><a style=\"color: #800080; text-decoration: underline;\" href=\"http:\/\/delarthelvetiquecontemporain.blog.24heures.ch\/archive\/2020\/10\/27\/point-s-de-chute-david-fonseca-869962.html\" target=\"_blank\">ici<\/a><\/span><\/strong><\/span><\/p>\n<p>**********<\/p>\n<p>\u00c0 aucun moment je n\u2019ai lu ce livre en pensant qu\u2019il s\u2019agissait d\u2019une biographie du fr\u00e8re racont\u00e9e \u00e0 la premi\u00e8re personne, pas plus que d\u2019un dialogue avec un psychiatre dont on n\u2019entend jamais la voix et dont les r\u00e9actions sont interpr\u00e9t\u00e9es. Pour moi, d\u00e8s le d\u00e9part, j\u2019ai \u00e9t\u00e9 persuad\u00e9e que c\u2019\u00e9tait bien David Fonseca qui parlait et qui, dans le but de se mettre \u00e0 la place de son fr\u00e8re de mani\u00e8re fictive, tentait de prendre sa part de ce qu\u2019il avait fait. Il a \u00e9crit sa version, sa perception, sa conviction, \u00e0 partir des faits dont il avait la connaissance, lui ayant \u00e9t\u00e9 suffisamment proche pour pouvoir le faire.<br \/>\nPour moi donc, c\u2019est bien l\u2019auteur, qui \u00e0 sa mani\u00e8re, essaie par ce biais de s\u2019approprier l\u2019inadmissible, en faire sa chose et ainsi, la rendre pour lui acceptable, supportable. Pour s\u2019en d\u00e9charger partiellement, pour que ce soit moins lourd. Le papier imprim\u00e9 devient un support, un \u00e9tai. C\u2019est l\u2019a\u00een\u00e9 qui, dans une n\u00e9cessit\u00e9 \u00e0 laquelle il n\u2019a pu se soustraire, tente par l\u2019\u00e9criture cette exploration du continent myst\u00e9rieux o\u00f9 s\u2019est \u00e9gar\u00e9 son fr\u00e8re, et il le fait avec ses armes \u00e0 lui, sa connaissance et sa ma\u00eetrise impressionnante de la langue, sa capacit\u00e9 de la plier \u00e0 sa volont\u00e9, sa culture litt\u00e9raire, philosophique, artistique et sociale. Le choix de cette litanie d\u2019auteurs n\u2019est pas innocent. La culture est ici un garde-fou, elle est brandie sans retenue, presque exalt\u00e9e, comme si chaque auteur cit\u00e9 permettait d\u2019ajouter une pierre au rempart qu\u2019il tente d\u2019\u00e9difier entre l\u2019acte de son fr\u00e8re et sa propre existence. D\u2019o\u00f9 ce texte satur\u00e9 de mots tortur\u00e9s, d\u00e9vi\u00e9s, violent\u00e9s, broy\u00e9s et reconstitu\u00e9s dans leur sens et dans leur consonance, ce texte d\u00e9bordant de r\u00e9f\u00e9rences encha\u00een\u00e9es, de noms d\u2019\u00e9crivains qu\u2019il met dans la bouche de son fr\u00e8re (ou dans sa pens\u00e9e, car le psychiatre suppos\u00e9 n\u2019a pas beaucoup d\u2019\u00e9paisseur et de r\u00e9alit\u00e9) d\u00e9versant un trop-plein culturel volontairement invraisemblable, pour qu\u2019il n\u2019y ait pas d\u2019ambigu\u00eft\u00e9, qu\u2019on sache bien ce qu\u2019il en est en r\u00e9alit\u00e9, c\u2019est David qui parle, c\u2019est David qui \u00e9crit, qui d\u00e9roule pour le lecteur ce parcours dont il a d\u00fb \u00eatre le t\u00e9moin oblig\u00e9, ligot\u00e9 familialement, qu\u2019il tente de communiquer, d\u2019analyser, d\u2019exorciser. Une tentative de se mettre dans la peau, dans l\u2019esprit et dans les obsessions de son fr\u00e8re, de p\u00e9n\u00e9trer ses parts obscures par l\u2019alchimie de l\u2019\u00e9criture. Le livre achev\u00e9, il aura endoss\u00e9 \u00e0 sa fa\u00e7on une part du crime, il aura particip\u00e9 au tourment (et \u00e0 celui des victimes, dont il est tr\u00e8s peu question n\u00e9anmoins) ce crime qui, apr\u00e8s avoir \u00e9t\u00e9 suspendu au-dessus de la t\u00eate du lecteur pendant 124 pages, explose brutalement et fait pleuvoir ses retomb\u00e9es jusqu\u2019\u00e0 la fin du livre.<br \/>\nLe ressassement exasp\u00e9r\u00e9 et exasp\u00e9rant du mot crime et les invectives au pr\u00e9tendu psychiatre participent au malaise naus\u00e9eux de toute cette affaire ou rien, jamais, ne semble pouvoir basculer du c\u00f4t\u00e9 positif, pas m\u00eame la culture lev\u00e9e ici comme autant de boucliers inutiles et non salvateurs.<br \/>\nJ\u2019ai \u00e9t\u00e9, comme absolument toutes les femmes, confront\u00e9es dans ma vie \u00e0 la violence masculine, en tant que concern\u00e9e ou t\u00e9moin, et il ne m\u2019est donc pas facile de consid\u00e9rer de fa\u00e7on objective le sujet, d\u2019autant que dans ce livre, le c\u00f4t\u00e9 f\u00e9minin est laiss\u00e9 compl\u00e8tement de c\u00f4t\u00e9. Il n\u2019est que le r\u00e9v\u00e9lateur, le d\u00e9clencheur. (\u2026)<br \/>\nPour conclure, la lecture de <em>Faillir<\/em>, en plus d\u2019\u00eatre ce qu\u2019elle est, une sorte de travers\u00e9e p\u00e9rilleuse, jette un nouvel \u00e9clairage sur <em>Cellules<\/em> (p 162 et autres) et sur le th\u00e8me de l\u2019enfermement.<\/p>\n<p style=\"text-align: right;\">Sylvie Aubriot (France)<\/p>\n","protected":false},"excerpt":{"rendered":"<p>4\u00e8me de couverture : Que reste-t-il \u00e0 dire quand tout est racont\u00e9\u00a0? Il y a un crime et ce crime interpelle ses signes avant-coureurs, compose sa lin\u00e9arit\u00e9, \u00e9nonce sa pathologie, renferme en lui-m\u00eame sa n\u00e9cessit\u00e9, lisse, r\u00e9ifi\u00e9e, officielle. Quand tout <a class=\"more-link\" href=\"https:\/\/www.outsiderland.com\/orpailleur2\/catalogue\/faillir\/\">Continuer la lecture <span class=\"screen-reader-text\">  Faillir<\/span><span class=\"meta-nav\">&rarr;<\/span><\/a><\/p>\n","protected":false},"author":1,"featured_media":0,"parent":1476,"menu_order":11,"comment_status":"closed","ping_status":"closed","template":"","meta":{"footnotes":""},"class_list":["post-500","page","type-page","status-publish","hentry"],"_links":{"self":[{"href":"https:\/\/www.outsiderland.com\/orpailleur2\/wp-json\/wp\/v2\/pages\/500","targetHints":{"allow":["GET"]}}],"collection":[{"href":"https:\/\/www.outsiderland.com\/orpailleur2\/wp-json\/wp\/v2\/pages"}],"about":[{"href":"https:\/\/www.outsiderland.com\/orpailleur2\/wp-json\/wp\/v2\/types\/page"}],"author":[{"embeddable":true,"href":"https:\/\/www.outsiderland.com\/orpailleur2\/wp-json\/wp\/v2\/users\/1"}],"replies":[{"embeddable":true,"href":"https:\/\/www.outsiderland.com\/orpailleur2\/wp-json\/wp\/v2\/comments?post=500"}],"version-history":[{"count":0,"href":"https:\/\/www.outsiderland.com\/orpailleur2\/wp-json\/wp\/v2\/pages\/500\/revisions"}],"up":[{"embeddable":true,"href":"https:\/\/www.outsiderland.com\/orpailleur2\/wp-json\/wp\/v2\/pages\/1476"}],"wp:attachment":[{"href":"https:\/\/www.outsiderland.com\/orpailleur2\/wp-json\/wp\/v2\/media?parent=500"}],"curies":[{"name":"wp","href":"https:\/\/api.w.org\/{rel}","templated":true}]}}