{"id":452,"date":"2017-11-04T13:54:50","date_gmt":"2017-11-04T12:54:50","guid":{"rendered":"https:\/\/outsiderland.com\/orpailleur\/?page_id=452"},"modified":"2026-02-11T13:03:31","modified_gmt":"2026-02-11T13:03:31","slug":"au-bout-la-region-vide","status":"publish","type":"page","link":"https:\/\/www.outsiderland.com\/orpailleur2\/catalogue\/au-bout-la-region-vide\/","title":{"rendered":"Au bout, la R\u00e9gion Vide"},"content":{"rendered":"<p style=\"text-align: justify;\"><a href=\"https:\/\/www.outsiderland.com\/orpailleur2\/wp-content\/uploads\/2017\/09\/Recto-Couverture-Au-bout-la-r%C3%A9gion-vide-avec-cadre.jpg\" rel=\"attachment wp-att-453\"><img loading=\"lazy\" decoding=\"async\" class=\"size-medium wp-image-453 alignleft\" src=\"https:\/\/www.outsiderland.com\/orpailleur2\/wp-content\/uploads\/2017\/09\/Recto-Couverture-Au-bout-la-region-vide-avec-cadre-213x300.jpg\" alt=\"\" width=\"213\" height=\"300\" srcset=\"https:\/\/www.outsiderland.com\/orpailleur2\/wp-content\/uploads\/2017\/09\/Recto-Couverture-Au-bout-la-region-vide-avec-cadre-213x300.jpg 213w, https:\/\/www.outsiderland.com\/orpailleur2\/wp-content\/uploads\/2017\/09\/Recto-Couverture-Au-bout-la-region-vide-avec-cadre-726x1024.jpg 726w, https:\/\/www.outsiderland.com\/orpailleur2\/wp-content\/uploads\/2017\/09\/Recto-Couverture-Au-bout-la-region-vide-avec-cadre-768x1084.jpg 768w, https:\/\/www.outsiderland.com\/orpailleur2\/wp-content\/uploads\/2017\/09\/Recto-Couverture-Au-bout-la-region-vide-avec-cadre-1088x1536.jpg 1088w, https:\/\/www.outsiderland.com\/orpailleur2\/wp-content\/uploads\/2017\/09\/Recto-Couverture-Au-bout-la-region-vide-avec-cadre-1451x2048.jpg 1451w, https:\/\/www.outsiderland.com\/orpailleur2\/wp-content\/uploads\/2017\/09\/Recto-Couverture-Au-bout-la-region-vide-avec-cadre.jpg 1590w\" sizes=\"auto, (max-width: 213px) 100vw, 213px\" \/><\/a><em><strong>4\u00e8me de couverture :<\/strong><br \/>\n<\/em><span style=\"text-decoration: underline;\">Au bout, la R\u00e9gion Vide<\/span><em> raconte l\u2019Afrique, une Afrique comme peu l\u2019ont connue, belle et aride, douce et abrupte. Mais aussi une Afrique rong\u00e9e par deux maux : l\u2019islamisme et l\u2019Ebola. C\u2019est en fuyant la violence religieuse et la maladie qu\u2019Alfa, le pisteur, nous fait traverser ce pays imaginaire qui m\u00e9lange l\u2019Afrique de l\u2019Est et de l\u2019Ouest. On retrouve un peu de Kenya, ou bien de Burkina Faso ou peut \u00eatre de Tchad.<\/em><br \/>\n<em>Alfa incarne l\u2019Afrique traditionnelle, celle des anc\u00eatres des marabouts et de la magie. Avec lui, on d\u00e9couvre une r\u00e9gion sans fronti\u00e8res, des paysages et des animaux, mais surtout des histoires. Parce qu\u2019Alfa est aussi conteur au Sakeso.<\/em><br \/>\n<em>Cette travers\u00e9e du continent en qu\u00eate d\u2019une oasis luxuriante nous emporte dans cette terre craquel\u00e9e par la soif, dans cette tourmente africaine. Tout cela se passe sous le regard et les signes de La\u2019aba, cet \u00eatre mystique qui repr\u00e9sente le tout et appara\u00eet soit en r\u00eave soit sous la forme d\u2019animaux pour guider le h\u00e9ros. <\/em><br \/>\n<em>Avec minutie et sensibilit\u00e9, la plume de Pascal Carr\u00e8re se fait l\u2019interpr\u00e8te de ces p\u00e9rip\u00e9ties, comme si l\u2019auteur \u00e9tait lui-m\u00eame africain, griot h\u00e9ritier d\u2019une longue tradition de conteurs.<\/em><\/p>\n<p style=\"text-align: right;\">Marie-Caroline Carr\u00e8re<\/p>\n<hr \/>\n<p style=\"text-align: left;\"><strong>Lisez les 3 premi\u00e8res pages<\/strong> du livre en cliquant <a href=\"https:\/\/ahp.li\/5d59d591115c6d37e11b.pdf\" target=\"_blank\" rel=\"noopener\">ici.<\/a><\/p>\n<hr \/>\n<p>Date de parution : 3 novembre 2017<br \/>\nFormat : 13,5 x 19 cm<br \/>\nNombre de pages : 202<br \/>\nPrix : 18\u20ac (frais de port offerts)<span style=\"color: #ff6600;\">Stock quasiment \u00e9puis\u00e9, nous contacter avant commande<\/span><\/p>\n<div>\n<form action=\"https:\/\/www.paypal.com\/cgi-bin\/webscr\" method=\"post\" target=\" paypal \"><input name=\"cmd\" type=\"hidden\" value=\"_cart\" \/><input name=\"business\" type=\"hidden\" value=\"lorpailleur@orange.fr\" \/><input name=\"lc\" type=\"hidden\" value=\"FR\" \/><input name=\"item_name\" type=\"hidden\" value=\"Au bout, la R\u00e9gion Vide\" \/><input name=\"amount\" type=\"hidden\" value=\"18.00\" \/><input name=\"currency_code\" type=\"hidden\" value=\"EUR\" \/><input name=\"button_subtype\" type=\"hidden\" value=\"products\" \/><input name=\"add\" type=\"hidden\" value=\"1\" \/><input name=\"bn\" type=\"hidden\" value=\"PP-ShopCartBF:btn_cart_LG.gif:NonHosted\" \/><input alt=\"PayPal - la solution de paiement en ligne la plus simple et la plus s\u00e9curis\u00e9e !\" name=\"submit\" src=\"https:\/\/www.paypalobjects.com\/fr_FR\/FR\/i\/btn\/btn_cart_LG.gif\" type=\"image\" \/><img loading=\"lazy\" decoding=\"async\" src=\"https:\/\/www.paypalobjects.com\/fr_FR\/i\/scr\/pixel.gif\" alt=\"\" width=\"1\" height=\"1\" border=\"0\" \/><\/form>\n<\/div>\n<hr \/>\n<p style=\"text-align: left;\"><strong>Critiques<\/strong><\/p>\n<p>Les \u00e9ditions Az\u2019art atelier vous offrent avec <em><u>Au bout, la R\u00e9gion Vide<\/u>\u00a0<\/em> une bien belle p\u00e9pite. Face au danger du virus Ebola qui commence son \u0153uvre destructrice, Alfa, pisteur et conteur traditionnel, d\u00e9cide de quitter sa r\u00e9gion et part \u00e0 la recherche de l\u2019Oasis heureuse. Le style magnifique de l\u2019auteur nous fait d\u00e9couvrir une Afrique sauvage et po\u00e9tique, mais aussi f\u00e9roce, terriblement cruelle, en proie au chaos avec la mont\u00e9e de l\u2019Islamisme. Un livre r\u00e9ellement magnifique.<\/p>\n<p style=\"text-align: right;\">Philippe L. Librairie Effets de pages (L&rsquo;Isle Jourdain &#8211; Gers &#8211; France)<\/p>\n","protected":false},"excerpt":{"rendered":"<p>4\u00e8me de couverture : Au bout, la R\u00e9gion Vide raconte l\u2019Afrique, une Afrique comme peu l\u2019ont connue, belle et aride, douce et abrupte. Mais aussi une Afrique rong\u00e9e par deux maux : l\u2019islamisme et l\u2019Ebola. C\u2019est en fuyant la violence <a class=\"more-link\" href=\"https:\/\/www.outsiderland.com\/orpailleur2\/catalogue\/au-bout-la-region-vide\/\">Continuer la lecture <span class=\"screen-reader-text\">  Au bout, la R\u00e9gion Vide<\/span><span class=\"meta-nav\">&rarr;<\/span><\/a><\/p>\n","protected":false},"author":1,"featured_media":0,"parent":1476,"menu_order":10,"comment_status":"closed","ping_status":"closed","template":"","meta":{"footnotes":""},"class_list":["post-452","page","type-page","status-publish","hentry"],"_links":{"self":[{"href":"https:\/\/www.outsiderland.com\/orpailleur2\/wp-json\/wp\/v2\/pages\/452","targetHints":{"allow":["GET"]}}],"collection":[{"href":"https:\/\/www.outsiderland.com\/orpailleur2\/wp-json\/wp\/v2\/pages"}],"about":[{"href":"https:\/\/www.outsiderland.com\/orpailleur2\/wp-json\/wp\/v2\/types\/page"}],"author":[{"embeddable":true,"href":"https:\/\/www.outsiderland.com\/orpailleur2\/wp-json\/wp\/v2\/users\/1"}],"replies":[{"embeddable":true,"href":"https:\/\/www.outsiderland.com\/orpailleur2\/wp-json\/wp\/v2\/comments?post=452"}],"version-history":[{"count":2,"href":"https:\/\/www.outsiderland.com\/orpailleur2\/wp-json\/wp\/v2\/pages\/452\/revisions"}],"predecessor-version":[{"id":1567,"href":"https:\/\/www.outsiderland.com\/orpailleur2\/wp-json\/wp\/v2\/pages\/452\/revisions\/1567"}],"up":[{"embeddable":true,"href":"https:\/\/www.outsiderland.com\/orpailleur2\/wp-json\/wp\/v2\/pages\/1476"}],"wp:attachment":[{"href":"https:\/\/www.outsiderland.com\/orpailleur2\/wp-json\/wp\/v2\/media?parent=452"}],"curies":[{"name":"wp","href":"https:\/\/api.w.org\/{rel}","templated":true}]}}