{"id":448,"date":"2017-09-30T15:25:43","date_gmt":"2017-09-30T14:25:43","guid":{"rendered":"https:\/\/outsiderland.com\/orpailleur\/?page_id=448"},"modified":"2017-09-30T15:25:43","modified_gmt":"2017-09-30T14:25:43","slug":"liz","status":"publish","type":"page","link":"https:\/\/www.outsiderland.com\/orpailleur2\/catalogue\/liz\/","title":{"rendered":"Liz"},"content":{"rendered":"<p style=\"text-align: justify;\"><a href=\"https:\/\/www.outsiderland.com\/orpailleur2\/wp-content\/uploads\/2015\/09\/Recto-Couverture-Liz-v1-titre-grossi-avec-cadre.jpg\" rel=\"attachment wp-att-446\"><img loading=\"lazy\" decoding=\"async\" class=\"size-medium wp-image-446 alignleft\" src=\"https:\/\/www.outsiderland.com\/orpailleur2\/wp-content\/uploads\/2015\/09\/Recto-Couverture-Liz-v1-titre-grossi-avec-cadre-213x300.jpg\" alt=\"Recto Couverture Liz v1 titre grossi avec cadre\" width=\"213\" height=\"300\" srcset=\"https:\/\/www.outsiderland.com\/orpailleur2\/wp-content\/uploads\/2015\/09\/Recto-Couverture-Liz-v1-titre-grossi-avec-cadre-213x300.jpg 213w, https:\/\/www.outsiderland.com\/orpailleur2\/wp-content\/uploads\/2015\/09\/Recto-Couverture-Liz-v1-titre-grossi-avec-cadre-728x1024.jpg 728w, https:\/\/www.outsiderland.com\/orpailleur2\/wp-content\/uploads\/2015\/09\/Recto-Couverture-Liz-v1-titre-grossi-avec-cadre-768x1080.jpg 768w, https:\/\/www.outsiderland.com\/orpailleur2\/wp-content\/uploads\/2015\/09\/Recto-Couverture-Liz-v1-titre-grossi-avec-cadre-1092x1536.jpg 1092w, https:\/\/www.outsiderland.com\/orpailleur2\/wp-content\/uploads\/2015\/09\/Recto-Couverture-Liz-v1-titre-grossi-avec-cadre-1456x2048.jpg 1456w, https:\/\/www.outsiderland.com\/orpailleur2\/wp-content\/uploads\/2015\/09\/Recto-Couverture-Liz-v1-titre-grossi-avec-cadre.jpg 1595w\" sizes=\"auto, (max-width: 213px) 100vw, 213px\" \/><\/a><strong>4\u00e8me de couverture :<em><br \/>\n<\/em><\/strong><em>La jeune Liz danse sa vie sur les praticables de gymnastique. Elle communique avec son corps qui danse, sublim\u00e9 par le ruban qu\u2019elle manie magnifiquement et se pla\u00eet \u00e0 imaginer de nouveaux encha\u00eenements virevoltants. Mais un jour, au cours d\u2019une comp\u00e9tition de haut niveau, contre toute attente, elle tr\u00e9buche. Un trop lourd secret qui entache ses songes l\u2019a fait chuter.<br \/>\n\u00c9glantine, professeur de Lettres en coll\u00e8ge, ne sourit plus. Pas parce qu\u2019elle n\u2019appr\u00e9cie pas son m\u00e9tier. Au contraire, elle aime par-dessus tout transmettre sa passion pour les mots \u00e0 ses \u00e9l\u00e8ves. Mais un accident lui a \u00f4t\u00e9 son sourire. Si elle transmet sa passion pour les mots, son corps qui a par le pass\u00e9 chu se trouve d\u00e9sormais comme cristallis\u00e9. \u00c0 qui d\u2019autre Liz pourrait-elle donc bien confier l\u2019indicible si ce n\u2019est \u00e0 cette douce professeur de Lettres qui a elle-m\u00eame renonc\u00e9 \u00e0 ses chaussons de gymnastique dans sa jeunesse ?<br \/>\nLoin d\u2019\u00eatre un r\u00e9cit de souffrances, Liz, gr\u00e2ce \u00e0 l\u2019\u00e9criture acrobate de son auteur, est un hymne \u00e0 la vie. Les mots semblent r\u00e9aliser de savants entrechats et joliment s\u2019entrem\u00ealer sur le praticable des pages. D\u00e8s les premi\u00e8res lignes, l\u2019\u00e9crivain nous convie dans un univers onirique et po\u00e9tique, joyeusement m\u00e9lancolique. D\u00e8s lors, ne reste plus pour le lecteur qu\u2019\u00e0 se laisser guider et \u00e0 doucement savourer la superbe alliance des mots qui tourbillonnent sous ses yeux.<br \/>\n<\/em><\/p>\n<p style=\"text-align: right;\">Laurine Mondon<\/p>\n<hr \/>\n<p style=\"text-align: left;\"><strong>Lisez les 3 premi\u00e8res pages<\/strong> du livre en cliquant <a href=\"https:\/\/ahp.li\/19c798e9e98ccd78cc32.pdf\" target=\"_blank\">ici.<\/a><\/p>\n<hr \/>\n<p>Date de parution : 29 septembre 2017<br \/>\nFormat : 13,5 x 19 cm<br \/>\nNombre de pages : 114<br \/>\nPrix : 13\u20ac (frais de port offerts)<\/td>\n<div>\n<form action=\"https:\/\/www.paypal.com\/cgi-bin\/webscr\" method=\"post\" target=\" paypal \"><input name=\"cmd\" type=\"hidden\" value=\"_cart\" \/><input name=\"business\" type=\"hidden\" value=\"lorpailleur@orange.fr\" \/><input name=\"lc\" type=\"hidden\" value=\"FR\" \/><input name=\"item_name\" type=\"hidden\" value=\"Liz\" \/><input name=\"amount\" type=\"hidden\" value=\"13.00\" \/><input name=\"currency_code\" type=\"hidden\" value=\"EUR\" \/><input name=\"button_subtype\" type=\"hidden\" value=\"products\" \/><input name=\"add\" type=\"hidden\" value=\"1\" \/><input name=\"bn\" type=\"hidden\" value=\"PP-ShopCartBF:btn_cart_LG.gif:NonHosted\" \/><input alt=\"PayPal - la solution de paiement en ligne la plus simple et la plus s\u00e9curis\u00e9e !\" name=\"submit\" src=\"https:\/\/www.paypalobjects.com\/fr_FR\/FR\/i\/btn\/btn_cart_LG.gif\" type=\"image\" \/><img loading=\"lazy\" decoding=\"async\" src=\"https:\/\/www.paypalobjects.com\/fr_FR\/i\/scr\/pixel.gif\" alt=\"\" width=\"1\" height=\"1\" border=\"0\" \/><\/form>\n<\/div>\n<\/td>\n<hr \/>\n<p><strong>Critiques<\/strong><\/p>\n<p><strong>La critique du roman sur le site Litzic<\/strong> est \u00e0 lire <a href=\"https:\/\/litzic.fr\/chronique-roman\/eugenia-jeltikova-liz\/\" target=\"_blank\"><strong>ici<\/strong><\/a>.<\/p>\n","protected":false},"excerpt":{"rendered":"<p>4\u00e8me de couverture : La jeune Liz danse sa vie sur les praticables de gymnastique. Elle communique avec son corps qui danse, sublim\u00e9 par le ruban qu\u2019elle manie magnifiquement et se pla\u00eet \u00e0 imaginer de nouveaux encha\u00eenements virevoltants. Mais un <a class=\"more-link\" href=\"https:\/\/www.outsiderland.com\/orpailleur2\/catalogue\/liz\/\">Continuer la lecture <span class=\"screen-reader-text\">  Liz<\/span><span class=\"meta-nav\">&rarr;<\/span><\/a><\/p>\n","protected":false},"author":1,"featured_media":0,"parent":1476,"menu_order":9,"comment_status":"closed","ping_status":"closed","template":"","meta":{"footnotes":""},"class_list":["post-448","page","type-page","status-publish","hentry"],"_links":{"self":[{"href":"https:\/\/www.outsiderland.com\/orpailleur2\/wp-json\/wp\/v2\/pages\/448","targetHints":{"allow":["GET"]}}],"collection":[{"href":"https:\/\/www.outsiderland.com\/orpailleur2\/wp-json\/wp\/v2\/pages"}],"about":[{"href":"https:\/\/www.outsiderland.com\/orpailleur2\/wp-json\/wp\/v2\/types\/page"}],"author":[{"embeddable":true,"href":"https:\/\/www.outsiderland.com\/orpailleur2\/wp-json\/wp\/v2\/users\/1"}],"replies":[{"embeddable":true,"href":"https:\/\/www.outsiderland.com\/orpailleur2\/wp-json\/wp\/v2\/comments?post=448"}],"version-history":[{"count":0,"href":"https:\/\/www.outsiderland.com\/orpailleur2\/wp-json\/wp\/v2\/pages\/448\/revisions"}],"up":[{"embeddable":true,"href":"https:\/\/www.outsiderland.com\/orpailleur2\/wp-json\/wp\/v2\/pages\/1476"}],"wp:attachment":[{"href":"https:\/\/www.outsiderland.com\/orpailleur2\/wp-json\/wp\/v2\/media?parent=448"}],"curies":[{"name":"wp","href":"https:\/\/api.w.org\/{rel}","templated":true}]}}