{"id":405,"date":"2017-08-29T20:28:46","date_gmt":"2017-08-29T19:28:46","guid":{"rendered":"https:\/\/outsiderland.com\/orpailleur\/?page_id=405"},"modified":"2017-08-29T20:28:46","modified_gmt":"2017-08-29T19:28:46","slug":"une-tout-autre-saison","status":"publish","type":"page","link":"https:\/\/www.outsiderland.com\/orpailleur2\/catalogue\/une-tout-autre-saison\/","title":{"rendered":"Une tout autre saison"},"content":{"rendered":"<p><a href=\"https:\/\/www.outsiderland.com\/orpailleur2\/wp-content\/uploads\/2017\/08\/Recto-Une-tout-autre-saison.jpg\" rel=\"attachment wp-att-401\"><img loading=\"lazy\" decoding=\"async\" class=\"size-medium wp-image-401 alignleft\" src=\"https:\/\/www.outsiderland.com\/orpailleur2\/wp-content\/uploads\/2017\/08\/Recto-Une-tout-autre-saison-213x300.jpg\" alt=\"Recto Une tout autre saison\" width=\"213\" height=\"300\" srcset=\"https:\/\/www.outsiderland.com\/orpailleur2\/wp-content\/uploads\/2017\/08\/Recto-Une-tout-autre-saison-213x300.jpg 213w, https:\/\/www.outsiderland.com\/orpailleur2\/wp-content\/uploads\/2017\/08\/Recto-Une-tout-autre-saison-727x1024.jpg 727w, https:\/\/www.outsiderland.com\/orpailleur2\/wp-content\/uploads\/2017\/08\/Recto-Une-tout-autre-saison-768x1081.jpg 768w, https:\/\/www.outsiderland.com\/orpailleur2\/wp-content\/uploads\/2017\/08\/Recto-Une-tout-autre-saison-1091x1536.jpg 1091w, https:\/\/www.outsiderland.com\/orpailleur2\/wp-content\/uploads\/2017\/08\/Recto-Une-tout-autre-saison-1455x2048.jpg 1455w, https:\/\/www.outsiderland.com\/orpailleur2\/wp-content\/uploads\/2017\/08\/Recto-Une-tout-autre-saison.jpg 1594w\" sizes=\"auto, (max-width: 213px) 100vw, 213px\" \/><\/a><strong>4\u00e8me de couverture :<em><br \/>\n<\/em><\/strong><em><em>Dans le sillage de <\/em><\/em><em>La saison des \u00e9peires<em>, cette nouvelle initiatique d\u00e9centr\u00e9e, intense et sans concession, riche d\u2019odeurs \u00e2cres et de saveurs t\u00e9n\u00e9breuses, brouille les fronti\u00e8res des sens et exige du lecteur qu\u2019il se laisse emporter, d\u00e9river, quitte \u00e0 se perdre parfois.<br \/>\nL\u2019\u00e9criture instinctive, nomade et visc\u00e9rale de Jean Mathoul \u2013 o\u00f9 tendresse, sensualit\u00e9 et violence s\u2019entrem\u00ealent \u2013 se meut avec exigence et \u00e9l\u00e9gance dans une musique aux accents souterrains.<br \/>\nLe r\u00e9cit de Seth nous fait entrevoir un \u00e9trange univers fait de r\u00eaves, de trahisons, de r\u00e9conciliations sans v\u00e9ritable d\u00e9nouement, de complicit\u00e9s et de destin\u00e9es qui ne sont ni dans le monde ni hors du monde.<\/em><br \/>\n<\/em><\/p>\n<p style=\"text-align: right;\">Michel Delville<\/p>\n<hr \/>\n<p style=\"text-align: left;\"><strong>Lisez les 3 premi\u00e8res pages<\/strong> du livre en cliquant <a href=\"https:\/\/ahp.li\/7aa4e7848405ad882545.pdf\" target=\"_blank\">ici<\/a><\/p>\n<hr \/>\n<p>Date de parution : 29 ao\u00fbt 2017<br \/>\nFormat : 13,5 x 19 cm<br \/>\nNombre de pages : 78<br \/>\nPrix : 12\u20ac (frais de port offerts)<\/td>\n<div>\n<form action=\"https:\/\/www.paypal.com\/cgi-bin\/webscr\" method=\"post\" target=\" paypal \"><input name=\"cmd\" type=\"hidden\" value=\"_cart\" \/><input name=\"business\" type=\"hidden\" value=\"lorpailleur@orange.fr\" \/><input name=\"lc\" type=\"hidden\" value=\"FR\" \/><input name=\"item_name\" type=\"hidden\" value=\"Une tout autre saison\" \/><input name=\"amount\" type=\"hidden\" value=\"12.00\" \/><input name=\"currency_code\" type=\"hidden\" value=\"EUR\" \/><input name=\"button_subtype\" type=\"hidden\" value=\"products\" \/><input name=\"add\" type=\"hidden\" value=\"1\" \/><input name=\"bn\" type=\"hidden\" value=\"PP-ShopCartBF:btn_cart_LG.gif:NonHosted\" \/><input alt=\"PayPal - la solution de paiement en ligne la plus simple et la plus s\u00e9curis\u00e9e !\" name=\"submit\" src=\"https:\/\/www.paypalobjects.com\/fr_FR\/FR\/i\/btn\/btn_cart_LG.gif\" type=\"image\" \/><img loading=\"lazy\" decoding=\"async\" src=\"https:\/\/www.paypalobjects.com\/fr_FR\/i\/scr\/pixel.gif\" alt=\"\" width=\"1\" height=\"1\" border=\"0\" \/><\/form>\n<\/div>\n<\/td>\n<hr \/>\n<p style=\"text-align: left;\"><strong>Liens<\/strong><\/p>\n<p style=\"text-align: left;\">Jean M. Mathoul \u00e9tait l&rsquo;architecte sonore du collectif musical 48 Cameras. Retrouvez toute leur musique <a href=\"https:\/\/48cameras.bandcamp.com\/music\" target=\"_blank\">ici<\/a>.<\/p>\n","protected":false},"excerpt":{"rendered":"<p>4\u00e8me de couverture : Dans le sillage de La saison des \u00e9peires, cette nouvelle initiatique d\u00e9centr\u00e9e, intense et sans concession, riche d\u2019odeurs \u00e2cres et de saveurs t\u00e9n\u00e9breuses, brouille les fronti\u00e8res des sens et exige du lecteur qu\u2019il se laisse emporter, <a class=\"more-link\" href=\"https:\/\/www.outsiderland.com\/orpailleur2\/catalogue\/une-tout-autre-saison\/\">Continuer la lecture <span class=\"screen-reader-text\">  Une tout autre saison<\/span><span class=\"meta-nav\">&rarr;<\/span><\/a><\/p>\n","protected":false},"author":1,"featured_media":0,"parent":1476,"menu_order":8,"comment_status":"closed","ping_status":"closed","template":"","meta":{"footnotes":""},"class_list":["post-405","page","type-page","status-publish","hentry"],"_links":{"self":[{"href":"https:\/\/www.outsiderland.com\/orpailleur2\/wp-json\/wp\/v2\/pages\/405","targetHints":{"allow":["GET"]}}],"collection":[{"href":"https:\/\/www.outsiderland.com\/orpailleur2\/wp-json\/wp\/v2\/pages"}],"about":[{"href":"https:\/\/www.outsiderland.com\/orpailleur2\/wp-json\/wp\/v2\/types\/page"}],"author":[{"embeddable":true,"href":"https:\/\/www.outsiderland.com\/orpailleur2\/wp-json\/wp\/v2\/users\/1"}],"replies":[{"embeddable":true,"href":"https:\/\/www.outsiderland.com\/orpailleur2\/wp-json\/wp\/v2\/comments?post=405"}],"version-history":[{"count":0,"href":"https:\/\/www.outsiderland.com\/orpailleur2\/wp-json\/wp\/v2\/pages\/405\/revisions"}],"up":[{"embeddable":true,"href":"https:\/\/www.outsiderland.com\/orpailleur2\/wp-json\/wp\/v2\/pages\/1476"}],"wp:attachment":[{"href":"https:\/\/www.outsiderland.com\/orpailleur2\/wp-json\/wp\/v2\/media?parent=405"}],"curies":[{"name":"wp","href":"https:\/\/api.w.org\/{rel}","templated":true}]}}