{"id":342,"date":"2017-02-22T09:18:09","date_gmt":"2017-02-22T08:18:09","guid":{"rendered":"https:\/\/outsiderland.com\/orpailleur\/?page_id=342"},"modified":"2017-02-22T09:18:09","modified_gmt":"2017-02-22T08:18:09","slug":"izaurinda","status":"publish","type":"page","link":"https:\/\/www.outsiderland.com\/orpailleur2\/catalogue\/izaurinda\/","title":{"rendered":"Izaurinda"},"content":{"rendered":"<p style=\"text-align: left;\"><a href=\"https:\/\/www.outsiderland.com\/orpailleur2\/wp-content\/uploads\/2017\/02\/Izaurinda-recto.jpg\" rel=\"attachment wp-att-333\"><img loading=\"lazy\" decoding=\"async\" class=\"alignleft wp-image-333 size-medium\" src=\"https:\/\/www.outsiderland.com\/orpailleur2\/wp-content\/uploads\/2017\/02\/Izaurinda-recto-213x300.jpg\" alt=\"Izaurinda recto\" width=\"213\" height=\"300\" srcset=\"https:\/\/www.outsiderland.com\/orpailleur2\/wp-content\/uploads\/2017\/02\/Izaurinda-recto-213x300.jpg 213w, https:\/\/www.outsiderland.com\/orpailleur2\/wp-content\/uploads\/2017\/02\/Izaurinda-recto-727x1024.jpg 727w, https:\/\/www.outsiderland.com\/orpailleur2\/wp-content\/uploads\/2017\/02\/Izaurinda-recto-768x1081.jpg 768w, https:\/\/www.outsiderland.com\/orpailleur2\/wp-content\/uploads\/2017\/02\/Izaurinda-recto-1091x1536.jpg 1091w, https:\/\/www.outsiderland.com\/orpailleur2\/wp-content\/uploads\/2017\/02\/Izaurinda-recto-1455x2048.jpg 1455w, https:\/\/www.outsiderland.com\/orpailleur2\/wp-content\/uploads\/2017\/02\/Izaurinda-recto.jpg 1594w\" sizes=\"auto, (max-width: 213px) 100vw, 213px\" \/><\/a><strong>4\u00e8me de couverture<\/strong> :<br \/>\n<em>Sem est arriv\u00e9 en France pour trouver une vie nouvelle. Mais il a d\u00e9j\u00e0 une ardoise, de celles qu&rsquo;on ne rembourse pas sans s&rsquo;enfoncer. Entre vrais commanditaires et faux protecteurs, la voie \u00e0 suivre n&rsquo;est pas la bonne. Mais pour les gens comme Sem, il n&rsquo;en existe pas d&rsquo;autres.<\/em><br \/>\n<em>Et c&rsquo;est lui, le paria, celui qui aurait tant besoin qu&rsquo;on l&rsquo;aide, qui finira par tendre la main. Pour le pire. <\/em><br \/>\n<em>Izaurinda est un pas de danse tragique d&rsquo;une \u00e9l\u00e9gance subtile, un drame \u00e0 la fois actuel et d\u00e9tach\u00e9 du temps. Et Sem, l&rsquo;homme qu&rsquo;on voudrait aimer malgr\u00e9 l&rsquo;horreur de ses actes, nous donne \u00e0 partager un petit rien de vie avant l&rsquo;ab\u00eeme.<\/em><\/p>\n<p style=\"text-align: right;\">Micha\u00ebl Perruchoud<\/p>\n<hr \/>\n<p style=\"text-align: left;\"><strong>Lisez les 3 premi\u00e8res pages<\/strong> du livre en cliquant <a href=\"http:\/\/ahp.li\/760106408739650f0973.pdf\" target=\"_blank\">ici.<\/a><\/p>\n<hr \/>\n<p>Date de parution : 21 f\u00e9vrier 2017<br \/>\nFormat : 13,5 x 19 cm<br \/>\nNombre de pages : 184<br \/>\nPrix : 16\u20ac (frais de port offerts)<\/td>\n<div>\n<form action=\"https:\/\/www.paypal.com\/cgi-bin\/webscr\" method=\"post\" target=\" paypal \"><input name=\"cmd\" type=\"hidden\" value=\"_cart\" \/><input name=\"business\" type=\"hidden\" value=\"lorpailleur@orange.fr\" \/><input name=\"lc\" type=\"hidden\" value=\"FR\" \/><input name=\"item_name\" type=\"hidden\" value=\"Izaurinda\" \/><input name=\"amount\" type=\"hidden\" value=\"16.00\" \/><input name=\"currency_code\" type=\"hidden\" value=\"EUR\" \/><input name=\"button_subtype\" type=\"hidden\" value=\"products\" \/><input name=\"add\" type=\"hidden\" value=\"1\" \/><input name=\"bn\" type=\"hidden\" value=\"PP-ShopCartBF:btn_cart_LG.gif:NonHosted\" \/><input alt=\"PayPal - la solution de paiement en ligne la plus simple et la plus s\u00e9curis\u00e9e !\" name=\"submit\" src=\"https:\/\/www.paypalobjects.com\/fr_FR\/FR\/i\/btn\/btn_cart_LG.gif\" type=\"image\" \/><img loading=\"lazy\" decoding=\"async\" src=\"https:\/\/www.paypalobjects.com\/fr_FR\/i\/scr\/pixel.gif\" alt=\"\" width=\"1\" height=\"1\" border=\"0\" \/><\/form>\n<\/div>\n<\/td>\n<hr \/>\n<p style=\"text-align: left;\"><strong>Critiques<\/strong><\/p>\n<p style=\"text-align: left;\">Retrouvez la critique publi\u00e9e sur le site <strong>Litzic<\/strong> en suivant <a href=\"https:\/\/litzic.fr\/chronique-roman\/izaurinda-anna-maria-celli\/\" target=\"_blank\"><strong>ce lien<\/strong><\/a>.<\/p>\n<p style=\"text-align: justify;\">**********<\/p>\n<p style=\"text-align: left;\">L&rsquo;analyse de Rapha\u00ebl Adjobi \u00e0 lire <strong><a href=\"http:\/\/raphael.afrikblog.com\/archives\/2017\/06\/01\/35343490.html\" target=\"_blank\">ici<\/a>.<\/strong><\/p>\n<p style=\"text-align: left;\">**********<\/p>\n<p><em>Izaurinda<\/em> a \u00e9t\u00e9 publi\u00e9 en d\u00e9but d\u2019ann\u00e9e 2017. L\u2019auteure Anna Maria Celli propose un regard plut\u00f4t noir sur le monde actuel mais elle nous donne envie de croire en l\u2019Homme m\u00eame apr\u00e8s qu\u2019il ait fait le pire. Son h\u00e9ros, Sem, a quitt\u00e9 son d\u00e9sert et sa femme enceinte Izaurinda. Comme tous les hommes de sa famille, il est parti afin de vivre autre chose, ailleurs. Maintenant \u00e0 Paris, il survit selon le bon-vouloir de Goulash, \u00e0 qui il doit tout et \u00e0 qui il ob\u00e9it. Sem fera des rencontres, des individus perdus et enrag\u00e9s contre le monde entier. On d\u00e9couvre leur histoire, leurs pens\u00e9es et leurs \u00e9tats d\u2019\u00e2me. Nous sommes pris \u00e0 parti et, malgr\u00e9 nous, notre col\u00e8re envers eux se transforme en sentiment d\u2019\u00e9coute et parfois m\u00eame de compr\u00e9hension. Premi\u00e8re auteur f\u00e9minin chez L\u2019Orpailleur, Anna Maria Celli propose un texte rude qui devrait vous hanter longtemps.<\/p>\n<p style=\"text-align: right;\">Aur\u00e9lia Gouhier Librairie Effets de pages (L&rsquo;Isle Jourdain &#8211; Gers &#8211; France)<\/p>\n<p>**********<\/p>\n<p>Il en est des livres comme des coquillages sur la plage\u2026 on les ramasse par hasard et on les emporte avec soi, souvenirs discrets d\u2019un espace plus grand, de sa luminosit\u00e9, de sa volupt\u00e9. <em><u>Izaurinda<\/u> <\/em>est un livre magnifique, une \u00e9criture dont la musicalit\u00e9 \u00e9voque C\u00e9line, Yacine Kateb, Rachid Boudjedra ou Patrick Chamoiseau. Un r\u00e9cit admirable et puissant\u2026<\/p>\n<p style=\"text-align: right;\">Pierre Rasamoela (France)<\/p>\n<p>**********<\/p>\n<p>Anna Mar\u00eda Caroline Celli n\u2019installe pas le lecteur en terrain conquis\u2026 Et pourtant coup de ma\u00eetre !<br \/>\nDans un style vert et nerveux comme un chat de goutti\u00e8re, d\u2019une subtile ma\u00eetrise, la romanci\u00e8re se joue de tous les pi\u00e8ges imaginables : roman social, reportage \u00e9difiant, naturalisme, gothisme gore, st\u00e9r\u00e9otypes racoleurs\u2026<br \/>\nViolence, destruction, opportunisme, l\u00e2chet\u00e9, amour, rapine\u2026 le cama\u00efeu nacr\u00e9 de l\u2019\u00e9criture est d\u2019une rare virtuosit\u00e9, qui dans les vies minuscules des transhumances imm\u00e9moriales restitue aux \u00e2mes perdues la fleur sauvage d\u2019humanit\u00e9 que le regard commun leur d\u00e9nie.<br \/>\nBravo Anna Mar\u00eda Caroline Celli !<\/p>\n<p style=\"text-align: right;\">Eric Darcourt-L\u00e9zat (France)<\/p>\n<p>**********<\/p>\n<p>Bravo pour votre roman <em><span style=\"text-decoration: underline;\">Izaurinda<\/span> <\/em>, sombre et percutant ; c\u2019est votre vision articul\u00e9e avec une pr\u00e9cision chirurgicale, sans banalit\u00e9s inutiles ni happy end moralisateur ; un livre t\u00e9moin de son temps disloqu\u00e9\u2026<\/p>\n<p style=\"text-align: right;\">Vladimir Mitz (France)<\/p>\n","protected":false},"excerpt":{"rendered":"<p>4\u00e8me de couverture : Sem est arriv\u00e9 en France pour trouver une vie nouvelle. Mais il a d\u00e9j\u00e0 une ardoise, de celles qu&rsquo;on ne rembourse pas sans s&rsquo;enfoncer. Entre vrais commanditaires et faux protecteurs, la voie \u00e0 suivre n&rsquo;est pas <a class=\"more-link\" href=\"https:\/\/www.outsiderland.com\/orpailleur2\/catalogue\/izaurinda\/\">Continuer la lecture <span class=\"screen-reader-text\">  Izaurinda<\/span><span class=\"meta-nav\">&rarr;<\/span><\/a><\/p>\n","protected":false},"author":1,"featured_media":0,"parent":1476,"menu_order":6,"comment_status":"closed","ping_status":"closed","template":"","meta":{"footnotes":""},"class_list":["post-342","page","type-page","status-publish","hentry"],"_links":{"self":[{"href":"https:\/\/www.outsiderland.com\/orpailleur2\/wp-json\/wp\/v2\/pages\/342","targetHints":{"allow":["GET"]}}],"collection":[{"href":"https:\/\/www.outsiderland.com\/orpailleur2\/wp-json\/wp\/v2\/pages"}],"about":[{"href":"https:\/\/www.outsiderland.com\/orpailleur2\/wp-json\/wp\/v2\/types\/page"}],"author":[{"embeddable":true,"href":"https:\/\/www.outsiderland.com\/orpailleur2\/wp-json\/wp\/v2\/users\/1"}],"replies":[{"embeddable":true,"href":"https:\/\/www.outsiderland.com\/orpailleur2\/wp-json\/wp\/v2\/comments?post=342"}],"version-history":[{"count":0,"href":"https:\/\/www.outsiderland.com\/orpailleur2\/wp-json\/wp\/v2\/pages\/342\/revisions"}],"up":[{"embeddable":true,"href":"https:\/\/www.outsiderland.com\/orpailleur2\/wp-json\/wp\/v2\/pages\/1476"}],"wp:attachment":[{"href":"https:\/\/www.outsiderland.com\/orpailleur2\/wp-json\/wp\/v2\/media?parent=342"}],"curies":[{"name":"wp","href":"https:\/\/api.w.org\/{rel}","templated":true}]}}