{"id":296,"date":"2016-12-14T13:47:57","date_gmt":"2016-12-14T12:47:57","guid":{"rendered":"https:\/\/outsiderland.com\/orpailleur\/?page_id=296"},"modified":"2016-12-14T13:47:57","modified_gmt":"2016-12-14T12:47:57","slug":"cellules","status":"publish","type":"page","link":"https:\/\/www.outsiderland.com\/orpailleur2\/catalogue\/cellules\/","title":{"rendered":"Cellules"},"content":{"rendered":"<p><a href=\"https:\/\/www.outsiderland.com\/orpailleur2\/wp-content\/uploads\/2016\/10\/Couverture-Cellules-Recto-pour-mail.jpg\" rel=\"attachment wp-att-285\"><img loading=\"lazy\" decoding=\"async\" class=\"alignleft wp-image-285\" src=\"https:\/\/www.outsiderland.com\/orpailleur2\/wp-content\/uploads\/2016\/10\/Couverture-Cellules-Recto-pour-mail.jpg\" alt=\"couverture-cellules-recto-pour-mail\" width=\"224\" height=\"322\" srcset=\"https:\/\/www.outsiderland.com\/orpailleur2\/wp-content\/uploads\/2016\/10\/Couverture-Cellules-Recto-pour-mail.jpg 780w, https:\/\/www.outsiderland.com\/orpailleur2\/wp-content\/uploads\/2016\/10\/Couverture-Cellules-Recto-pour-mail-209x300.jpg 209w, https:\/\/www.outsiderland.com\/orpailleur2\/wp-content\/uploads\/2016\/10\/Couverture-Cellules-Recto-pour-mail-712x1024.jpg 712w, https:\/\/www.outsiderland.com\/orpailleur2\/wp-content\/uploads\/2016\/10\/Couverture-Cellules-Recto-pour-mail-768x1105.jpg 768w\" sizes=\"auto, (max-width: 224px) 100vw, 224px\" \/><\/a><strong>4\u00e8me de couverture :<\/strong><\/p>\n<p><em>Peut-on \u00e9crire sa propre histoire, la projeter devant soi pour esp\u00e9rer en deviner la signification ? La mettre en r\u00e9cit pour ordonner son chaos ? La soupeser pour en d\u00e9livrer le jugement d\u00e9finitif ? Se r\u00e9p\u00e9ter ind\u00e9finiment son enfance, la violence d\u2019un p\u00e8re, le d\u00e9classement social, la mis\u00e8re psychologique, pour en conjurer le sort, comme ces histoires que les enfants aiment \u00e9couter cent fois, les rassurant ? On n\u2019a jamais vu quiconque r\u00e9chapper d\u2019un trou noir. On ne se d\u00e9barrasse jamais de son pass\u00e9. En parler, c\u2019est convoquer un absent. Et lancer finalement des accusations contre le n\u00e9ant. L\u2019\u00e9criture de ce r\u00e9cit est pourtant port\u00e9e par cette absurdit\u00e9 : en r\u00e9chapper, malgr\u00e9 soi. Alors, inlassablement, les mots sarclent, tentent de d\u00e9s\u00e9crire ce qui s\u2019\u00e9crit, si vite que la phrase se met \u00e0 courir. Car il en faut du souffle pour tout effacer. Dans l\u2019espoir que tout s\u2019enraie, que le pass\u00e9 s\u2019entrave. Pour s\u2019enterrer plus loin dans une parole, en sorte de forer le pass\u00e9 lui-m\u00eame et y dispara\u00eetre ou rena\u00eetre, ce sera selon, mais cr\u00e9er un centre o\u00f9 habiter durablement.<\/em><br \/>\n<em>\u00a0Il y a des textes que l\u2019on ne reconna\u00eet pas, parce qu\u2019il faut inventer pour en saisir l\u2019exacte figure. Ce qui nous est donn\u00e9 \u00e0 lire ici, il faut encore le conqu\u00e9rir. Avec la vue bouch\u00e9e sans doute, l\u2019oeil au beurre noir, parce que chaque mot excav\u00e9, imparable comme un coup de poing nous d\u00e9cape, nous corrode, nous d\u00e9mant\u00e8le, mais pour finir nous \u00e9peronne et nous gonfle de vie.\u00a0<\/em>\u00a0\u00a0\u00a0\u00a0\u00a0\u00a0\u00a0\u00a0\u00a0\u00a0 Daya Lemael<\/p>\n<hr \/>\n<p style=\"text-align: left;\"><strong>Lisez les 3 premi\u00e8res pages<\/strong> du livre en cliquant <a href=\"http:\/\/ahp.li\/aad9d522f2f278224322.pdf\" target=\"_blank\">ici.<\/a><\/p>\n<hr \/>\n<p>Date de parution : 17 d\u00e9cembre 2016<br \/>\nFormat : 13,5 x 19 cm<br \/>\nNombre de pages : 174<br \/>\nPrix : <span style=\"color: #ff0000;\"><span style=\"color: #000000;\">16\u20ac<\/span> <\/span> (frais de port offerts)<\/td>\n<div>\n<form action=\"https:\/\/www.paypal.com\/cgi-bin\/webscr\" method=\"post\" target=\" paypal \"><input name=\"cmd\" type=\"hidden\" value=\"_cart\" \/><input name=\"business\" type=\"hidden\" value=\"lorpailleur@orange.fr\" \/><input name=\"lc\" type=\"hidden\" value=\"FR\" \/><input name=\"item_name\" type=\"hidden\" value=\"Cellules\" \/><input name=\"amount\" type=\"hidden\" value=\"16.00\" \/><input name=\"currency_code\" type=\"hidden\" value=\"EUR\" \/><input name=\"button_subtype\" type=\"hidden\" value=\"products\" \/><input name=\"add\" type=\"hidden\" value=\"1\" \/><input name=\"bn\" type=\"hidden\" value=\"PP-ShopCartBF:btn_cart_LG.gif:NonHosted\" \/><input alt=\"PayPal - la solution de paiement en ligne la plus simple et la plus s\u00e9curis\u00e9e !\" name=\"submit\" src=\"https:\/\/www.paypalobjects.com\/fr_FR\/FR\/i\/btn\/btn_cart_LG.gif\" type=\"image\" \/><img loading=\"lazy\" decoding=\"async\" src=\"https:\/\/www.paypalobjects.com\/fr_FR\/i\/scr\/pixel.gif\" alt=\"\" width=\"1\" height=\"1\" border=\"0\" \/><\/form>\n<\/div>\n<\/td>\n<hr \/>\n<p style=\"text-align: left;\"><strong>Critiques<\/strong><\/p>\n<p>David \u00e9tait l&rsquo; <em><strong>Auteur du mois<\/strong><\/em> en octobre 2020 sur le site litzic.fr, retrouvez tous les <strong>articles ou entretiens<\/strong> qui lui ont \u00e9t\u00e9 consacr\u00e9s en cliquant <span style=\"text-decoration: underline;\"><span style=\"color: #800080; text-decoration: underline;\"><strong><a style=\"color: #800080; text-decoration: underline;\" href=\"https:\/\/litzic.fr\/l-auteur-du-mois\/david-fonseca-la-faim-de-la-fin\/\" target=\"_blank\">ici<\/a><\/strong><\/span><\/span> et en suivant les liens de bas de page.<\/p>\n<p><strong>La critique de <span style=\"text-decoration: underline;\"><em>Cellules<\/em> <\/span>sur le site Litzic<\/strong> est \u00e0 lire <strong><a href=\"https:\/\/litzic.fr\/l-auteur-du-mois\/david-fonseca-cellules\/\" target=\"_blank\">ici<\/a><\/strong>.<\/p>\n<p>**********<\/p>\n<p>Sur RadioActiv&rsquo; l&rsquo;\u00e9mission <strong>Bande Originale de Livres du 05\/10\/2020 \u00e9tait consacr\u00e9e \u00e0 ses livres<\/strong>, vous pouvez l&rsquo;\u00e9couter <span style=\"text-decoration: underline;\"><strong><span style=\"color: #800080; text-decoration: underline;\"><a style=\"color: #800080; text-decoration: underline;\" href=\"https:\/\/sd-5b.archive-host.com\/membres\/up\/cf7267cdfebbaca9a70d39be54bb00702eaeae52\/LORPAILLEUR\/emissions_radio\/Bande_Originale_de_Livres_2020_10_05_Cellules_et_Faillir.mp3\" target=\"_blank\">ici<\/a><\/span><\/strong><\/span><\/p>\n<p>Sur RadioActiv&rsquo; l&rsquo;\u00e9mission Bande Originale de Livres du 07\/10\/2020 proposait un <strong>entretien avec David Fonseca<\/strong> \u00e0 \u00e9couter <span style=\"text-decoration: underline;\"><span style=\"color: #800080; text-decoration: underline;\"><strong><a style=\"color: #800080; text-decoration: underline;\" href=\"https:\/\/sd-5b.archive-host.com\/membres\/up\/cf7267cdfebbaca9a70d39be54bb00702eaeae52\/LORPAILLEUR\/emissions_radio\/Bande_Originale_de_Livres_2020_10_07_Entretien_David_Fonseca.mp3\" target=\"_blank\">ici<\/a><\/strong><\/span><\/span><\/p>\n<p>**********<\/p>\n<p>Le site lelitteraire.com, propose <strong>un entretien avec David Fonseca<\/strong> \u00e0 retrouver <span style=\"text-decoration: underline;\"><span style=\"color: #800080; text-decoration: underline;\"><strong><a style=\"color: #800080; text-decoration: underline;\" href=\"http:\/\/www.lelitteraire.com\/?p=65102\" target=\"_blank\">ici<\/a><\/strong><\/span><\/span> et un article \u00e0 propos de <em><span style=\"text-decoration: underline;\">Faillir<\/span> <\/em>\u00e0 lire <span style=\"text-decoration: underline;\"><span style=\"color: #800080; text-decoration: underline;\"><strong><a style=\"color: #800080; text-decoration: underline;\" href=\"http:\/\/www.lelitteraire.com\/?p=65066\" target=\"_blank\">ici<\/a><\/strong><\/span><\/span><\/p>\n<p>**********<\/p>\n<p><strong>Article \u00e0 propos des deux romans<\/strong> de David sur le blog de l\u2019art helv\u00e9tique contemporain \u00e0 lire <span style=\"text-decoration: underline;\"><strong><span style=\"color: #800080; text-decoration: underline;\"><a style=\"color: #800080; text-decoration: underline;\" href=\"http:\/\/delarthelvetiquecontemporain.blog.24heures.ch\/archive\/2020\/10\/27\/point-s-de-chute-david-fonseca-869962.html\" target=\"_blank\">ici<\/a><\/span><\/strong><\/span><\/p>\n<p>**********<\/p>\n<p>Pass\u00e9e une premi\u00e8re perplexit\u00e9 en attaquant la lecture de <em>Cellules<\/em>, j\u2019ai eu l\u2019impression de marcher sur des d\u00e9bris de verre. Comme si le texte au d\u00e9part soigneusement \u00e9crit avait \u00e9t\u00e9 projet\u00e9 rageusement au sol et que l\u2019auteur ait ramass\u00e9 les morceaux bris\u00e9s pour tenter un replacement impossible, parvenant ainsi \u00e0 une mosa\u00efque constell\u00e9e de petits bords coupants o\u00f9 il n\u2019est pas facile de retrouver les images du d\u00e9part, mais qui donne une nouvelle \u0153uvre originale et plut\u00f4t fascinante dans cet expos\u00e9 sans concession de ce que peut \u00eatre la violence d\u2019un p\u00e8re et ses cons\u00e9quences, (pour moi le sujet central du livre).<br \/>\nJ\u2019ai laiss\u00e9 venir les phrases telles qu\u2019elles ont d\u00fb \u00eatre \u00e9crites, en v\u00e9rit\u00e9, renon\u00e7ant parfois \u00e0 d\u00e9celer un sens imm\u00e9diat \u00e0 certaines formulations myst\u00e9rieuses, acceptant de cheminer dans une p\u00e9nombre faite d\u2019angoisse, d\u2019inqui\u00e9tude, en attente de possibles d\u00e9flagrations qui surviennent inexorablement au d\u00e9tour d\u2019un paragraphe, aggravant chaque fois l\u2019atmosph\u00e8re d\u00e9l\u00e9t\u00e8re qui impr\u00e8gne cette famille.<br \/>\nAutre image qui m\u2019est venue \u00e0 cette lecture, c\u2019est le parall\u00e8le que j\u2019ai fait avec le labyrinthe de la Dent de Crolles (Grande Chartreuse) dans le r\u00e9seau du Guiers Mort que j\u2019ai explor\u00e9 et topographi\u00e9 en tant que sp\u00e9l\u00e9ologue. Lire <em>Cellules<\/em> s\u2019apparentait \u00e0 se retrouver dans le froid humide (4\u00b0C) et l\u2019obscurit\u00e9 souterraine (souvent mena\u00e7ante \u00e0 cause de la pr\u00e9sence de l\u2019eau et de ses variations) trou\u00e9e par une frontale qui donne \u00e0 voir des pans de roches, des sols et des vo\u00fbtes, des t\u00e9n\u00e8bres \u00e0 peine dissip\u00e9es par la lumi\u00e8re mobile, fluctuante, mais qui cependant permettait de se faire une id\u00e9e du lieu (ici de la personne) une id\u00e9e parcellaire, complexe, intrigante mais aussi forte, r\u00e9sistante, vivante envers et contre tout ce qui pouvait la d\u00e9truire. Obstin\u00e9e. Comme ce r\u00e9seau o\u00f9 l\u2019eau et la pente font leur loi.<br \/>\nJe n\u2019ai pu aussi m\u2019emp\u00eacher d\u2019\u00e9tablir la comparaison entre l\u2019enfance d\u2019Henri l\u2019orphelin \u00a0(cf <a href=\"https:\/\/www.azartatelier-editions.com\/livre\/un-orpheul-chistophe-havot\/\" target=\"_blank\"><em><span style=\"text-decoration: underline;\">Un Orpheul\u2019<\/span><\/em><\/a> Christophe Havot \u2013 az\u2019art atelier \u00e9ditions) telle que vous l\u2019avez d\u00e9crite et celle de David Fonseca, telle qu\u2019il nous la livre dans toute sa violence brute. Violence qui a trouv\u00e9 dans ma m\u00e9moire des \u00e9chos de situations ressemblantes dont j\u2019ai pu avoir connaissance chez un proche (manquer tuer son p\u00e8re qui buvait et brutaliser sa famille) et qui prouve, s\u2019il en \u00e9tait besoin que la violence parentale n\u2019est pas rare.<br \/>\nPas \u00e9vident aussi de capter dans ce texte toutes les r\u00e9f\u00e9rences litt\u00e9raires non explicites. David Fonseca a manifestement beaucoup lu et son \u00e9criture est impr\u00e9gn\u00e9e de beaucoup d\u2019autres, pas toujours identifiables, mais qui donnent \u00e0 ses propres mots une \u00e9paisseur et une force peu communes.<br \/>\nLa lecture de cette autobiographie impitoyable et lucide serait probablement profitable \u00e0 bien des enseignants, tant parfois le type d\u2019\u00e9l\u00e8ve que David a d\u00fb \u00eatre est difficile \u00e0 supporter, lecture qui pourrait donner un peu de r\u00e9flexion et de compr\u00e9hension. M\u00eame si on ne dispose que de sa version des faits, on ne peut qu\u2019\u00eatre touch\u00e9 par ce qu\u2019il r\u00e9v\u00e8le de lui-m\u00eame, de cet enfermement personnel, de cette rage destructrice, de sa clairvoyance envers ses l\u00e2chet\u00e9s et du courage qu\u2019il a d\u00fb lui falloir pour tracer ces lignes.<br \/>\nCe n\u2019est pas un roman, ce n\u2019est pas non plus apparent\u00e9 \u00e0 la diatribe haletante comme dans <em>Un d\u00e9barras<\/em>. Ces paragraphes encha\u00een\u00e9s sont plut\u00f4t le r\u00e9sultat de plusieurs \u00e9ruptions volcaniques, avec tout l\u2019\u00e9ventail des d\u00e9g\u00e2ts possibles, des bombes, des cendres br\u00fblantes, des coul\u00e9es pyroclastiques, de la lave surchauff\u00e9e qui s\u2019\u00e9coule, impossible de l\u2019arr\u00eater, de mettre un barrage, elle br\u00fble tout sur son passage. Puis se solidifie, se p\u00e9trifie.<br \/>\n(\u2026)<br \/>\nPuis une sorte de miracle se produit, avec un acc\u00e8s inesp\u00e9r\u00e9 \u00e0 presque une vie \u00ab\u00a0normale\u00a0\u00bb avec beaucoup plus de guillemets que je n\u2019en mets, femme, enfants, maison, et provoque \u00e0 la lecture un v\u00e9ritable soulagement. Il m\u2019a rappel\u00e9 une remarque faite par une vieille amie il y a quelques ann\u00e9es\u00a0: <em>dans une famille, une naissance est toujours quelque chose d\u2019extraordinaire<\/em>. Comme elle avait eu quatre enfants, j\u2019avais pris cela avec un peu d\u2019\u00e9tonnement. C\u2019est pourtant bien ce qu\u2019il se passe pour David Fonseca, c\u2019est tout \u00e0 fait extraordinaire. Cependant le finale, les tentatives \u00e0 l\u2019\u00e9vidence inutiles de rapprochement avec le p\u00e8re (je ne peux m\u2019emp\u00eacher de penser qu\u2019il aurait d\u00fb fuir le plus t\u00f4t possible, et sans retour, comme font la plupart des gens en conflit avec leur famille mais dans son cas, pr\u00e9cis\u00e9ment, ce qui se passait en terme de r\u00e8gne de la terreur rendait m\u00eame la fuite impossible) ajout\u00e9 \u00e0 tout ce mal-\u00eatre physique et mental qui n\u2019a en rien disparu, n\u2019est pas dans le plus pur optimisme.<br \/>\nEn conclusion, une lecture difficile, prenante, impossible \u00e0 abandonner, qui provoque parfois de la r\u00e9pulsion, et qui laisse un sentiment final o\u00f9 se m\u00eale beaucoup de tristesse mais aussi un espoir de r\u00e9demption par le miracle de l\u2019\u00e9criture.<\/p>\n<p style=\"text-align: right;\">Sylvie Aubriot (France)<\/p>\n","protected":false},"excerpt":{"rendered":"<p>4\u00e8me de couverture : Peut-on \u00e9crire sa propre histoire, la projeter devant soi pour esp\u00e9rer en deviner la signification ? La mettre en r\u00e9cit pour ordonner son chaos ? La soupeser pour en d\u00e9livrer le jugement d\u00e9finitif ? Se r\u00e9p\u00e9ter <a class=\"more-link\" href=\"https:\/\/www.outsiderland.com\/orpailleur2\/catalogue\/cellules\/\">Continuer la lecture <span class=\"screen-reader-text\">  Cellules<\/span><span class=\"meta-nav\">&rarr;<\/span><\/a><\/p>\n","protected":false},"author":1,"featured_media":0,"parent":1476,"menu_order":5,"comment_status":"closed","ping_status":"closed","template":"","meta":{"footnotes":""},"class_list":["post-296","page","type-page","status-publish","hentry"],"_links":{"self":[{"href":"https:\/\/www.outsiderland.com\/orpailleur2\/wp-json\/wp\/v2\/pages\/296","targetHints":{"allow":["GET"]}}],"collection":[{"href":"https:\/\/www.outsiderland.com\/orpailleur2\/wp-json\/wp\/v2\/pages"}],"about":[{"href":"https:\/\/www.outsiderland.com\/orpailleur2\/wp-json\/wp\/v2\/types\/page"}],"author":[{"embeddable":true,"href":"https:\/\/www.outsiderland.com\/orpailleur2\/wp-json\/wp\/v2\/users\/1"}],"replies":[{"embeddable":true,"href":"https:\/\/www.outsiderland.com\/orpailleur2\/wp-json\/wp\/v2\/comments?post=296"}],"version-history":[{"count":0,"href":"https:\/\/www.outsiderland.com\/orpailleur2\/wp-json\/wp\/v2\/pages\/296\/revisions"}],"up":[{"embeddable":true,"href":"https:\/\/www.outsiderland.com\/orpailleur2\/wp-json\/wp\/v2\/pages\/1476"}],"wp:attachment":[{"href":"https:\/\/www.outsiderland.com\/orpailleur2\/wp-json\/wp\/v2\/media?parent=296"}],"curies":[{"name":"wp","href":"https:\/\/api.w.org\/{rel}","templated":true}]}}