{"id":29,"date":"2015-09-24T09:23:33","date_gmt":"2015-09-24T08:23:33","guid":{"rendered":"https:\/\/outsiderland.com\/orpailleur\/?page_id=29"},"modified":"2015-09-24T09:23:33","modified_gmt":"2015-09-24T08:23:33","slug":"contact-manuscrit","status":"publish","type":"page","link":"https:\/\/www.outsiderland.com\/orpailleur2\/contact-manuscrit\/","title":{"rendered":"CONTACT \/ MANUSCRIT"},"content":{"rendered":"<p style=\"text-align: justify;\">Vous voulez en savoir davantage sur nos livres ou sur nos auteurs, vous voulez nous faire part de vos commentaires ou pour toute autre raison, n\u2019h\u00e9sitez pas \u00e0 nous contacter.<\/p>\n<p style=\"text-align: justify;\">Vous pouvez nous envoyer vos textes ou vos projets par mail, cliquez <a href=\"mailto:lorpailleur@orange.fr\">ici<\/a>. <strong>Merci de bien vouloir noter que nous n&rsquo;\u00e9ditons que des romans, dans une large acception du genre, mais en aucun cas des recueils de nouvelles ou de po\u00e8mes. En outre, nous ne sommes pas comp\u00e9tents en mati\u00e8re de roman historique, fantasy ou romance.<br \/>\n<\/strong><\/p>\n<p style=\"text-align: justify;\">Soyez assur\u00e9s que nous accorderons du temps \u00e0 vos propositions et que nous nous efforcerons de vous apporter une r\u00e9ponse construite.<\/p>\n<p style=\"text-align: justify;\">Sur chaque page de ce site consacr\u00e9e aux livres d\u00e9j\u00e0 publi\u00e9s, vous pouvez lire les 3 premi\u00e8res pages de chacun des romans. Nous vous conseillons vivement de lire quelques extraits pour vous faire une id\u00e9e de ce que nous \u00e9ditons et vous assurer que votre manuscrit pourrait s\u2019inscrire dans notre catalogue. Merci.<\/p>\n<p style=\"text-align: justify;\">R\u00e9guli\u00e8rement, nous recevons des manuscrits comportant de nombreuses fautes, ce qui peut parfois nuire \u00e0 l&rsquo;appr\u00e9ciation que nous apporterons au texte. Si vous souhaitez faire corriger votre manuscrit avant envoi (et cela vaut pour l&rsquo;envoi \u00e0 d&rsquo;autres \u00e9diteurs), n&rsquo;h\u00e9sitez pas \u00e0 contacter le site <strong><a href=\"https:\/\/www.lafauteaqui.com\/\" target=\"_blank\">La Faute @ Qui ?<\/a><\/strong> qui pourra vous apporter une aide (payante) pr\u00e9cieuse.<\/p>\n","protected":false},"excerpt":{"rendered":"<p>Vous voulez en savoir davantage sur nos livres ou sur nos auteurs, vous voulez nous faire part de vos commentaires ou pour toute autre raison, n\u2019h\u00e9sitez pas \u00e0 nous contacter. Vous pouvez nous envoyer vos textes ou vos projets par <a class=\"more-link\" href=\"https:\/\/www.outsiderland.com\/orpailleur2\/contact-manuscrit\/\">Continuer la lecture <span class=\"screen-reader-text\">  CONTACT \/ MANUSCRIT<\/span><span class=\"meta-nav\">&rarr;<\/span><\/a><\/p>\n","protected":false},"author":1,"featured_media":0,"parent":0,"menu_order":6,"comment_status":"closed","ping_status":"closed","template":"","meta":{"footnotes":""},"class_list":["post-29","page","type-page","status-publish","hentry"],"_links":{"self":[{"href":"https:\/\/www.outsiderland.com\/orpailleur2\/wp-json\/wp\/v2\/pages\/29","targetHints":{"allow":["GET"]}}],"collection":[{"href":"https:\/\/www.outsiderland.com\/orpailleur2\/wp-json\/wp\/v2\/pages"}],"about":[{"href":"https:\/\/www.outsiderland.com\/orpailleur2\/wp-json\/wp\/v2\/types\/page"}],"author":[{"embeddable":true,"href":"https:\/\/www.outsiderland.com\/orpailleur2\/wp-json\/wp\/v2\/users\/1"}],"replies":[{"embeddable":true,"href":"https:\/\/www.outsiderland.com\/orpailleur2\/wp-json\/wp\/v2\/comments?post=29"}],"version-history":[{"count":0,"href":"https:\/\/www.outsiderland.com\/orpailleur2\/wp-json\/wp\/v2\/pages\/29\/revisions"}],"wp:attachment":[{"href":"https:\/\/www.outsiderland.com\/orpailleur2\/wp-json\/wp\/v2\/media?parent=29"}],"curies":[{"name":"wp","href":"https:\/\/api.w.org\/{rel}","templated":true}]}}