{"id":263,"date":"2016-03-28T16:53:34","date_gmt":"2016-03-28T15:53:34","guid":{"rendered":"https:\/\/outsiderland.com\/orpailleur\/?page_id=263"},"modified":"2016-03-28T16:53:34","modified_gmt":"2016-03-28T15:53:34","slug":"livres-numeriques","status":"publish","type":"page","link":"https:\/\/www.outsiderland.com\/orpailleur2\/livres-numeriques\/","title":{"rendered":"LIVRES NUM\u00c9RIQUES"},"content":{"rendered":"<p><a href=\"https:\/\/www.outsiderland.com\/orpailleur2\/wp-content\/uploads\/2016\/03\/Couverture-Sauver-sa-peau-recto-pour-blog-e1458141363589.jpg\"><img loading=\"lazy\" decoding=\"async\" class=\"alignleft wp-image-224\" src=\"https:\/\/www.outsiderland.com\/orpailleur2\/wp-content\/uploads\/2016\/03\/Couverture-Sauver-sa-peau-recto-pour-blog-e1458141363589.jpg\" alt=\"Sauver sa peau recto\" width=\"300\" height=\"422\" srcset=\"https:\/\/www.outsiderland.com\/orpailleur2\/wp-content\/uploads\/2016\/03\/Couverture-Sauver-sa-peau-recto-pour-blog-e1458141363589.jpg 400w, https:\/\/www.outsiderland.com\/orpailleur2\/wp-content\/uploads\/2016\/03\/Couverture-Sauver-sa-peau-recto-pour-blog-e1458141363589-213x300.jpg 213w\" sizes=\"auto, (max-width: 300px) 100vw, 300px\" \/><\/a><\/p>\n<p>Sauver sa peau \/ Dana Hilliot<br \/>\nDate de parution : 28 mars 2016<br \/>\nFormat : num\u00e9rique e-pub<br \/>\nVous pouvez <strong>t\u00e9l\u00e9charger gratuitement<\/strong> ce livre en cliquant <strong><a href=\"http:\/\/ahp.li\/be8232887d2d1a8f133e.epub\" target=\"_blank\">ICI<\/a><\/strong><\/p>\n<p>&nbsp;<\/p>\n<p>Vous pouvez aussi faire un don qui nous aidera \u00e0 \u00e9diter une version papier ou d&rsquo;autres \u0153uvres<\/p>\n<form action=\"https:\/\/www.paypal.com\/cgi-bin\/webscr\" method=\"post\" target=\"_blank\"><input name=\"cmd\" type=\"hidden\" value=\"_donations\" \/><input name=\"business\" type=\"hidden\" value=\"lorpailleur@orange.fr\" \/><input name=\"lc\" type=\"hidden\" value=\"FR\" \/><input name=\"item_name\" type=\"hidden\" value=\"L'Orpailleur\" \/><input name=\"item_number\" type=\"hidden\" value=\"Sauver sa peau\" \/><input name=\"no_note\" type=\"hidden\" value=\"0\" \/><input name=\"currency_code\" type=\"hidden\" value=\"EUR\" \/><input name=\"bn\" type=\"hidden\" value=\"PP-DonationsBF:btn_donateCC_LG.gif:NonHostedGuest\" \/><input alt=\"PayPal, le r\u00e9flexe s\u00e9curit\u00e9 pour payer en ligne\" name=\"submit\" src=\"https:\/\/www.paypalobjects.com\/fr_FR\/FR\/i\/btn\/btn_donateCC_LG.gif\" type=\"image\" \/><img loading=\"lazy\" decoding=\"async\" style=\"display: none ! important;\" src=\"https:\/\/www.paypalobjects.com\/fr_FR\/i\/scr\/pixel.gif\" alt=\"\" width=\"1\" height=\"1\" border=\"0\" \/><\/form>\n<p>&nbsp;<\/p>\n<p>&nbsp;<\/p>\n<p>&nbsp;<\/p>\n<p><strong>ACHAT EXEMPLAIRE PAPIER<\/strong><\/p>\n<p>Date de parution : juillet 2016<br \/>\nFormat : 15 x 21 cm<br \/>\nNombre de pages : 168<br \/>\nPrix : 10\u20ac (+ 2\u20ac frais de port)<\/p>\n<p>Vous pouvez t\u00e9l\u00e9charger le bulletin de souscription <strong><a href=\"http:\/\/ahp.li\/2f9b5bc919f79992da15.docx\" target=\"_blank\">ici<\/a><\/strong> et nous le renvoyer par courrier.<\/p>\n<p>Ou commander via Paypal, paiement s\u00e9curis\u00e9 :<\/p>\n<div>\n<form action=\"https:\/\/www.paypal.com\/cgi-bin\/webscr\" method=\"post\" target=\" paypal \"><input name=\"cmd\" type=\"hidden\" value=\"_cart\" \/><br \/>\n<input name=\"business\" type=\"hidden\" value=\"lorpailleur@orange.fr\" \/><br \/>\n<input name=\"lc\" type=\"hidden\" value=\"FR\" \/><br \/>\n<input name=\"item_name\" type=\"hidden\" value=\"Sauver sa peau\" \/><br \/>\n<input name=\"amount\" type=\"hidden\" value=\"12.00\" \/><br \/>\n<input name=\"currency_code\" type=\"hidden\" value=\"EUR\" \/><br \/>\n<input name=\"button_subtype\" type=\"hidden\" value=\"products\" \/><br \/>\n<input name=\"add\" type=\"hidden\" value=\"1\" \/><br \/>\n<input name=\"bn\" type=\"hidden\" value=\"PP-ShopCartBF:btn_cart_LG.gif:NonHosted\" \/><br \/>\n<input alt=\"PayPal - la solution de paiement en ligne la plus simple et la plus s\u00e9curis\u00e9e !\" name=\"submit\" src=\"https:\/\/www.paypalobjects.com\/fr_FR\/FR\/i\/btn\/btn_cart_LG.gif\" type=\"image\" \/><br \/>\n<img loading=\"lazy\" decoding=\"async\" src=\"https:\/\/www.paypalobjects.com\/fr_FR\/i\/scr\/pixel.gif\" alt=\"\" width=\"1\" height=\"1\" border=\"0\" \/><\/form>\n<\/div>\n<hr \/>\n<p>&nbsp;<\/p>\n<p><a href=\"https:\/\/www.outsiderland.com\/orpailleur2\/wp-content\/uploads\/2016\/03\/Couverture-Alpestres-recto-pour-blog.jpg\"><img loading=\"lazy\" decoding=\"async\" class=\"alignleft wp-image-222\" src=\"https:\/\/www.outsiderland.com\/orpailleur2\/wp-content\/uploads\/2016\/03\/Couverture-Alpestres-recto-pour-blog.jpg\" alt=\"Alpestres recto\" width=\"300\" height=\"422\" srcset=\"https:\/\/www.outsiderland.com\/orpailleur2\/wp-content\/uploads\/2016\/03\/Couverture-Alpestres-recto-pour-blog.jpg 709w, https:\/\/www.outsiderland.com\/orpailleur2\/wp-content\/uploads\/2016\/03\/Couverture-Alpestres-recto-pour-blog-213x300.jpg 213w\" sizes=\"auto, (max-width: 300px) 100vw, 300px\" \/><\/a><\/p>\n<p>&nbsp;<\/p>\n<p>Alpestres \/ Dana Hilliot<br \/>\nDate de parution : 19 mars 2016<br \/>\nFormat : num\u00e9rique e-pub<br \/>\nPrix : vous pouvez <strong>t\u00e9l\u00e9charger gratuitement<\/strong> ce livre en cliquant <strong><a href=\"http:\/\/ahp.li\/dcc1610d28d9d8546b51.epub\" target=\"_blank\">ICI<\/a><\/strong><\/p>\n<p>Vous pouvez aussi faire un don qui nous aidera \u00e0 \u00e9diter une version papier ou d&rsquo;autres \u0153uvres<\/p>\n<form action=\"https:\/\/www.paypal.com\/cgi-bin\/webscr\" method=\"post\" target=\"_blank\"><input name=\"cmd\" type=\"hidden\" value=\"_donations\" \/><input name=\"business\" type=\"hidden\" value=\"lorpailleur@orange.fr\" \/><input name=\"lc\" type=\"hidden\" value=\"FR\" \/><input name=\"item_name\" type=\"hidden\" value=\"L'Orpailleur\" \/><input name=\"item_number\" type=\"hidden\" value=\"Alpestres\" \/><input name=\"no_note\" type=\"hidden\" value=\"0\" \/><input name=\"currency_code\" type=\"hidden\" value=\"EUR\" \/><input name=\"bn\" type=\"hidden\" value=\"PP-DonationsBF:btn_donateCC_LG.gif:NonHostedGuest\" \/><input alt=\"PayPal, le r\u00e9flexe s\u00e9curit\u00e9 pour payer en ligne\" name=\"submit\" src=\"https:\/\/www.paypalobjects.com\/fr_FR\/FR\/i\/btn\/btn_donateCC_LG.gif\" type=\"image\" \/><img loading=\"lazy\" decoding=\"async\" style=\"display: none ! important;\" src=\"https:\/\/www.paypalobjects.com\/fr_FR\/i\/scr\/pixel.gif\" alt=\"\" width=\"1\" height=\"1\" border=\"0\" \/><\/form>\n<p><strong>ACHAT EXEMPLAIRE PAPIER<\/strong><\/p>\n<p>Alpestres \/ Dana Hilliot<br \/>\nDate de parution : juillet 2016<br \/>\nFormat : 15 x 21 cm<br \/>\nNombre de pages : 74<br \/>\nPrix : 7\u20ac (+ 2\u20ac frais de port)<\/p>\n<p>Vous pouvez t\u00e9l\u00e9charger le bulletin de souscription <a href=\"http:\/\/ahp.li\/ff7d87cfba63f6928b9f.docx\" target=\"_blank\"><strong>ici<\/strong><\/a> et nous le renvoyer par courrier.<\/p>\n<p>Ou commander via Paypal, paiement s\u00e9curis\u00e9 :<\/p>\n<div>\n<form action=\"https:\/\/www.paypal.com\/cgi-bin\/webscr\" method=\"post\" target=\" paypal \"><input name=\"cmd\" type=\"hidden\" value=\"_cart\" \/><br \/>\n<input name=\"business\" type=\"hidden\" value=\"lorpailleur@orange.fr\" \/><br \/>\n<input name=\"lc\" type=\"hidden\" value=\"FR\" \/><br \/>\n<input name=\"item_name\" type=\"hidden\" value=\"Alpestres\" \/><br \/>\n<input name=\"amount\" type=\"hidden\" value=\"9.00\" \/><br \/>\n<input name=\"currency_code\" type=\"hidden\" value=\"EUR\" \/><br \/>\n<input name=\"button_subtype\" type=\"hidden\" value=\"products\" \/><br \/>\n<input name=\"add\" type=\"hidden\" value=\"1\" \/><br \/>\n<input name=\"bn\" type=\"hidden\" value=\"PP-ShopCartBF:btn_cart_LG.gif:NonHosted\" \/><br \/>\n<input alt=\"PayPal - la solution de paiement en ligne la plus simple et la plus s\u00e9curis\u00e9e !\" name=\"submit\" src=\"https:\/\/www.paypalobjects.com\/fr_FR\/FR\/i\/btn\/btn_cart_LG.gif\" type=\"image\" \/><br \/>\n<img loading=\"lazy\" decoding=\"async\" src=\"https:\/\/www.paypalobjects.com\/fr_FR\/i\/scr\/pixel.gif\" alt=\"\" width=\"1\" height=\"1\" border=\"0\" \/><\/form>\n<\/div>\n<hr \/>\n<p>Vous trouverez ci-dessous des textes \u00e9crits par nos auteurs.<\/p>\n<p><a href=\"http:\/\/ahp.li\/8662bd60f80548670d8e.pdf\" target=\"_blank\"><u><i><b>Hommes \u00e9gar\u00e9s dans le brouillard<\/b><\/i><\/u><\/a>, Dana Hilliot<\/p>\n<p><a href=\"http:\/\/ahp.li\/a794ad78dbae82881423.pdf\" target=\"_blank\"><u><i><b>Projet d&rsquo;enqu\u00eate sur une rupture<\/b><\/i><\/u><\/a>, Christophe Havot, publi\u00e9 initialement par <a href=\"http:\/\/adeleotto.blogspot.fr\/\" target=\"_blank\">Les cahiers d&rsquo;Ad\u00e8le<\/a> (<a href=\"http:\/\/adeleotto.blogspot.fr\/2012\/06\/sommaire-du-numero-9.html\" target=\"_blank\">num\u00e9ro 9<\/a>).<\/p>\n","protected":false},"excerpt":{"rendered":"<p>Sauver sa peau \/ Dana Hilliot Date de parution : 28 mars 2016 Format : num\u00e9rique e-pub Vous pouvez t\u00e9l\u00e9charger gratuitement ce livre en cliquant ICI &nbsp; Vous pouvez aussi faire un don qui nous aidera \u00e0 \u00e9diter une version <a class=\"more-link\" href=\"https:\/\/www.outsiderland.com\/orpailleur2\/livres-numeriques\/\">Continuer la lecture <span class=\"screen-reader-text\">  LIVRES NUM\u00c9RIQUES<\/span><span class=\"meta-nav\">&rarr;<\/span><\/a><\/p>\n","protected":false},"author":1,"featured_media":0,"parent":0,"menu_order":7,"comment_status":"closed","ping_status":"closed","template":"","meta":{"footnotes":""},"class_list":["post-263","page","type-page","status-publish","hentry"],"_links":{"self":[{"href":"https:\/\/www.outsiderland.com\/orpailleur2\/wp-json\/wp\/v2\/pages\/263","targetHints":{"allow":["GET"]}}],"collection":[{"href":"https:\/\/www.outsiderland.com\/orpailleur2\/wp-json\/wp\/v2\/pages"}],"about":[{"href":"https:\/\/www.outsiderland.com\/orpailleur2\/wp-json\/wp\/v2\/types\/page"}],"author":[{"embeddable":true,"href":"https:\/\/www.outsiderland.com\/orpailleur2\/wp-json\/wp\/v2\/users\/1"}],"replies":[{"embeddable":true,"href":"https:\/\/www.outsiderland.com\/orpailleur2\/wp-json\/wp\/v2\/comments?post=263"}],"version-history":[{"count":0,"href":"https:\/\/www.outsiderland.com\/orpailleur2\/wp-json\/wp\/v2\/pages\/263\/revisions"}],"wp:attachment":[{"href":"https:\/\/www.outsiderland.com\/orpailleur2\/wp-json\/wp\/v2\/media?parent=263"}],"curies":[{"name":"wp","href":"https:\/\/api.w.org\/{rel}","templated":true}]}}