{"id":1573,"date":"2026-03-03T16:33:54","date_gmt":"2026-03-03T16:33:54","guid":{"rendered":"https:\/\/www.outsiderland.com\/orpailleur2\/?page_id=1573"},"modified":"2026-04-12T10:13:03","modified_gmt":"2026-04-12T10:13:03","slug":"je-veux-de-la-magie","status":"publish","type":"page","link":"https:\/\/www.outsiderland.com\/orpailleur2\/catalogue\/je-veux-de-la-magie\/","title":{"rendered":"Je veux de la magie"},"content":{"rendered":"<p><a href=\"https:\/\/www.outsiderland.com\/orpailleur2\/wp-content\/uploads\/2025\/09\/couverture-recto-150dpi-avec-cadre.jpg\" rel=\"attachment wp-att-1375\"><img loading=\"lazy\" decoding=\"async\" class=\"size-medium wp-image-1575 alignleft\" src=\"https:\/\/www.outsiderland.com\/orpailleur2\/wp-content\/uploads\/2026\/03\/Je-veux-de-la-magie-couverture-recto-150dpi-avec-cadre-213x300.jpg\" alt=\"\" width=\"213\" height=\"300\" srcset=\"https:\/\/www.outsiderland.com\/orpailleur2\/wp-content\/uploads\/2026\/03\/Je-veux-de-la-magie-couverture-recto-150dpi-avec-cadre-213x300.jpg 213w, https:\/\/www.outsiderland.com\/orpailleur2\/wp-content\/uploads\/2026\/03\/Je-veux-de-la-magie-couverture-recto-150dpi-avec-cadre-727x1024.jpg 727w, https:\/\/www.outsiderland.com\/orpailleur2\/wp-content\/uploads\/2026\/03\/Je-veux-de-la-magie-couverture-recto-150dpi-avec-cadre-768x1081.jpg 768w, https:\/\/www.outsiderland.com\/orpailleur2\/wp-content\/uploads\/2026\/03\/Je-veux-de-la-magie-couverture-recto-150dpi-avec-cadre.jpg 797w\" sizes=\"auto, (max-width: 213px) 100vw, 213px\" \/><\/a><strong>4\u00e8me de couverture :<\/strong><\/p>\n<p>Que feriez-vous si vous \u00e9tiez soudain per\u00e7u comme ayant vingt ans de moins ?<br \/>\nSoan est un quinquag\u00e9naire bien int\u00e9gr\u00e9 dans la France contemporaine. Psy divorc\u00e9, m\u00e9tis, p\u00e8re d\u2019une adolescente, rien ne le pr\u00e9dispose \u00e0 ce qui va lui arriver. Pourtant, presque du jour au lendemain, il voit ses cheveux blancs redevenir noirs et ses traits se lisser.<br \/>\nIl n\u2019a pas chang\u00e9 int\u00e9rieurement, mais le regard qu\u2019on pose sur lui n\u2019est plus le m\u00eame, le voici consid\u00e9r\u00e9 comme faisant partie d\u2019une g\u00e9n\u00e9ration dont tous les codes lui manquent.<br \/>\nEt si, les jeux n\u2019\u00e9taient pas faits ? Plut\u00f4t que se perdre ou se raccrocher \u00e0 ce qu\u2019il conna\u00eet, Soan saisit cette providence pour r\u00e9inventer sa vie et en reprendre le cours \u00e0 la fin de son adolescence. Il y a des chemins jamais emprunt\u00e9s, des directions qu\u2019on pensait interdites, et qui ne le sont peut-\u00eatre pas tant que \u00e7a\u2026<br \/>\nAvec son \u00e9criture rythm\u00e9e, abrupte, volontairement hach\u00e9e, Andr\u00e9 E. Royer rend compte des questionnements qui traversent son h\u00e9ros, sans jamais le juger, le laissant libre de ses choix et vous entra\u00eene, non sans une certaine malice, dans son univers magique.<\/p>\n<hr \/>\n<p style=\"text-align: left;\"><strong>Lisez les 3 premi\u00e8res pages<\/strong> du livre en cliquant <a href=\"https:\/\/ahp.li\/92e0d159c99069c721cd.pdf\" target=\"_blank\" rel=\"noopener\"><strong>ici<\/strong>.<\/a><strong><br \/>\n<\/strong><\/p>\n<hr \/>\n<p style=\"text-align: left;\"><strong>Lisez le communiqu\u00e9 de presse<\/strong> en cliquant <a href=\"https:\/\/ahp.li\/cba88a3a878713da83f8.pdf\" target=\"_blank\" rel=\"noopener\"><strong>ici<\/strong><\/a><a href=\"https:\/\/ahp.li\/191aa848a24152450474.pdf\" target=\"_blank\" rel=\"noopener\">.<\/a><strong><br \/>\n<\/strong><\/p>\n<hr \/>\n<p>Date de parution : mars 2026<br \/>\nFormat : 13,5 x 19 cm<br \/>\nNombre de pages : 212<br \/>\n<span style=\"color: #000000;\">Prix :<span style=\"color: #339966;\"><strong> 20\u20ac<\/strong><\/span><\/span> <span style=\"color: #008000;\"><span style=\"color: #000000;\">(<\/span><\/span>frais de port offerts)<\/p>\n<div>\n<form action=\"https:\/\/www.paypal.com\/cgi-bin\/webscr\" method=\"post\" target=\" paypal \"><input name=\"cmd\" type=\"hidden\" value=\"_cart\" \/><input name=\"business\" type=\"hidden\" value=\"lorpailleur@orange.fr\" \/><input name=\"lc\" type=\"hidden\" value=\"FR\" \/><input name=\"item_name\" type=\"hidden\" value=\"Je veux de la magie\" \/><input name=\"amount\" type=\"hidden\" value=\"20.00\" \/><input name=\"currency_code\" type=\"hidden\" value=\"EUR\" \/><input name=\"button_subtype\" type=\"hidden\" value=\"products\" \/><input name=\"add\" type=\"hidden\" value=\"1\" \/><input name=\"bn\" type=\"hidden\" value=\"PP-ShopCartBF:btn_cart_LG.gif:NonHosted\" \/><input alt=\"PayPal - la solution de paiement en ligne la plus simple et la plus s\u00e9curis\u00e9e !\" name=\"submit\" src=\"https:\/\/www.paypalobjects.com\/fr_FR\/FR\/i\/btn\/btn_cart_LG.gif\" type=\"image\" \/><\/form>\n<\/div>\n<hr \/>\n<p><strong>Critiques<\/strong><\/p>\n<p>L&rsquo;avis d&rsquo;<strong>Am\u00e9lie Nothomb<\/strong> :<em><br \/>\nJ&rsquo;ai lu <\/em>Je veux de la magie<em> avec d\u00e9lice. La magie, c\u2019est que vous dites la v\u00e9rit\u00e9 : la jeunesse commence \u00e0 50 ans. Jamais votre \u00e9criture n\u2019a \u00e9t\u00e9 si jeune, si puissante, si inventive.<\/em><br \/>\n<em>Ce livre c\u2019est de la K-Pop ! Bravo !<\/em><\/p>\n<p>**********<\/p>\n","protected":false},"excerpt":{"rendered":"<p>4\u00e8me de couverture : Que feriez-vous si vous \u00e9tiez soudain per\u00e7u comme ayant vingt ans de moins ? Soan est un quinquag\u00e9naire bien int\u00e9gr\u00e9 dans la France contemporaine. Psy divorc\u00e9, m\u00e9tis, p\u00e8re d\u2019une adolescente, rien ne le pr\u00e9dispose \u00e0 ce <a class=\"more-link\" href=\"https:\/\/www.outsiderland.com\/orpailleur2\/catalogue\/je-veux-de-la-magie\/\">Continuer la lecture <span class=\"screen-reader-text\">  Je veux de la magie<\/span><span class=\"meta-nav\">&rarr;<\/span><\/a><\/p>\n","protected":false},"author":1,"featured_media":0,"parent":1476,"menu_order":28,"comment_status":"closed","ping_status":"closed","template":"","meta":{"footnotes":""},"class_list":["post-1573","page","type-page","status-publish","hentry"],"_links":{"self":[{"href":"https:\/\/www.outsiderland.com\/orpailleur2\/wp-json\/wp\/v2\/pages\/1573","targetHints":{"allow":["GET"]}}],"collection":[{"href":"https:\/\/www.outsiderland.com\/orpailleur2\/wp-json\/wp\/v2\/pages"}],"about":[{"href":"https:\/\/www.outsiderland.com\/orpailleur2\/wp-json\/wp\/v2\/types\/page"}],"author":[{"embeddable":true,"href":"https:\/\/www.outsiderland.com\/orpailleur2\/wp-json\/wp\/v2\/users\/1"}],"replies":[{"embeddable":true,"href":"https:\/\/www.outsiderland.com\/orpailleur2\/wp-json\/wp\/v2\/comments?post=1573"}],"version-history":[{"count":6,"href":"https:\/\/www.outsiderland.com\/orpailleur2\/wp-json\/wp\/v2\/pages\/1573\/revisions"}],"predecessor-version":[{"id":1598,"href":"https:\/\/www.outsiderland.com\/orpailleur2\/wp-json\/wp\/v2\/pages\/1573\/revisions\/1598"}],"up":[{"embeddable":true,"href":"https:\/\/www.outsiderland.com\/orpailleur2\/wp-json\/wp\/v2\/pages\/1476"}],"wp:attachment":[{"href":"https:\/\/www.outsiderland.com\/orpailleur2\/wp-json\/wp\/v2\/media?parent=1573"}],"curies":[{"name":"wp","href":"https:\/\/api.w.org\/{rel}","templated":true}]}}