{"id":1403,"date":"2025-10-13T13:19:11","date_gmt":"2025-10-13T12:19:11","guid":{"rendered":"https:\/\/outsiderland.com\/orpailleur\/?page_id=1403"},"modified":"2025-10-13T13:19:11","modified_gmt":"2025-10-13T12:19:11","slug":"la-fenetre-grise","status":"publish","type":"page","link":"https:\/\/www.outsiderland.com\/orpailleur2\/catalogue\/la-fenetre-grise\/","title":{"rendered":"La fen\u00eatre grise"},"content":{"rendered":"<p><a href=\"https:\/\/www.outsiderland.com\/orpailleur2\/wp-content\/uploads\/2025\/09\/couverture-recto-150dpi-avec-cadre.jpg\" rel=\"attachment wp-att-1375\"><img loading=\"lazy\" decoding=\"async\" class=\"alignleft size-medium wp-image-1375\" src=\"https:\/\/www.outsiderland.com\/orpailleur2\/wp-content\/uploads\/2025\/09\/couverture-recto-150dpi-avec-cadre-213x300.jpg\" alt=\"couverture recto 150dpi avec cadre\" width=\"213\" height=\"300\" srcset=\"https:\/\/www.outsiderland.com\/orpailleur2\/wp-content\/uploads\/2025\/09\/couverture-recto-150dpi-avec-cadre-213x300.jpg 213w, https:\/\/www.outsiderland.com\/orpailleur2\/wp-content\/uploads\/2025\/09\/couverture-recto-150dpi-avec-cadre-727x1024.jpg 727w, https:\/\/www.outsiderland.com\/orpailleur2\/wp-content\/uploads\/2025\/09\/couverture-recto-150dpi-avec-cadre-768x1081.jpg 768w, https:\/\/www.outsiderland.com\/orpailleur2\/wp-content\/uploads\/2025\/09\/couverture-recto-150dpi-avec-cadre.jpg 797w\" sizes=\"auto, (max-width: 213px) 100vw, 213px\" \/><\/a><strong>4\u00e8me de couverture :<\/strong><\/p>\n<p>\u00c0 l\u2019heure des r\u00e9seaux sociaux et des risques qu\u2019on peut y courir, le r\u00e9seau de Tony Meyer, lui, n\u2019est pas \u00absocial\u00bb : il se limite \u00e0 son quartier, et ses activit\u00e9s concernent essentiellement le turf. C\u2019est sa t\u00e9l\u00e9-r\u00e9alit\u00e9 \u00e0 lui, et elle commence \u00e0 sa fen\u00eatre. Est-ce inoffensif ? Cela d\u00e9pend de ce qu\u2019on y voit. On ne s\u2019aper\u00e7oit pas tout de suite qu\u2019on peut tirer sur un fil qui va d\u00e9tricoter votre qui\u00e9tude.<br \/>\nLa curiosit\u00e9 est un beau d\u00e9faut, mais elle n\u2019est pas sans dangers, et tous les gens qu\u2019on voit vivre \u00e0 travers les fen\u00eatres ne sont pas aussi innocents que l\u2019on croit.<br \/>\nMais pour se garder \u00e0 distance des cingl\u00e9s, faut-il vivre dans une cave ou \u00e0 l\u2019autre bout du monde ?<br \/>\nObservateur, voyeur, parieur. T\u00e9moin, complice, criminel. Bien malin qui saura qualifier le h\u00e9ros insaisissable de ce roman tout en nuances de gris.<\/p>\n<hr \/>\n<p style=\"text-align: left;\"><strong>Lisez les 3 premi\u00e8res pages<\/strong> du livre en cliquant <a href=\"https:\/\/ahp.li\/191aa848a24152450474.pdf\" target=\"_blank\"><strong>ici<\/strong>.<\/a><strong><br \/>\n<\/strong><\/p>\n<hr \/>\n<p style=\"text-align: left;\"><strong>Lisez le communiqu\u00e9 de presse<\/strong> en cliquant <a href=\"https:\/\/ahp.li\/74e84452f0f1515f3f2b.pdf\" target=\"_blank\"><strong>ici<\/strong><\/a><a href=\"https:\/\/ahp.li\/191aa848a24152450474.pdf\" target=\"_blank\">.<\/a><strong><br \/>\n<\/strong><\/p>\n<hr \/>\n<p>Date de parution : octobre 2025<br \/>\nFormat : 13,5 x 19 cm<br \/>\nNombre de pages : 186<br \/>\n<span style=\"color: #000000;\">Prix :<span style=\"color: #339966;\"><strong> 18\u20ac<\/strong><\/span><\/span> <span style=\"color: #008000;\"><span style=\"color: #000000;\">(<\/span><\/span>frais de port offerts)<\/p>\n<div>\n<form action=\"https:\/\/www.paypal.com\/cgi-bin\/webscr\" method=\"post\" target=\" paypal \"><input name=\"cmd\" type=\"hidden\" value=\"_cart\" \/><input name=\"business\" type=\"hidden\" value=\"lorpailleur@orange.fr\" \/><input name=\"lc\" type=\"hidden\" value=\"FR\" \/><input name=\"item_name\" type=\"hidden\" value=\"La fen\u00eatre grise\" \/><input name=\"amount\" type=\"hidden\" value=\"18.00\" \/><input name=\"currency_code\" type=\"hidden\" value=\"EUR\" \/><input name=\"button_subtype\" type=\"hidden\" value=\"products\" \/><input name=\"add\" type=\"hidden\" value=\"1\" \/><input name=\"bn\" type=\"hidden\" value=\"PP-ShopCartBF:btn_cart_LG.gif:NonHosted\" \/><input alt=\"PayPal - la solution de paiement en ligne la plus simple et la plus s\u00e9curis\u00e9e !\" name=\"submit\" src=\"https:\/\/www.paypalobjects.com\/fr_FR\/FR\/i\/btn\/btn_cart_LG.gif\" type=\"image\" \/><\/form>\n<\/div>\n<hr \/>\n<p style=\"text-align: left;\"><strong>Critiques<\/strong><\/p>\n<p>La critique de <a href=\"https:\/\/www.vibration-editions.com\/christiandorsan\" target=\"_blank\">Christian Dorsan<\/a> sur le site actualitte.com est \u00e0 lire <a href=\"https:\/\/actualitte.com\/article\/128438\/chroniques\/la-fenetre-grise-d-hubert-delahaye-le-meyer-des-mondes\" target=\"_blank\"><span style=\"color: #0000ff;\"><strong>ici<\/strong><\/span><\/a>.<\/p>\n<p>**********<\/p>\n<p>Article sur le Blog <strong>Dans la Bulle de Manou<\/strong> \u00e0 retouver <a href=\"https:\/\/www.bulledemanou.com\/2025\/11\/la-fenetre-grise\/hubert-delahaye.html\" target=\"_blank\"><span style=\"color: #0000ff;\"><strong>ici<\/strong><\/span><\/a>.<\/p>\n<p>**********<\/p>\n<p>Critique sur la page Instagram <strong><a href=\"https:\/\/www.instagram.com\/lyvres2yv\/\" target=\"_blank\">Lyvres2yv<\/a><\/strong> \u00e0 lire <a href=\"https:\/\/ahp.li\/895a3a95e6dea3a3a573.pdf\" target=\"_blank\"><span style=\"color: #0000ff;\"><strong>ici<\/strong><\/span><\/a>.<\/p>\n","protected":false},"excerpt":{"rendered":"<p>4\u00e8me de couverture : \u00c0 l\u2019heure des r\u00e9seaux sociaux et des risques qu\u2019on peut y courir, le r\u00e9seau de Tony Meyer, lui, n\u2019est pas \u00absocial\u00bb : il se limite \u00e0 son quartier, et ses activit\u00e9s concernent essentiellement le turf. C\u2019est <a class=\"more-link\" href=\"https:\/\/www.outsiderland.com\/orpailleur2\/catalogue\/la-fenetre-grise\/\">Continuer la lecture <span class=\"screen-reader-text\">  La fen\u00eatre grise<\/span><span class=\"meta-nav\">&rarr;<\/span><\/a><\/p>\n","protected":false},"author":1,"featured_media":0,"parent":1476,"menu_order":27,"comment_status":"closed","ping_status":"closed","template":"","meta":{"footnotes":""},"class_list":["post-1403","page","type-page","status-publish","hentry"],"_links":{"self":[{"href":"https:\/\/www.outsiderland.com\/orpailleur2\/wp-json\/wp\/v2\/pages\/1403","targetHints":{"allow":["GET"]}}],"collection":[{"href":"https:\/\/www.outsiderland.com\/orpailleur2\/wp-json\/wp\/v2\/pages"}],"about":[{"href":"https:\/\/www.outsiderland.com\/orpailleur2\/wp-json\/wp\/v2\/types\/page"}],"author":[{"embeddable":true,"href":"https:\/\/www.outsiderland.com\/orpailleur2\/wp-json\/wp\/v2\/users\/1"}],"replies":[{"embeddable":true,"href":"https:\/\/www.outsiderland.com\/orpailleur2\/wp-json\/wp\/v2\/comments?post=1403"}],"version-history":[{"count":0,"href":"https:\/\/www.outsiderland.com\/orpailleur2\/wp-json\/wp\/v2\/pages\/1403\/revisions"}],"up":[{"embeddable":true,"href":"https:\/\/www.outsiderland.com\/orpailleur2\/wp-json\/wp\/v2\/pages\/1476"}],"wp:attachment":[{"href":"https:\/\/www.outsiderland.com\/orpailleur2\/wp-json\/wp\/v2\/media?parent=1403"}],"curies":[{"name":"wp","href":"https:\/\/api.w.org\/{rel}","templated":true}]}}