{"id":14,"date":"2015-09-24T09:08:50","date_gmt":"2015-09-24T08:08:50","guid":{"rendered":"https:\/\/outsiderland.com\/orpailleur\/?page_id=14"},"modified":"2015-09-24T09:08:50","modified_gmt":"2015-09-24T08:08:50","slug":"ligne-editoriale","status":"publish","type":"page","link":"https:\/\/www.outsiderland.com\/orpailleur2\/ligne-editoriale\/","title":{"rendered":"LIGNE \u00c9DITORIALE"},"content":{"rendered":"<p>L&rsquo;Orpailleur est une maison d&rsquo;\u00e9dition ind\u00e9pendante plac\u00e9e sous la direction de Christophe Havot.<\/p>\n<p>De juin 2014 \u00e0 octobre 2023, L&rsquo;Orpailleur a d&rsquo;abord \u00e9t\u00e9 une collection chez az&rsquo;art atelier \u00e9ditions. C&rsquo;est d\u00e9sormais une maison d&rsquo;\u00e9dition \u00e0 part enti\u00e8re.<\/p>\n<h3>Ligne \u00e9ditoriale<\/h3>\n<p><strong>\u00c9diter pour quoi\u00a0?<\/strong><\/p>\n<p>Pour donner vie \u00e0 des livres, exclusivement des romans (dans une acception assez souple) qui n\u2019ont pas eu la chance de trouver un \u00e9diteur jusqu\u2019alors.<\/p>\n<p>Malgr\u00e9 la profusion des maisons d\u2019\u00e9dition il ne fait aucun doute que de nombreuses \u0153uvres \u00e9chappent \u00e0 la sagacit\u00e9 des \u00e9diteurs, notre volont\u00e9 nous poussera \u00e0 d\u00e9couvrir quelques-uns de ces textes et \u00e0 les faire \u00e9merger pour un public le plus large possible.<\/p>\n<p>Pour prendre des risques et affirmer une certaine vision de la litt\u00e9rature, \u00e0 la fois hors des sentiers battus et hors de l\u2019exp\u00e9rimentation pure. Une vision nourrie d\u2019influences multiples et qui n\u2019exclura pas une certaine diversit\u00e9.<\/p>\n<p>Pas pour cr\u00e9er une entreprise marchande de plus, destin\u00e9e \u00e0 enrichir qui que ce soit, mais pour tenter de partager nos coups de c\u0153ur avec un public curieux.<\/p>\n<p><strong>Quel type de livres\u00a0?<\/strong><\/p>\n<p>Des livres qui donnent au lecteur le plaisir de d\u00e9couvrir, au fil des mots, des univers personnels et des histoires originales. Des livres qui ne se livrent pas imm\u00e9diatement, \u00e0 l\u2019\u00e9criture affirm\u00e9e, au style personnel, revendiqu\u00e9 et assum\u00e9.<\/p>\n<p><strong>Des livres pour quoi dire\u00a0?<\/strong><\/p>\n<p>Pas de th\u00e8me impos\u00e9, pas de genre impos\u00e9 mais la n\u00e9cessit\u00e9 que les textes racontent quelque chose, qu\u2019ils proposent une vision, une perception, des \u00e9motions, qu\u2019ils puissent susciter la r\u00e9flexion, qu\u2019ils emportent leurs lecteurs dans un monde o\u00f9 les mots ont tout leur sens.<\/p>\n<p><em>\u00ab\u00a0tu \u00e9cris des livres que personne ne lit, des livres qui te br\u00fblent les mains, les br\u00fblures dess\u00e8chent les pages qu&rsquo;on peut arracher en les tirant avec deux doigts seulement comme des lambeaux sur un corps \u00e9corch\u00e9, tu \u00e9cris des livres dans lesquels personne except\u00e9 toi ne trouve de prises auxquelles s&rsquo;agripper, et toi-m\u00eame, \u00e0 vrai dire, ne cesses de glisser sur les parois abruptes de ces histoires, de ces bribes, on dirait comme un champ de ressacs surgissant des profondeurs d&rsquo;un glacier, des masses grises et gel\u00e9es affleurant dans le plus grand d\u00e9sordre, le genre d&rsquo;endroit o\u00f9 l&rsquo;on ne manque pas de se perdre, qui semble fait tout expr\u00e8s pour qu&rsquo;on s&rsquo;y perde\u00a0 (\u2026) voil\u00e0 le monde dans lequel on essaie de vivre et d&rsquo;\u00e9crire, on attend d&rsquo;un \u00e9crivain qu&rsquo;il vous donne une raison de vivre, des recettes pour le bonheur, l&rsquo;\u00e9loge de la vertu, du courage, de l&rsquo;abn\u00e9gation, les inepties d\u00e9livr\u00e9es par pellet\u00e9es dans les rayons des librairies \u00e9sot\u00e9riques et psychologiques ne suffisent pas aux lecteurs, il faudrait que les \u00e9crivains s&#8217;emploient \u00e0 r\u00e9pandre la bonne parole, \u00e0 dispenser la pens\u00e9e positive, la religion ne s\u00e9duit plus grand monde, il faudrait que la litt\u00e9rature prenne le relais, contribue \u00e0 la vaste supercherie visant \u00e0 noyer l&rsquo;humanit\u00e9 sous un d\u00e9luge de mi\u00e8vrerie, du bonheur \u00e0 peu de frais, le bonheur r\u00e9duit \u00e0 la vague sensation d&rsquo;un mieux-\u00eatre, des consolations de nurseries, on voudrait que la litt\u00e9rature se contente de procurer une sensation de bien-\u00eatre, \u00e7a se lit bien, sans effort, on se sent mieux apr\u00e8s qu&rsquo;on l&rsquo;a lu, lire consolide la foi en l&rsquo;humanit\u00e9 (\u2026) ces livres demandent des lecteurs exigeants, \u00e0 la hauteur, les autres lecteurs se sentent agress\u00e9s, et ils ont bien raison, tel est en partie le but de ces livres, la bonne litt\u00e9rature devrait se fixer pour but de mettre \u00e0 l&rsquo;\u00e9preuve le contentement bourgeois, c&rsquo;est ce que je pense maintenant, elle devrait vous forcer \u00e0 voir et \u00e0 entendre ce que vous pr\u00e9f\u00e9reriez ne pas voir et ne pas entendre, (\u2026) j&rsquo;\u00e9cris pr\u00e9cis\u00e9ment pour d\u00e9primer des lecteurs comme vous, j&rsquo;\u00e9cris pour emmerder le bourgeois, lui pourrir ses nuits, mettre \u00e0 l&rsquo;\u00e9preuve sa bonne conscience, lui ass\u00e9ner cette partie de l&rsquo;humanit\u00e9 qu&rsquo;il refoule, l&#8217;emp\u00eacher de jouir en paix de sa bonne fortune, voil\u00e0 une des raisons pour lesquelles j&rsquo;\u00e9cris des choses si d\u00e9primantes, si d\u00e9nu\u00e9es d&rsquo;esp\u00e9rance, voil\u00e0 la raison pour laquelle le personnage central de mon livre, le seul personnage d&rsquo;ailleurs, appara\u00eet exag\u00e9r\u00e9ment d\u00e9prim\u00e9\u00a0\u00bb<\/em><\/p>\n<p>extraits de <em><u>Un d\u00e9barras<\/u><\/em> de Dana Hilliot.<\/p>\n","protected":false},"excerpt":{"rendered":"<p>L&rsquo;Orpailleur est une maison d&rsquo;\u00e9dition ind\u00e9pendante plac\u00e9e sous la direction de Christophe Havot. De juin 2014 \u00e0 octobre 2023, L&rsquo;Orpailleur a d&rsquo;abord \u00e9t\u00e9 une collection chez az&rsquo;art atelier \u00e9ditions. C&rsquo;est d\u00e9sormais une maison d&rsquo;\u00e9dition \u00e0 part enti\u00e8re. Ligne \u00e9ditoriale \u00c9diter <a class=\"more-link\" href=\"https:\/\/www.outsiderland.com\/orpailleur2\/ligne-editoriale\/\">Continuer la lecture <span class=\"screen-reader-text\">  LIGNE \u00c9DITORIALE<\/span><span class=\"meta-nav\">&rarr;<\/span><\/a><\/p>\n","protected":false},"author":1,"featured_media":0,"parent":0,"menu_order":3,"comment_status":"closed","ping_status":"closed","template":"","meta":{"footnotes":""},"class_list":["post-14","page","type-page","status-publish","hentry"],"_links":{"self":[{"href":"https:\/\/www.outsiderland.com\/orpailleur2\/wp-json\/wp\/v2\/pages\/14","targetHints":{"allow":["GET"]}}],"collection":[{"href":"https:\/\/www.outsiderland.com\/orpailleur2\/wp-json\/wp\/v2\/pages"}],"about":[{"href":"https:\/\/www.outsiderland.com\/orpailleur2\/wp-json\/wp\/v2\/types\/page"}],"author":[{"embeddable":true,"href":"https:\/\/www.outsiderland.com\/orpailleur2\/wp-json\/wp\/v2\/users\/1"}],"replies":[{"embeddable":true,"href":"https:\/\/www.outsiderland.com\/orpailleur2\/wp-json\/wp\/v2\/comments?post=14"}],"version-history":[{"count":0,"href":"https:\/\/www.outsiderland.com\/orpailleur2\/wp-json\/wp\/v2\/pages\/14\/revisions"}],"wp:attachment":[{"href":"https:\/\/www.outsiderland.com\/orpailleur2\/wp-json\/wp\/v2\/media?parent=14"}],"curies":[{"name":"wp","href":"https:\/\/api.w.org\/{rel}","templated":true}]}}