{"id":1363,"date":"2025-09-03T16:19:29","date_gmt":"2025-09-03T15:19:29","guid":{"rendered":"https:\/\/outsiderland.com\/orpailleur\/?page_id=1363"},"modified":"2026-02-11T13:09:51","modified_gmt":"2026-02-11T13:09:51","slug":"la-petite-sur-le-siege-arriere","status":"publish","type":"page","link":"https:\/\/www.outsiderland.com\/orpailleur2\/catalogue\/la-petite-sur-le-siege-arriere\/","title":{"rendered":"La Petite sur le si\u00e8ge arri\u00e8re"},"content":{"rendered":"<p><a href=\"https:\/\/www.outsiderland.com\/orpailleur2\/wp-content\/uploads\/2025\/08\/Couverture-Recto-La-Petite-sur-le-siege-arriere-150dpi-avec-cadre.jpg\" rel=\"attachment wp-att-1366\"><img loading=\"lazy\" decoding=\"async\" class=\"size-medium wp-image-1366 alignleft\" src=\"https:\/\/www.outsiderland.com\/orpailleur2\/wp-content\/uploads\/2025\/08\/Couverture-Recto-La-Petite-sur-le-siege-arriere-150dpi-avec-cadre-213x300.jpg\" alt=\"\" width=\"213\" height=\"300\" srcset=\"https:\/\/www.outsiderland.com\/orpailleur2\/wp-content\/uploads\/2025\/08\/Couverture-Recto-La-Petite-sur-le-siege-arriere-150dpi-avec-cadre-213x300.jpg 213w, https:\/\/www.outsiderland.com\/orpailleur2\/wp-content\/uploads\/2025\/08\/Couverture-Recto-La-Petite-sur-le-siege-arriere-150dpi-avec-cadre-727x1024.jpg 727w, https:\/\/www.outsiderland.com\/orpailleur2\/wp-content\/uploads\/2025\/08\/Couverture-Recto-La-Petite-sur-le-siege-arriere-150dpi-avec-cadre-768x1081.jpg 768w, https:\/\/www.outsiderland.com\/orpailleur2\/wp-content\/uploads\/2025\/08\/Couverture-Recto-La-Petite-sur-le-siege-arriere-150dpi-avec-cadre.jpg 797w\" sizes=\"auto, (max-width: 213px) 100vw, 213px\" \/><\/a><strong>4\u00e8me de couverture :<\/strong><\/p>\n<p>Un p\u00e8re d\u00e9sesp\u00e9r\u00e9 devenu incontr\u00f4lable fonce vers l\u2019oc\u00e9an dans son break d\u00e9labr\u00e9. Il ne pourra pas se r\u00e9soudre \u00e0 rebrousser chemin, tel un fleuve suivant sa pente naturelle. \u00c0 l\u2019arri\u00e8re, la petite ouvre les yeux, captant la moindre parcelle de vie autour d\u2019elle. Rien ne lui sera \u00e9pargn\u00e9 dans cette fuite perdue d\u2019avance, \u00e9maill\u00e9e de rencontres singuli\u00e8res, o\u00f9 se m\u00ealent brutalit\u00e9s, tendresse maladroite et absurdit\u00e9s d\u2019une situation sans issue.<br \/>\nLa Petite sur le si\u00e8ge arri\u00e8re est un roman o\u00f9 l\u2019instinct et l\u2019humour tentent de combattre le malheur d\u2019existences avort\u00e9es auxquelles il n\u2019est apparemment donn\u00e9 aucune chance.<br \/>\nL\u2019\u00e9criture de Vincent Jacquet vous chavire et vous entra\u00eene au rythme effr\u00e9n\u00e9 de ce qui ressemble \u00e0 une course pour la vie.<\/p>\n<hr \/>\n<p style=\"text-align: left;\"><strong>Lisez les 3 premi\u00e8res pages<\/strong> du livre en cliquant <a href=\"https:\/\/ahp.li\/4cf5a48d8703588ee9f5.pdf\" target=\"_blank\" rel=\"noopener\"><strong>ici<\/strong>.<\/a><strong><br \/>\n<\/strong><\/p>\n<hr \/>\n<p style=\"text-align: left;\"><strong>Lisez le communiqu\u00e9 de presse<\/strong> en cliquant <a href=\"https:\/\/ahp.li\/3e3defc38dd2a2a1fcd3.pdf\" target=\"_blank\" rel=\"noopener\"><strong>ici<\/strong>.<\/a><strong><br \/>\n<\/strong><\/p>\n<hr \/>\n<p>Date de parution : juillet 2025<br \/>\nFormat : 13,5 x 19 cm<br \/>\nNombre de pages : 264<br \/>\n<span style=\"color: #000000;\">Prix :<span style=\"color: #339966;\"><strong> 21\u20ac<\/strong><\/span><\/span> <span style=\"color: #008000;\"><span style=\"color: #000000;\">(<\/span><\/span>frais de port offerts<\/p>\n<div>\n<form action=\"https:\/\/www.paypal.com\/cgi-bin\/webscr\" method=\"post\" target=\" paypal \"><input name=\"cmd\" type=\"hidden\" value=\"_cart\" \/><input name=\"business\" type=\"hidden\" value=\"lorpailleur@orange.fr\" \/><input name=\"lc\" type=\"hidden\" value=\"FR\" \/><input name=\"item_name\" type=\"hidden\" value=\"La Petite sur le si\u00e8ge arri\u00e8re\" \/><input name=\"amount\" type=\"hidden\" value=\"21.00\" \/><input name=\"currency_code\" type=\"hidden\" value=\"EUR\" \/><input name=\"button_subtype\" type=\"hidden\" value=\"products\" \/><input name=\"add\" type=\"hidden\" value=\"1\" \/><input name=\"bn\" type=\"hidden\" value=\"PP-ShopCartBF:btn_cart_LG.gif:NonHosted\" \/><input alt=\"PayPal - la solution de paiement en ligne la plus simple et la plus s\u00e9curis\u00e9e !\" name=\"submit\" src=\"https:\/\/www.paypalobjects.com\/fr_FR\/FR\/i\/btn\/btn_cart_LG.gif\" type=\"image\" \/><\/p>\n<hr \/>\n<p style=\"text-align: left;\"><strong>Critiques<\/strong><\/p>\n<p>**********<\/p>\n<p>Critique sur la page Instagram <strong><a href=\"https:\/\/www.instagram.com\/lyvres2yv\/p\/DR3u-adDEwK\/\" target=\"_blank\" rel=\"noopener\">Lyvres2yv<\/a><\/strong> \u00e0 lire <a href=\"https:\/\/ahp.li\/edab9c1ff4851ddf2ecb.pdf\" target=\"_blank\" rel=\"noopener\"><strong>ici<\/strong><\/a>.<\/p>\n<p>**********<\/p>\n<p>Retrouvez la critique parue dans le journal <strong>L&rsquo;Est \u00e9clair<\/strong> le 15 novembre 2025 en cliquant <a href=\"https:\/\/ahp.li\/fdc3ccd16aa01e908a99.pdf\" target=\"_blank\" rel=\"noopener\"><strong>ici<\/strong><\/a>.<\/p>\n<p>**********<\/p>\n<p>Retrouvez la critique de l&rsquo;auteur <strong>Christian Dorsan<\/strong> en cliquant <a href=\"https:\/\/actualitte.com\/article\/126752\/chroniques\/la-petite-sur-le-siege-arriere-attention-voie-sans-issue\" target=\"_blank\" rel=\"noopener\"><strong>ici<\/strong><\/a>.<\/p>\n<p>&nbsp;<\/p>\n<\/form>\n<\/div>\n","protected":false},"excerpt":{"rendered":"<p>4\u00e8me de couverture : Un p\u00e8re d\u00e9sesp\u00e9r\u00e9 devenu incontr\u00f4lable fonce vers l\u2019oc\u00e9an dans son break d\u00e9labr\u00e9. Il ne pourra pas se r\u00e9soudre \u00e0 rebrousser chemin, tel un fleuve suivant sa pente naturelle. \u00c0 l\u2019arri\u00e8re, la petite ouvre les yeux, captant <a class=\"more-link\" href=\"https:\/\/www.outsiderland.com\/orpailleur2\/catalogue\/la-petite-sur-le-siege-arriere\/\">Continuer la lecture <span class=\"screen-reader-text\">  La Petite sur le si\u00e8ge arri\u00e8re<\/span><span class=\"meta-nav\">&rarr;<\/span><\/a><\/p>\n","protected":false},"author":1,"featured_media":0,"parent":1476,"menu_order":26,"comment_status":"closed","ping_status":"closed","template":"","meta":{"footnotes":""},"class_list":["post-1363","page","type-page","status-publish","hentry"],"_links":{"self":[{"href":"https:\/\/www.outsiderland.com\/orpailleur2\/wp-json\/wp\/v2\/pages\/1363","targetHints":{"allow":["GET"]}}],"collection":[{"href":"https:\/\/www.outsiderland.com\/orpailleur2\/wp-json\/wp\/v2\/pages"}],"about":[{"href":"https:\/\/www.outsiderland.com\/orpailleur2\/wp-json\/wp\/v2\/types\/page"}],"author":[{"embeddable":true,"href":"https:\/\/www.outsiderland.com\/orpailleur2\/wp-json\/wp\/v2\/users\/1"}],"replies":[{"embeddable":true,"href":"https:\/\/www.outsiderland.com\/orpailleur2\/wp-json\/wp\/v2\/comments?post=1363"}],"version-history":[{"count":1,"href":"https:\/\/www.outsiderland.com\/orpailleur2\/wp-json\/wp\/v2\/pages\/1363\/revisions"}],"predecessor-version":[{"id":1571,"href":"https:\/\/www.outsiderland.com\/orpailleur2\/wp-json\/wp\/v2\/pages\/1363\/revisions\/1571"}],"up":[{"embeddable":true,"href":"https:\/\/www.outsiderland.com\/orpailleur2\/wp-json\/wp\/v2\/pages\/1476"}],"wp:attachment":[{"href":"https:\/\/www.outsiderland.com\/orpailleur2\/wp-json\/wp\/v2\/media?parent=1363"}],"curies":[{"name":"wp","href":"https:\/\/api.w.org\/{rel}","templated":true}]}}