{"id":130,"date":"2015-10-03T22:28:44","date_gmt":"2015-10-03T21:28:44","guid":{"rendered":"https:\/\/outsiderland.com\/orpailleur\/?page_id=130"},"modified":"2015-10-03T22:28:44","modified_gmt":"2015-10-03T21:28:44","slug":"archipels-yin","status":"publish","type":"page","link":"https:\/\/www.outsiderland.com\/orpailleur2\/catalogue\/archipels-yin\/","title":{"rendered":"Archipels Yin"},"content":{"rendered":"<p><em><a href=\"https:\/\/www.outsiderland.com\/orpailleur2\/wp-content\/uploads\/2015\/10\/Couverture-Yin-recto-pour-blog.jpg\"><img loading=\"lazy\" decoding=\"async\" class=\"alignleft wp-image-181 size-medium\" src=\"https:\/\/www.outsiderland.com\/orpailleur2\/wp-content\/uploads\/2015\/10\/Couverture-Yin-recto-pour-blog-213x300.jpg\" alt=\"Couverture Yin recto pour blog\" width=\"213\" height=\"300\" srcset=\"https:\/\/www.outsiderland.com\/orpailleur2\/wp-content\/uploads\/2015\/10\/Couverture-Yin-recto-pour-blog-213x300.jpg 213w, https:\/\/www.outsiderland.com\/orpailleur2\/wp-content\/uploads\/2015\/10\/Couverture-Yin-recto-pour-blog.jpg 709w\" sizes=\"auto, (max-width: 213px) 100vw, 213px\" \/><\/a><\/em><strong>4\u00e8me de couverture :<\/strong><br \/>\n<em>Se lancer dans la lecture de <u>Yin<\/u>, c\u2019est partir \u00e0 l\u2019aventure. <\/em><br \/>\n<em>\u00c0 la rencontre de personnages hauts en couleur, qui se croisent, se sont crois\u00e9s ou se croiseront dans <\/em><em>un mond<\/em><em>e neuf et violent, d\u00e9j\u00e0 d\u00e9glingu\u00e9\u00a0; un monde imaginaire et pourtant familier\u00a0; un monde de contrastes entre la lumi\u00e8re br\u00fblante de midi et les nuits torrides, entre la ville corrompue et la for\u00eat tropicale chaude, humide et dense, lieu de fantasmes avou\u00e9s ou non, m\u00eame sous la torture. <\/em><br \/>\n<em>\u00c0 la rencontre aussi d\u2019une \u00e9criture exigeante, touffue, charnelle, o\u00f9 les mots vous happent pour ne plus vous l\u00e2cher, o\u00f9 les phrases vous embarquent dans un flux plus puissant que celui du fleuve Eriol.<\/em><br \/>\n<em><u>Yin<\/u><\/em><em> est un livre sur l\u2019absence (l\u2019absente), sur le travail possible ou non de la m\u00e9moire, sur la possibilit\u00e9 ou non de se reconstruire lorsque tout a \u00e9t\u00e9 d\u00e9truit, r\u00e9duit en cendres, et que le pass\u00e9 ne revient que par bribes confuses. <\/em><em><u>Yin<\/u><\/em><em> est un livre \u00e0 la beaut\u00e9 sauvage et farouche, qui, \u00e0 l\u2019image de la jeune Ixchel, ne se donne pas imm\u00e9diatement, ne s\u2019apprivoise qu\u2019\u00e0 force de pers\u00e9v\u00e9rance.\u00a0\u00a0\u00a0\u00a0\u00a0\u00a0\u00a0\u00a0\u00a0\u00a0\u00a0 <\/em>Crist of-H<\/p>\n<hr \/>\n<p style=\"text-align: left;\"><strong>Lisez les 3 premi\u00e8res pages<\/strong> du livre en cliquant <a href=\"http:\/\/ahp.li\/8fb7d135cee5003507d0.pdf\" target=\"_blank\">ici.<\/a><\/p>\n<hr \/>\n<p>Date de parution : 25 juin 2015<br \/>\nFormat : 13,5 x 19 cm<br \/>\nNombre de pages : 394<br \/>\nPrix : <span style=\"color: #000000;\">20\u20ac<\/span> (frais de port offerts)<\/td>\n<div>\n<form action=\"https:\/\/www.paypal.com\/cgi-bin\/webscr\" method=\"post\" target=\" paypal \"><input name=\"cmd\" type=\"hidden\" value=\"_cart\" \/><input name=\"business\" type=\"hidden\" value=\"lorpailleur@orange.fr\" \/><input name=\"lc\" type=\"hidden\" value=\"FR\" \/><input name=\"item_name\" type=\"hidden\" value=\"Yin\" \/><input name=\"amount\" type=\"hidden\" value=\"20.00\" \/><input name=\"currency_code\" type=\"hidden\" value=\"EUR\" \/><input name=\"button_subtype\" type=\"hidden\" value=\"products\" \/><input name=\"add\" type=\"hidden\" value=\"1\" \/><input name=\"bn\" type=\"hidden\" value=\"PP-ShopCartBF:btn_cart_LG.gif:NonHosted\" \/><br \/>\n<input alt=\"PayPal - la solution de paiement en ligne la plus simple et la plus s\u00e9curis\u00e9e !\" name=\"submit\" src=\"https:\/\/www.paypalobjects.com\/fr_FR\/FR\/i\/btn\/btn_cart_LG.gif\" type=\"image\" \/><img loading=\"lazy\" decoding=\"async\" src=\"https:\/\/www.paypalobjects.com\/fr_FR\/i\/scr\/pixel.gif\" alt=\"\" width=\"1\" height=\"1\" border=\"0\" \/><\/form>\n<\/div>\n<\/td>\n<hr \/>\n<p>Pour vous plonger dans l&rsquo;univers d&rsquo;<span style=\"text-decoration: underline;\"><strong><em>Archipels &#8211; Yin<\/em><\/strong><\/span>, vous trouverez <a href=\"https:\/\/sd-5b.archive-host.com\/membres\/up\/cf7267cdfebbaca9a70d39be54bb00702eaeae52\/LORPAILLEUR\/LHX_YIN_TEXTE_EXPO_MIX_48K.mp3\" target=\"_blank\"><strong>ici<\/strong><\/a> en \u00e9coute <strong>une bande son qui propose un encha\u00eenement d&rsquo;extraits de textes, de sons d&rsquo;ambiance et de musiques<\/strong>.<\/p>\n<p>R\u00e9alisation et mixage : Michel Lehoux \/ Lecture : Odile Debacker<\/p>\n<hr \/>\n<p style=\"text-align: left;\"><strong>Une \u00e9vocation sonore originale <\/strong><span style=\"text-decoration: underline;\"><em>(Un\u00a0 suenito tan suave)<\/em><\/span><strong>, \u0153uvre de Jeehak<\/strong> est \u00e0 retrouver <a href=\"https:\/\/sd-5b.archive-host.com\/membres\/playlist\/cf7267cdfebbaca9a70d39be54bb00702eaeae52\/Jeehak_UN_SUENITO_TAN_SUAVE.MP3\" target=\"_blank\">ici<\/a>.<\/p>\n<hr \/>\n<p><strong>Critiques<\/strong><\/p>\n<p style=\"text-align: left;\">C\u2019est un exemple-mod\u00e8le de livre long et touffu dans les broussailles duquel on s\u2019\u00e9gare avec plaisir, et sans s\u2019y perdre.<br \/>\nQuelle force de l\u2019\u00e9criture, quelle ampleur de l\u2019histoire. Quel d\u00e9nouement. On ne s\u2019ennuie pas un seul instant.<\/p>\n<p style=\"text-align: right;\">Malie D. (France)<\/p>\n","protected":false},"excerpt":{"rendered":"<p>4\u00e8me de couverture : Se lancer dans la lecture de Yin, c\u2019est partir \u00e0 l\u2019aventure. \u00c0 la rencontre de personnages hauts en couleur, qui se croisent, se sont crois\u00e9s ou se croiseront dans un monde neuf et violent, d\u00e9j\u00e0 d\u00e9glingu\u00e9\u00a0; <a class=\"more-link\" href=\"https:\/\/www.outsiderland.com\/orpailleur2\/catalogue\/archipels-yin\/\">Continuer la lecture <span class=\"screen-reader-text\">  Archipels Yin<\/span><span class=\"meta-nav\">&rarr;<\/span><\/a><\/p>\n","protected":false},"author":1,"featured_media":0,"parent":1476,"menu_order":4,"comment_status":"closed","ping_status":"closed","template":"","meta":{"footnotes":""},"class_list":["post-130","page","type-page","status-publish","hentry"],"_links":{"self":[{"href":"https:\/\/www.outsiderland.com\/orpailleur2\/wp-json\/wp\/v2\/pages\/130","targetHints":{"allow":["GET"]}}],"collection":[{"href":"https:\/\/www.outsiderland.com\/orpailleur2\/wp-json\/wp\/v2\/pages"}],"about":[{"href":"https:\/\/www.outsiderland.com\/orpailleur2\/wp-json\/wp\/v2\/types\/page"}],"author":[{"embeddable":true,"href":"https:\/\/www.outsiderland.com\/orpailleur2\/wp-json\/wp\/v2\/users\/1"}],"replies":[{"embeddable":true,"href":"https:\/\/www.outsiderland.com\/orpailleur2\/wp-json\/wp\/v2\/comments?post=130"}],"version-history":[{"count":0,"href":"https:\/\/www.outsiderland.com\/orpailleur2\/wp-json\/wp\/v2\/pages\/130\/revisions"}],"up":[{"embeddable":true,"href":"https:\/\/www.outsiderland.com\/orpailleur2\/wp-json\/wp\/v2\/pages\/1476"}],"wp:attachment":[{"href":"https:\/\/www.outsiderland.com\/orpailleur2\/wp-json\/wp\/v2\/media?parent=130"}],"curies":[{"name":"wp","href":"https:\/\/api.w.org\/{rel}","templated":true}]}}