{"id":1280,"date":"2025-02-03T19:33:27","date_gmt":"2025-02-03T18:33:27","guid":{"rendered":"https:\/\/outsiderland.com\/orpailleur\/?page_id=1280"},"modified":"2026-02-11T13:09:18","modified_gmt":"2026-02-11T13:09:18","slug":"oscillations-a-linfini","status":"publish","type":"page","link":"https:\/\/www.outsiderland.com\/orpailleur2\/catalogue\/oscillations-a-linfini\/","title":{"rendered":"Oscillations \u00e0 l&rsquo;infini"},"content":{"rendered":"<p><a href=\"https:\/\/www.outsiderland.com\/orpailleur2\/wp-content\/uploads\/2024\/11\/Oscillations-%C3%A0-linfini-couverture-Recto-300-dpi-avec-cadre.jpg\" rel=\"attachment wp-att-1266\"><img loading=\"lazy\" decoding=\"async\" class=\"size-medium wp-image-1266 alignleft\" src=\"https:\/\/www.outsiderland.com\/orpailleur2\/wp-content\/uploads\/2024\/11\/Oscillations-a-linfini-couverture-Recto-300-dpi-avec-cadre-213x300.jpg\" alt=\"\" width=\"213\" height=\"300\" srcset=\"https:\/\/www.outsiderland.com\/orpailleur2\/wp-content\/uploads\/2024\/11\/Oscillations-a-linfini-couverture-Recto-300-dpi-avec-cadre-213x300.jpg 213w, https:\/\/www.outsiderland.com\/orpailleur2\/wp-content\/uploads\/2024\/11\/Oscillations-a-linfini-couverture-Recto-300-dpi-avec-cadre.jpg 1594w\" sizes=\"auto, (max-width: 213px) 100vw, 213px\" \/><\/a><strong>4\u00e8me de couverture :<\/strong><\/p>\n<p><em>Dans ce premier opus sign\u00e9 Emilia Ekholm, le lecteur est invit\u00e9 \u00e0 suivre les aventures de X. Un homme, traducteur de grec ancien, amoureux d\u2019une certaine Amandine. Il a tout de l\u2019anti-h\u00e9ros, un individu tout ce qu\u2019il y a de plus banal, avec ses doutes, mais r\u00eavant d\u2019un destin extraordinaire. Jusqu\u2019\u00e0 cette fameuse rencontre. Un certain Marcel Perrault croise son chemin et d\u00e8s lors sa vie va basculer, l\u2019entra\u00eenant dans une chute vertigineuse.<\/em><br \/>\n\u00ab Le vide est l\u2019infini et l\u2019infini n\u2019est que des cercles vides, des cercles infinis \u00e0 l\u2019infini \u00bb<em>. Cette phrase, tir\u00e9e du r\u00e9cit, r\u00e9sonne comme un \u00e9cho. Qui n\u2019a jamais redout\u00e9 l\u2019infini ? L\u2019immensit\u00e9 autour de nous\u00a0? Et si, cette notion, \u00e0 premi\u00e8re vue mena\u00e7ante, repr\u00e9sentait une promesse, un saut exaltant dans un espace-temps sans limites ? <\/em><br \/>\n<em>Cet ouvrage que l\u2019on pourrait qualifier d\u2019Ovni litt\u00e9raire est difficile \u00e0 ranger dans une case, tant son \u00e9criture brise les fronti\u00e8res des genres. Il y r\u00e8gne une dualit\u00e9 constante, entre le pass\u00e9 et le pr\u00e9sent, le r\u00e9el et l\u2019imaginaire, l\u2019envie de vivre ou la r\u00e9signation, continuer de croire en ses r\u00eaves ou les abandonner\u2026 Et c\u2019est peut-\u00eatre pour cela qu\u2019on se laisse volontiers prendre par l\u2019histoire : elle captive autant qu\u2019elle questionne.<\/em><\/p>\n<p style=\"text-align: right;\"><strong>Marie-Caroline Royet<\/strong><\/p>\n<hr \/>\n<p style=\"text-align: left;\"><strong>Lisez les 3 premi\u00e8res pages<\/strong> du livre en cliquant <a href=\"https:\/\/ahp.li\/22f9f83ff244aee25c4a.pdf\" target=\"_blank\" rel=\"noopener\"><strong>ici<\/strong>.<\/a><strong><br \/>\n<\/strong><\/p>\n<hr \/>\n<p>Date de parution : janvier 2025<br \/>\nFormat : 13,5 x 19 cm<br \/>\nNombre de pages : 234<br \/>\n<span style=\"color: #000000;\">Prix :<span style=\"color: #339966;\"><strong> 20\u20ac<\/strong><\/span><\/span> <span style=\"color: #008000;\"><span style=\"color: #000000;\">(<\/span><\/span>frais de port offerts)<\/p>\n<div>\n<form action=\"https:\/\/www.paypal.com\/cgi-bin\/webscr\" method=\"post\" target=\" paypal \"><input name=\"cmd\" type=\"hidden\" value=\"_cart\" \/><input name=\"business\" type=\"hidden\" value=\"lorpailleur@orange.fr\" \/><input name=\"lc\" type=\"hidden\" value=\"FR\" \/><input name=\"item_name\" type=\"hidden\" value=\"Oscillations \u00e0 l'infini\" \/><input name=\"amount\" type=\"hidden\" value=\"20.00\" \/><input name=\"currency_code\" type=\"hidden\" value=\"EUR\" \/><input name=\"button_subtype\" type=\"hidden\" value=\"products\" \/><input name=\"add\" type=\"hidden\" value=\"1\" \/><input name=\"bn\" type=\"hidden\" value=\"PP-ShopCartBF:btn_cart_LG.gif:NonHosted\" \/><input alt=\"PayPal - la solution de paiement en ligne la plus simple et la plus s\u00e9curis\u00e9e !\" name=\"submit\" src=\"https:\/\/www.paypalobjects.com\/fr_FR\/FR\/i\/btn\/btn_cart_LG.gif\" type=\"image\" \/><img loading=\"lazy\" decoding=\"async\" src=\"https:\/\/www.paypalobjects.com\/fr_FR\/i\/scr\/pixel.gif\" alt=\"\" width=\"1\" height=\"1\" border=\"0\" \/><\/form>\n<\/div>\n<hr \/>\n<p><strong>Critiques<\/strong><\/p>\n<p>Retrouvez un <strong>entretien avec Emilia Ekholm<\/strong> sur le site Culture et Justice en cliquant <a href=\"https:\/\/portrait-culture-justice.com\/2025\/02\/portrait-du-jour-emilia-ekholm-oscillations-a-l-infini.html\" target=\"_blank\" rel=\"noopener\"><strong>ici<\/strong><\/a>.<\/p>\n<p>**********<\/p>\n<p>La critique de Annelie Myllymaki sur le site Babelio, \u00e0 retrouver <a href=\"https:\/\/www.babelio.com\/livres\/LOrpailleur-Oscillations-a-linfini\/1820485#critiques\" target=\"_blank\" rel=\"noopener\"><strong>ici<\/strong><\/a>.<\/p>\n","protected":false},"excerpt":{"rendered":"<p>4\u00e8me de couverture : Dans ce premier opus sign\u00e9 Emilia Ekholm, le lecteur est invit\u00e9 \u00e0 suivre les aventures de X. Un homme, traducteur de grec ancien, amoureux d\u2019une certaine Amandine. Il a tout de l\u2019anti-h\u00e9ros, un individu tout ce <a class=\"more-link\" href=\"https:\/\/www.outsiderland.com\/orpailleur2\/catalogue\/oscillations-a-linfini\/\">Continuer la lecture <span class=\"screen-reader-text\">  Oscillations \u00e0 l&rsquo;infini<\/span><span class=\"meta-nav\">&rarr;<\/span><\/a><\/p>\n","protected":false},"author":1,"featured_media":0,"parent":1476,"menu_order":25,"comment_status":"closed","ping_status":"closed","template":"","meta":{"footnotes":""},"class_list":["post-1280","page","type-page","status-publish","hentry"],"_links":{"self":[{"href":"https:\/\/www.outsiderland.com\/orpailleur2\/wp-json\/wp\/v2\/pages\/1280","targetHints":{"allow":["GET"]}}],"collection":[{"href":"https:\/\/www.outsiderland.com\/orpailleur2\/wp-json\/wp\/v2\/pages"}],"about":[{"href":"https:\/\/www.outsiderland.com\/orpailleur2\/wp-json\/wp\/v2\/types\/page"}],"author":[{"embeddable":true,"href":"https:\/\/www.outsiderland.com\/orpailleur2\/wp-json\/wp\/v2\/users\/1"}],"replies":[{"embeddable":true,"href":"https:\/\/www.outsiderland.com\/orpailleur2\/wp-json\/wp\/v2\/comments?post=1280"}],"version-history":[{"count":1,"href":"https:\/\/www.outsiderland.com\/orpailleur2\/wp-json\/wp\/v2\/pages\/1280\/revisions"}],"predecessor-version":[{"id":1570,"href":"https:\/\/www.outsiderland.com\/orpailleur2\/wp-json\/wp\/v2\/pages\/1280\/revisions\/1570"}],"up":[{"embeddable":true,"href":"https:\/\/www.outsiderland.com\/orpailleur2\/wp-json\/wp\/v2\/pages\/1476"}],"wp:attachment":[{"href":"https:\/\/www.outsiderland.com\/orpailleur2\/wp-json\/wp\/v2\/media?parent=1280"}],"curies":[{"name":"wp","href":"https:\/\/api.w.org\/{rel}","templated":true}]}}