{"id":1161,"date":"2024-02-17T18:43:12","date_gmt":"2024-02-17T17:43:12","guid":{"rendered":"https:\/\/outsiderland.com\/orpailleur\/?page_id=1161"},"modified":"2024-02-17T18:43:12","modified_gmt":"2024-02-17T17:43:12","slug":"ce-royaume-est-sombre","status":"publish","type":"page","link":"https:\/\/www.outsiderland.com\/orpailleur2\/catalogue\/ce-royaume-est-sombre\/","title":{"rendered":"Ce royaume est sombre"},"content":{"rendered":"<p><a href=\"https:\/\/www.outsiderland.com\/orpailleur2\/wp-content\/uploads\/2023\/12\/Couverture-recto-150dpi-avec-cadre.jpg\" rel=\"attachment wp-att-1138\"><img loading=\"lazy\" decoding=\"async\" class=\"alignleft size-medium wp-image-1138\" src=\"https:\/\/www.outsiderland.com\/orpailleur2\/wp-content\/uploads\/2023\/12\/Couverture-recto-150dpi-avec-cadre-213x300.jpg\" alt=\"Couverture recto 150dpi avec cadre\" width=\"213\" height=\"300\" srcset=\"https:\/\/www.outsiderland.com\/orpailleur2\/wp-content\/uploads\/2023\/12\/Couverture-recto-150dpi-avec-cadre-213x300.jpg 213w, https:\/\/www.outsiderland.com\/orpailleur2\/wp-content\/uploads\/2023\/12\/Couverture-recto-150dpi-avec-cadre-727x1024.jpg 727w, https:\/\/www.outsiderland.com\/orpailleur2\/wp-content\/uploads\/2023\/12\/Couverture-recto-150dpi-avec-cadre-768x1081.jpg 768w, https:\/\/www.outsiderland.com\/orpailleur2\/wp-content\/uploads\/2023\/12\/Couverture-recto-150dpi-avec-cadre.jpg 797w\" sizes=\"auto, (max-width: 213px) 100vw, 213px\" \/><\/a><strong>4\u00e8me de couverture :<\/strong><\/p>\n<p style=\"text-align: justify;\"><em>Un \u00e9t\u00e9 bleu azur sur la C\u00f4te. Assomm\u00e9s de soleil, les touristes succombent aux langueurs de saison. Tranquilles. Mais les Casanova et les Giacobbi r\u00e8gnent encore sur la Ville. Un Royaume hant\u00e9 par les morts et les disparus. Deux familles autrefois unies, deux clans d\u00e9sormais ennemis. Quinze ans plus t\u00f4t, un tsunami de drames a tout emport\u00e9, corps et \u00e2mes. Restent quelques secrets et trahisons, vengeances inassouvies\u2026<\/em><br \/>\n<em>Villas chics aux piscines et aux parcs d\u00e9bordant sur des criques d\u00e9sert\u00e9es. L\u2019envers du d\u00e9cor. Comme chaque \u00e9t\u00e9, des adolescentes sont enlev\u00e9es. Usines ferm\u00e9es, cit\u00e9s pourries, combats de chiens. Un \u00e9t\u00e9 de feu et de sang pour les uns, de soleil et de spritz pour les autres.<\/em><br \/>\n<em>Rapha\u00ebl Le Scouarnec met en sc\u00e8ne une galerie de portraits qui nous accrochent phrase apr\u00e8s phrase. Personnages \u00e9mouvants. Dr\u00f4les ou tragiques. Inqui\u00e9tants. De grands bavards innocents de fa\u00e7ade et des monstres aux mains pleines de mots raval\u00e9s. Leurs voix tout autant que leurs silences tissent ce r\u00e9cit et lui conf\u00e8rent la singularit\u00e9 d\u2019un Soulages sur une plage, abandonn\u00e9. Une langue, un style, un rythme.<\/em><\/p>\n<p style=\"text-align: right;\"><strong>Marc Est\u00e8ve<\/strong><\/p>\n<hr \/>\n<p style=\"text-align: left;\"><strong>Lisez les 3 premi\u00e8res pages<\/strong> du livre en cliquant <a href=\"https:\/\/ahp.li\/dcf3c42e74f084d3747e.pdf\" target=\"_blank\"><strong>ici<\/strong>.<\/a><strong><br \/>\n<\/strong><\/p>\n<hr \/>\n<p>Date de parution : f\u00e9vrier 2024<br \/>\nFormat : 13,5 x 19 cm<br \/>\nNombre de pages : 328<br \/>\n<span style=\"color: #008000;\"><span style=\"color: #000000;\">Prix<\/span><\/span><span style=\"color: #000000;\"> :<\/span><strong> <span style=\"color: #339966;\">22\u20ac<\/span><\/strong> <span style=\"color: #008000;\"><span style=\"color: #000000;\">(<\/span><\/span>frais de port offerts)<\/p>\n<div>\n<form action=\"https:\/\/www.paypal.com\/cgi-bin\/webscr\" method=\"post\" target=\" paypal \"><input name=\"cmd\" type=\"hidden\" value=\"_cart\" \/><input name=\"business\" type=\"hidden\" value=\"lorpailleur@orange.fr\" \/><input name=\"lc\" type=\"hidden\" value=\"FR\" \/><input name=\"item_name\" type=\"hidden\" value=\"Ce royaume est sombre\" \/><input name=\"amount\" type=\"hidden\" value=\"22.00\" \/><input name=\"currency_code\" type=\"hidden\" value=\"EUR\" \/><input name=\"button_subtype\" type=\"hidden\" value=\"products\" \/><input name=\"add\" type=\"hidden\" value=\"1\" \/><input name=\"bn\" type=\"hidden\" value=\"PP-ShopCartBF:btn_cart_LG.gif:NonHosted\" \/><br \/>\n<input alt=\"PayPal - la solution de paiement en ligne la plus simple et la plus s\u00e9curis\u00e9e !\" name=\"submit\" src=\"https:\/\/www.paypalobjects.com\/fr_FR\/FR\/i\/btn\/btn_cart_LG.gif\" type=\"image\" \/><img loading=\"lazy\" decoding=\"async\" src=\"https:\/\/www.paypalobjects.com\/fr_FR\/i\/scr\/pixel.gif\" alt=\"\" width=\"1\" height=\"1\" border=\"0\" \/><\/form>\n<\/div>\n<hr \/>\n<p><strong>Critiques<\/strong><\/p>\n<p>**********<\/p>\n<p>Critique sur la page Instagram <strong><a href=\"https:\/\/www.instagram.com\/p\/DRwdWmAjCLJ\/\" target=\"_blank\">Lyvres2yv<\/a><\/strong> \u00e0 lire <a href=\"https:\/\/ahp.li\/76dfc5ee2336233ad2e1.pdf\" target=\"_blank\"><strong>ici<\/strong><\/a>.<\/p>\n<p>**********<\/p>\n<p>On parle du roman <strong>sur le blog de Philippe Poisson<\/strong>, \u00ab\u00a0Culture et Justice\u00a0\u00bb, qui publie un <strong>article de l&rsquo;auteur Christian Dorsan<\/strong> \u00e0 lire <a href=\"https:\/\/portrait-culture-justice.com\/2025\/01\/ce-royaume-est-sombre-de-raphael-le-scouarnec-editions-l-orpailleur.html\" target=\"_blank\"><strong>ici<\/strong><\/a>, ou sur le blog de l&rsquo;auteur : <a href=\"https:\/\/le-blog-de-christian-dorsan.over-blog.com\/2025\/01\/incipit-97-ce-royaume-est-sombre-de-raphael-le-scouarnec.html\" target=\"_blank\"><strong>ici<\/strong><\/a>.<\/p>\n<p>**********<\/p>\n<div class=\"c-chapo \">Ci dessous, extrait de <span class=\"sr-only\">l&rsquo;article r\u00e9dig\u00e9 par <\/span> <a class=\"author-link\" href=\"https:\/\/www.francetvinfo.fr\/redaction\/mohamed-berkani\/\">Mohamed Berkani<\/a> (<span class=\"signature__groups\">France T\u00e9l\u00e9visions-R\u00e9daction Culture <\/span>) : Le roman noir se saisit des th\u00e8mes sociaux et politiques actuels et bouscule les certitudes.<\/div>\n<p><strong>Les dix polars et thrillers incontournables de la rentr\u00e9e 2024 : le choix de la r\u00e9daction.<\/strong><br \/>\nRetrouver l\u2019int\u00e9gralit\u00e9 de l&rsquo;article en suivant <a href=\"https:\/\/www.francetvinfo.fr\/culture\/livres\/les-dix-polars-et-thrillers-incontournables-de-la-rentree-2024-le-choix-de-la-redaction_6843305.html\" target=\"_blank\">ce lien<\/a>.<\/p>\n<p style=\"text-align: justify;\"><strong>\u00ab\u00a0Ce royaume est sombre\u00a0\u00bb\u00a0: Rapha\u00ebl Le Scouarnec mitraille<\/strong><br \/>\nRapha\u00ebl Le Scouarnec \u00e9crit en salves, il mitraille ses lecteurs de phrases courtes, nerveuses, comme si le temps \u00e9tait compt\u00e9. Comme si une urgence vitale saisissait tous les personnages. La mort, contrairement \u00e0 l\u2019espoir, n\u2019est jamais tr\u00e8s loin. Tout va tr\u00e8s vite dans cette ville assoupie dans une fausse torpeur. Le soleil azur\u00e9en cache mal les rivalit\u00e9s, les ambitions voraces, les haines recuites et le d\u00e9sir de vengeance attis\u00e9 par une m\u00e9moire vivace qui d\u00e9nie au pr\u00e9sent l\u2019oubli. Deux familles s\u2019entred\u00e9chirent, apr\u00e8s avoir \u00e9t\u00e9 longtemps tr\u00e8s proches. Des vies sont broy\u00e9es, sacrifi\u00e9es. Quelque chose est pourri dans ce sombre royaume.<span class=\"mce-nbsp-wrap\"><span class=\"mce-nbsp-wrap\"><span class=\"mce-nbsp-wrap\">\u00a0<\/span><\/span><\/span>Rapha\u00ebl Le Scouarnec m\u00e8ne le lecteur, \u00e0 grande vitesse, dans l\u2019\u0153il d\u2019un cyclone. Vertigineux.<\/p>\n<p>**********<\/p>\n<p class=\"titre\">L&rsquo;avis d&rsquo;<strong>Yves Gabay &#8211; <a href=\"https:\/\/www.ladepeche.fr\/2024\/04\/08\/la-belle-sante-de-lorpailleur-editeur-de-livres-a-leguevin-11877858.php\" target=\"_blank\">La D\u00e9p\u00eache<\/a><\/strong> :<\/p>\n<p class=\"titre\"><strong>\u00ab\u00a0Ce royaume est sombre\u00a0\u00bb\u00a0: explosif et lumineux<\/strong><\/p>\n<p style=\"text-align: justify;\">Deux clans, deux familles ennemies, d\u00e9chir\u00e9es par les meurtres et les trahisons\u00a0il y a d\u00e9j\u00e0 15 ans. Les ranc\u0153urs et les d\u00e9sirs de vengeance sommeillent sous le puissant soleil de la C\u00f4te d\u2019Azur\u2026 Loin des fa\u00e7ades rutilantes des villas avec piscine, des adolescentes sont enlev\u00e9es, des combats de chiens sont organis\u00e9s, des usines mettent la cl\u00e9 sous la porte. La torpeur estivale ne durera pas\u2026<\/p>\n<p style=\"text-align: justify;\">Le roman de Rapha\u00ebl Le Scouarnec est de ceux qui ne vous l\u00e2chent pas. Dialogues impeccables et d\u2019une pr\u00e9cision diabolique (le romancier fait parler les personnages selon leur caract\u00e8re et leur donne une v\u00e9rit\u00e9 sid\u00e9rante), style nerveux et efficace (pas de temps mort descriptif, on est dans l\u2019action et on d\u00e9couvre les lieux avec les personnages), rythme au diapason d\u2019une histoire explosive\u2026 Tout fait de ce \u00ab\u00a0Royaume\u00a0\u00bb en effet bien sombre une totale et r\u00e9jouissante r\u00e9ussite.<\/p>\n<p style=\"text-align: left;\">**********<\/p>\n<p style=\"text-align: left;\"><strong>Avis de lecteurs et lectrices<\/strong><\/p>\n<div style=\"text-align: justify;\">J\u2019ai beaucoup aim\u00e9 <em>Ce royaume est sombre.<\/em> J&rsquo;ai \u00e9t\u00e9 d\u00e9rout\u00e9e au d\u00e9but par le style et par le nombre foisonnant de personnages. Mon cerveau \u00e0 mis du temps \u00e0 s&rsquo;y faire, mais comme Marl\u00e8ne, j&rsquo;ai mis le turbo \u00e0 partir de la deuxi\u00e8me moiti\u00e9 tellement j&rsquo;\u00e9tais captiv\u00e9e. Merci pour cette d\u00e9couverte.<\/div>\n<div style=\"text-align: right;\">Anne-Laure (Besan\u00e7on)<\/div>\n<hr \/>\n<div style=\"text-align: justify;\">Ce bouquin est excellent. Les dialogues et les personnages sont taill\u00e9s \u00e0 la serpe (+ lexique original qui m&rsquo;a fait penser \u00e0 Damasio). J&rsquo;ai aussi appr\u00e9ci\u00e9 le cot\u00e9 marxiste, dans l&rsquo;insistance \u00e0 mettre l&rsquo;accent sur les classes sociales et les descriptions des friches sociales.<\/div>\n<div style=\"text-align: right;\">Francis (Landes- France)<\/div>\n<hr \/>\n<div style=\"text-align: justify;\">J&rsquo;ai lu avec grand plaisir ce roman effectivement bien sombre mais tr\u00e8s prenant, du d\u00e9but \u00e0 la fin. Mention tr\u00e8s bien \u00e0 mon go\u00fbt&#8230;on attend la suite.<\/div>\n<div style=\"text-align: right;\">Elisabeth (Toulouse)<\/div>\n<div style=\"text-align: right;\">\n<hr \/>\n<div style=\"text-align: justify;\">Impossible de l\u00e2cher le bouquin une fois commenc\u00e9. Terriblement captivant, \u00ab\u00a0Ce royaume est sombre\u00a0\u00bb nous plonge dans un univers dense et complexe. Rivalit\u00e9s et vengeances rythment ce r\u00e9cit haletant et explosif. A d\u00e9couvrir d&rsquo;urgence !<\/div>\n<div>Nathana\u00ebl (Paris)<\/div>\n<\/div>\n<hr \/>\n<div style=\"text-align: justify;\">Roman dont l&rsquo;univers captivant, la v\u00e9rit\u00e9 des personnages et des dialogues et l&rsquo;\u00e9criture percutante et r\u00e9solument moderne nous emporte jusqu&rsquo;\u00e0 la derni\u00e8re ligne. Noirceur et \u00e9blouissement se rencontrent dans ce livre passionnant.<\/div>\n<div style=\"text-align: right;\">Carole\u00a0 (Vend\u00e9e &#8211; France)<\/div>\n<div style=\"text-align: right;\"><\/div>\n<p style=\"text-align: left;\">**********<\/p>\n","protected":false},"excerpt":{"rendered":"<p>4\u00e8me de couverture : Un \u00e9t\u00e9 bleu azur sur la C\u00f4te. Assomm\u00e9s de soleil, les touristes succombent aux langueurs de saison. Tranquilles. Mais les Casanova et les Giacobbi r\u00e8gnent encore sur la Ville. Un Royaume hant\u00e9 par les morts et <a class=\"more-link\" href=\"https:\/\/www.outsiderland.com\/orpailleur2\/catalogue\/ce-royaume-est-sombre\/\">Continuer la lecture <span class=\"screen-reader-text\">  Ce royaume est sombre<\/span><span class=\"meta-nav\">&rarr;<\/span><\/a><\/p>\n","protected":false},"author":1,"featured_media":0,"parent":1476,"menu_order":24,"comment_status":"closed","ping_status":"closed","template":"","meta":{"footnotes":""},"class_list":["post-1161","page","type-page","status-publish","hentry"],"_links":{"self":[{"href":"https:\/\/www.outsiderland.com\/orpailleur2\/wp-json\/wp\/v2\/pages\/1161","targetHints":{"allow":["GET"]}}],"collection":[{"href":"https:\/\/www.outsiderland.com\/orpailleur2\/wp-json\/wp\/v2\/pages"}],"about":[{"href":"https:\/\/www.outsiderland.com\/orpailleur2\/wp-json\/wp\/v2\/types\/page"}],"author":[{"embeddable":true,"href":"https:\/\/www.outsiderland.com\/orpailleur2\/wp-json\/wp\/v2\/users\/1"}],"replies":[{"embeddable":true,"href":"https:\/\/www.outsiderland.com\/orpailleur2\/wp-json\/wp\/v2\/comments?post=1161"}],"version-history":[{"count":0,"href":"https:\/\/www.outsiderland.com\/orpailleur2\/wp-json\/wp\/v2\/pages\/1161\/revisions"}],"up":[{"embeddable":true,"href":"https:\/\/www.outsiderland.com\/orpailleur2\/wp-json\/wp\/v2\/pages\/1476"}],"wp:attachment":[{"href":"https:\/\/www.outsiderland.com\/orpailleur2\/wp-json\/wp\/v2\/media?parent=1161"}],"curies":[{"name":"wp","href":"https:\/\/api.w.org\/{rel}","templated":true}]}}