{"id":1159,"date":"2024-02-17T18:40:19","date_gmt":"2024-02-17T17:40:19","guid":{"rendered":"https:\/\/outsiderland.com\/orpailleur\/?page_id=1159"},"modified":"2026-02-11T13:07:25","modified_gmt":"2026-02-11T13:07:25","slug":"lenfant-de-trente-ans","status":"publish","type":"page","link":"https:\/\/www.outsiderland.com\/orpailleur2\/catalogue\/lenfant-de-trente-ans\/","title":{"rendered":"L&rsquo;enfant de trente ans"},"content":{"rendered":"<p><a href=\"https:\/\/www.outsiderland.com\/orpailleur2\/wp-content\/uploads\/2015\/10\/Couverture-recto-150dpi-avec-cadre-1.jpg\" rel=\"attachment wp-att-1118\"><img loading=\"lazy\" decoding=\"async\" class=\"size-medium wp-image-1118 alignleft\" src=\"https:\/\/www.outsiderland.com\/orpailleur2\/wp-content\/uploads\/2015\/10\/Couverture-recto-150dpi-avec-cadre-1-2-213x300.jpg\" alt=\"\" width=\"213\" height=\"300\" srcset=\"https:\/\/www.outsiderland.com\/orpailleur2\/wp-content\/uploads\/2015\/10\/Couverture-recto-150dpi-avec-cadre-1-2-213x300.jpg 213w, https:\/\/www.outsiderland.com\/orpailleur2\/wp-content\/uploads\/2015\/10\/Couverture-recto-150dpi-avec-cadre-1-2-727x1024.jpg 727w, https:\/\/www.outsiderland.com\/orpailleur2\/wp-content\/uploads\/2015\/10\/Couverture-recto-150dpi-avec-cadre-1-2-768x1081.jpg 768w, https:\/\/www.outsiderland.com\/orpailleur2\/wp-content\/uploads\/2015\/10\/Couverture-recto-150dpi-avec-cadre-1-2.jpg 797w\" sizes=\"auto, (max-width: 213px) 100vw, 213px\" \/><\/a><strong>4\u00e8me de couverture :<\/strong><\/p>\n<p style=\"text-align: justify;\"><em>Les normes et le mod\u00e8le que la soci\u00e9t\u00e9 destine \u00e0 chacun sont des freins \u00e0 l\u2019\u00e9panouissement et au bonheur, mais Karol l\u2019a compris trop tard.<\/em><br \/>\n<em>Toute sa vie, il s\u2019est senti diff\u00e9rent, pas seulement \u00e0 cause de son handicap, de sa b\u00e9quille, ni \u00e0 cause de son style anormalement po\u00e9tique pour un journaliste sportif.<\/em><br \/>\n<em>C\u2019est surtout, qu\u2019il l\u2019avoue ou non, un romantique dont les relations ne durent pas, que l\u2019ennui, la lassitude rattrapent rapidement. Mais tout semble changer quand il rencontre Oriane \u00e0 Hyde Park, une femme qui ressemble plus \u00e0 une enfant qu\u2019\u00e0 une trentenaire, une femme qui lui fait perdre les mots.<\/em><br \/>\n<em>Ce roman est rythm\u00e9 par les questionnements constants de Karol sur son rapport aux autres, son rapport \u00e0 lui-m\u00eame, ses relations amoureuses. L\u2019\u00e9criture y transcende le quotidien pour un voyage en litt\u00e9rature riche en \u00e9motions.<\/em><\/p>\n<p style=\"text-align: right;\"><strong>La\u00ebl Lapie<\/strong><\/p>\n<hr \/>\n<p style=\"text-align: left;\"><strong>Lisez les 3 premi\u00e8res pages<\/strong> du livre en cliquant <a href=\"https:\/\/ahp.li\/8a09cc90ed0fcd60cd69.pdf\" target=\"_blank\" rel=\"noopener\"><strong>ici<\/strong>.<\/a><\/p>\n<hr \/>\n<p>Date de parution : f\u00e9vrier 2024<br \/>\nFormat : 13,5 x 19 cm<br \/>\nNombre de pages : 246<br \/>\n<span style=\"color: #000000;\">Prix :<span style=\"color: #339966;\"><strong> 20\u20ac<\/strong><\/span><\/span> <span style=\"color: #008000;\"><span style=\"color: #000000;\">(<\/span><\/span>frais de port offerts)<\/p>\n<div>\n<form action=\"https:\/\/www.paypal.com\/cgi-bin\/webscr\" method=\"post\" target=\" paypal \"><input name=\"cmd\" type=\"hidden\" value=\"_cart\" \/><input name=\"business\" type=\"hidden\" value=\"lorpailleur@orange.fr\" \/><input name=\"lc\" type=\"hidden\" value=\"FR\" \/><input name=\"item_name\" type=\"hidden\" value=\"L'enfant de trente ans\" \/><input name=\"amount\" type=\"hidden\" value=\"20.00\" \/><input name=\"currency_code\" type=\"hidden\" value=\"EUR\" \/><input name=\"button_subtype\" type=\"hidden\" value=\"products\" \/><input name=\"add\" type=\"hidden\" value=\"1\" \/><input name=\"bn\" type=\"hidden\" value=\"PP-ShopCartBF:btn_cart_LG.gif:NonHosted\" \/><input alt=\"PayPal - la solution de paiement en ligne la plus simple et la plus s\u00e9curis\u00e9e !\" name=\"submit\" src=\"https:\/\/www.paypalobjects.com\/fr_FR\/FR\/i\/btn\/btn_cart_LG.gif\" type=\"image\" \/><img loading=\"lazy\" decoding=\"async\" src=\"https:\/\/www.paypalobjects.com\/fr_FR\/i\/scr\/pixel.gif\" alt=\"\" width=\"1\" height=\"1\" border=\"0\" \/><\/form>\n<\/div>\n<hr \/>\n<p><strong>Critiques<\/strong><\/p>\n<p>L&rsquo;avis d&rsquo;<strong>Am\u00e9lie Nothomb<\/strong> :<em> Merci pour \u00ab\u00a0L&rsquo;Enfant de Trente ans\u00a0\u00bb, re\u00e7u hier et lu cette nuit. <\/em><br \/>\n<em>C&rsquo;est un livre terrible. On n&rsquo;en sort pas indemne &#8212;&#8211; on n&rsquo;en sort pas. <\/em><br \/>\n<em>Vous dites admirablement l&rsquo;horreur de l&rsquo;amour, le passage de la gr\u00e2ce \u00e0 l&rsquo;enfer. <\/em><br \/>\n<em>Votre \u00e9criture a les s\u00e9ductions de la cruaut\u00e9. Bravo ! <\/em><\/p>\n<p>**********<\/p>\n<p>La critique de Mathias Lair \u00e0 retrouver le blog boojum.fr \u00e0 lire <a href=\"https:\/\/boojum.fr\/andre-e-royer-lenfant-de-trente-ans\" target=\"_blank\" rel=\"noopener\"><span style=\"color: #0000ff;\"><strong>ici<\/strong><\/span><\/a>.<\/p>\n<p>**********<\/p>\n<p>Critique sur la page Instagram <strong><a href=\"https:\/\/www.instagram.com\/lyvres2yv\/\" target=\"_blank\" rel=\"noopener\">Lyvres2yv<\/a><\/strong> \u00e0 lire <a href=\"https:\/\/ahp.li\/bfdd5e42a812c62fbcf4.pdf\" target=\"_blank\" rel=\"noopener\"><span style=\"color: #0000ff;\"><strong>ici<\/strong><\/span><\/a>.<\/p>\n<p>**********<\/p>\n<p>La critique de Maximilien Friche est \u00e0 retrouver sur le site Zone Critique : <a href=\"https:\/\/zone-critique.com\/critiques\/andre-e-royer\/\" target=\"_blank\" rel=\"noopener\"><strong>ici<\/strong><\/a>.<\/p>\n<hr \/>\n","protected":false},"excerpt":{"rendered":"<p>4\u00e8me de couverture : Les normes et le mod\u00e8le que la soci\u00e9t\u00e9 destine \u00e0 chacun sont des freins \u00e0 l\u2019\u00e9panouissement et au bonheur, mais Karol l\u2019a compris trop tard. Toute sa vie, il s\u2019est senti diff\u00e9rent, pas seulement \u00e0 cause <a class=\"more-link\" href=\"https:\/\/www.outsiderland.com\/orpailleur2\/catalogue\/lenfant-de-trente-ans\/\">Continuer la lecture <span class=\"screen-reader-text\">  L&rsquo;enfant de trente ans<\/span><span class=\"meta-nav\">&rarr;<\/span><\/a><\/p>\n","protected":false},"author":1,"featured_media":0,"parent":1476,"menu_order":23,"comment_status":"closed","ping_status":"closed","template":"","meta":{"footnotes":""},"class_list":["post-1159","page","type-page","status-publish","hentry"],"_links":{"self":[{"href":"https:\/\/www.outsiderland.com\/orpailleur2\/wp-json\/wp\/v2\/pages\/1159","targetHints":{"allow":["GET"]}}],"collection":[{"href":"https:\/\/www.outsiderland.com\/orpailleur2\/wp-json\/wp\/v2\/pages"}],"about":[{"href":"https:\/\/www.outsiderland.com\/orpailleur2\/wp-json\/wp\/v2\/types\/page"}],"author":[{"embeddable":true,"href":"https:\/\/www.outsiderland.com\/orpailleur2\/wp-json\/wp\/v2\/users\/1"}],"replies":[{"embeddable":true,"href":"https:\/\/www.outsiderland.com\/orpailleur2\/wp-json\/wp\/v2\/comments?post=1159"}],"version-history":[{"count":1,"href":"https:\/\/www.outsiderland.com\/orpailleur2\/wp-json\/wp\/v2\/pages\/1159\/revisions"}],"predecessor-version":[{"id":1569,"href":"https:\/\/www.outsiderland.com\/orpailleur2\/wp-json\/wp\/v2\/pages\/1159\/revisions\/1569"}],"up":[{"embeddable":true,"href":"https:\/\/www.outsiderland.com\/orpailleur2\/wp-json\/wp\/v2\/pages\/1476"}],"wp:attachment":[{"href":"https:\/\/www.outsiderland.com\/orpailleur2\/wp-json\/wp\/v2\/media?parent=1159"}],"curies":[{"name":"wp","href":"https:\/\/api.w.org\/{rel}","templated":true}]}}