{"id":1077,"date":"2023-08-22T13:06:59","date_gmt":"2023-08-22T12:06:59","guid":{"rendered":"https:\/\/outsiderland.com\/orpailleur\/?page_id=1077"},"modified":"2026-02-11T12:56:38","modified_gmt":"2026-02-11T12:56:38","slug":"ou-se-cache-laube-pendant-la-nuit","status":"publish","type":"page","link":"https:\/\/www.outsiderland.com\/orpailleur2\/catalogue\/ou-se-cache-laube-pendant-la-nuit\/","title":{"rendered":"O\u00f9 se cache l&rsquo;aube pendant la nuit"},"content":{"rendered":"<p><a href=\"https:\/\/www.outsiderland.com\/orpailleur2\/wp-content\/uploads\/2023\/06\/Couverture-recto-O%C3%B9-se-cache-avec-cadre-150dpi.jpg\" rel=\"attachment wp-att-1046\"><img loading=\"lazy\" decoding=\"async\" class=\"size-medium wp-image-1046 alignleft\" src=\"https:\/\/www.outsiderland.com\/orpailleur2\/wp-content\/uploads\/2023\/06\/Couverture-recto-Ou-se-cache-avec-cadre-150dpi-213x300.jpg\" alt=\"\" width=\"213\" height=\"300\" srcset=\"https:\/\/www.outsiderland.com\/orpailleur2\/wp-content\/uploads\/2023\/06\/Couverture-recto-Ou-se-cache-avec-cadre-150dpi-213x300.jpg 213w, https:\/\/www.outsiderland.com\/orpailleur2\/wp-content\/uploads\/2023\/06\/Couverture-recto-Ou-se-cache-avec-cadre-150dpi-727x1024.jpg 727w, https:\/\/www.outsiderland.com\/orpailleur2\/wp-content\/uploads\/2023\/06\/Couverture-recto-Ou-se-cache-avec-cadre-150dpi-768x1081.jpg 768w, https:\/\/www.outsiderland.com\/orpailleur2\/wp-content\/uploads\/2023\/06\/Couverture-recto-Ou-se-cache-avec-cadre-150dpi.jpg 797w\" sizes=\"auto, (max-width: 213px) 100vw, 213px\" \/><\/a><strong>4\u00e8me de couverture :<\/strong><\/p>\n<p style=\"text-align: justify;\"><em>Dans une alternance de voix, empreintes tour \u00e0 tour d\u2019une prose po\u00e9tique et d\u2019une parlure prosa\u00efque, pour dire la r\u00e9alit\u00e9 d\u2019un monde chaotique o\u00f9 cohabitent des personnages qui \u00e9trangement nous ressemblent, s\u2019\u00e9l\u00e8ve la figure de Kony, port\u00e9e par sa foi et la conviction de son \u00eatre, pour faire face \u00e0 l\u2019adversit\u00e9.<br \/>\nL\u2019\u00e9criture de cette destin\u00e9e dessine d\u2019une mani\u00e8re sensible l\u2019intimit\u00e9 des personnages dans une justesse de mots et d\u2019impressions. Ce sont alors M\u00f4, Alassane, Fal\u00e9, Souh et tous les autres, bross\u00e9s dans leur pr\u00e9sent et leur pass\u00e9, pris \u00e0 Yaound\u00e9 dans un quotidien sans lendemain, satur\u00e9 et d\u00e9bordant de vie, qui se r\u00e9v\u00e8lent \u00e0 nous avec lucidit\u00e9 et dr\u00f4lerie.<br \/>\nLa r\u00e9conciliation et l\u2019espoir, que le titre laisse pr\u00e9sager, s\u2019exposent comme une qu\u00eate initiatique \u00e0 chercher au fond du c\u0153ur et de l\u2019humanit\u00e9.<br \/>\nLa destin\u00e9e de Kony est un hymne \u00e0 la vie et \u00e0 la beaut\u00e9. C\u2019est celle d\u2019un c\u0153ur d\u00e9muni, qui, malgr\u00e9 tout, avec la cr\u00e9dulit\u00e9 de son innocence et la d\u00e9licatesse de sa jeunesse, caresse un horizon teint\u00e9 de promesses\u00a0: o\u00f9 se cache l\u2019aube pendant la nuit\u2026<\/em><\/p>\n<p style=\"text-align: right;\"><strong>Farah Benhabyl\u00e8s<\/strong><\/p>\n<hr \/>\n<p style=\"text-align: left;\"><strong>Lisez les 3 premi\u00e8res pages<\/strong> du livre en cliquant <a href=\"https:\/\/ahp.li\/293a354d24d7b4a73829.pdf\" target=\"_blank\" rel=\"noopener\"><strong>ici<\/strong>.<\/a><\/p>\n<hr \/>\n<p>Date de parution : ao\u00fbt<span style=\"color: #000000;\"> 2023<\/span><br \/>\nFormat : 13,5 x 19 cm<br \/>\nNombre de pages : 212<br \/>\nPrix : <strong><span style=\"color: #339966;\">20\u20ac<\/span><\/strong> <span style=\"color: #008000;\"><span style=\"color: #000000;\">(<\/span><\/span>frais de port offerts)<\/p>\n<div>\n<form action=\"https:\/\/www.paypal.com\/cgi-bin\/webscr\" method=\"post\" target=\" paypal \"><input name=\"cmd\" type=\"hidden\" value=\"_cart\" \/><input name=\"business\" type=\"hidden\" value=\"lorpailleur@orange.fr\" \/><input name=\"lc\" type=\"hidden\" value=\"FR\" \/><input name=\"item_name\" type=\"hidden\" value=\"O\u00f9 se cache l'aube pendant la nuit\" \/><input name=\"amount\" type=\"hidden\" value=\"20.00\" \/><input name=\"currency_code\" type=\"hidden\" value=\"EUR\" \/><input name=\"button_subtype\" type=\"hidden\" value=\"products\" \/><input name=\"add\" type=\"hidden\" value=\"1\" \/><input name=\"bn\" type=\"hidden\" value=\"PP-ShopCartBF:btn_cart_LG.gif:NonHosted\" \/><input alt=\"PayPal - la solution de paiement en ligne la plus simple et la plus s\u00e9curis\u00e9e !\" name=\"submit\" src=\"https:\/\/www.paypalobjects.com\/fr_FR\/FR\/i\/btn\/btn_cart_LG.gif\" type=\"image\" \/><img loading=\"lazy\" decoding=\"async\" src=\"https:\/\/www.paypalobjects.com\/fr_FR\/i\/scr\/pixel.gif\" alt=\"\" width=\"1\" height=\"1\" border=\"0\" \/><\/form>\n<\/div>\n<hr \/>\n<p><strong>Critiques<\/strong><\/p>\n<p>Tr\u00e8s belle critique <strong><a href=\"https:\/\/notespassageres.wordpress.com\/2023\/12\/22\/herve-madaya-3\/\" target=\"_blank\" rel=\"noopener\">\u00e0 lire sur le blog de Georges A. Bertrand<\/a><\/strong> et \u00e0 partager.<\/p>\n<p>Et profitez-en pour lire aussi les deux premi\u00e8res <em>notes passag\u00e8res<\/em> consacr\u00e9es \u00e0 Herv\u00e9 Madaya : <strong><a href=\"https:\/\/notespassageres.wordpress.com\/2023\/11\/01\/herve-madaya-1\/\" target=\"_blank\" rel=\"noopener\">note 1<\/a><\/strong> &amp; <strong><a href=\"https:\/\/notespassageres.wordpress.com\/2023\/11\/14\/herve-madaya-2\/\" target=\"_blank\" rel=\"noopener\">note 2<\/a><\/strong>.<\/p>\n<p>**********<\/p>\n<p>Retrouvez <a href=\"https:\/\/newsafrica24.fr\/roman-herve-madaya-presente-ou-se-cache-laube-pendant-la-nuit\/\" target=\"_blank\" rel=\"noopener\"><strong>ici<\/strong><\/a> la critique du livre par Jean-C\u00e9lestin Edjangu\u00e9, sur le site newsafrica24.fr<\/p>\n<p>**********<\/p>\n<p>Faites connaissance avec l&rsquo;auteur \u00e0 travers un entretien accord\u00e9 \u00e0 Jean-C\u00e9lestin Edjangu\u00e9, sur le site newsafrica24.fr. C&rsquo;est \u00e0 lire <a href=\"https:\/\/newsafrica24.fr\/herve-madaya-jai-baigne-dans-un-environnement-feminin-aux-visages-divers\/\" target=\"_blank\" rel=\"noopener\"><strong>ici<\/strong><\/a>.<\/p>\n<p>**********<\/p>\n<p><strong>Dossier de presse<\/strong><\/p>\n<p>T\u00e9l\u00e9chargez le dossier de presse en suivant ce lien : <strong><a href=\"https:\/\/ahp.li\/1e36879c46ee8e8471e9.pdf\" target=\"_blank\" rel=\"noopener\">dp<\/a><\/strong><\/p>\n","protected":false},"excerpt":{"rendered":"<p>4\u00e8me de couverture : Dans une alternance de voix, empreintes tour \u00e0 tour d\u2019une prose po\u00e9tique et d\u2019une parlure prosa\u00efque, pour dire la r\u00e9alit\u00e9 d\u2019un monde chaotique o\u00f9 cohabitent des personnages qui \u00e9trangement nous ressemblent, s\u2019\u00e9l\u00e8ve la figure de Kony, <a class=\"more-link\" href=\"https:\/\/www.outsiderland.com\/orpailleur2\/catalogue\/ou-se-cache-laube-pendant-la-nuit\/\">Continuer la lecture <span class=\"screen-reader-text\">  O\u00f9 se cache l&rsquo;aube pendant la nuit<\/span><span class=\"meta-nav\">&rarr;<\/span><\/a><\/p>\n","protected":false},"author":1,"featured_media":0,"parent":1476,"menu_order":21,"comment_status":"closed","ping_status":"closed","template":"","meta":{"footnotes":""},"class_list":["post-1077","page","type-page","status-publish","hentry"],"_links":{"self":[{"href":"https:\/\/www.outsiderland.com\/orpailleur2\/wp-json\/wp\/v2\/pages\/1077","targetHints":{"allow":["GET"]}}],"collection":[{"href":"https:\/\/www.outsiderland.com\/orpailleur2\/wp-json\/wp\/v2\/pages"}],"about":[{"href":"https:\/\/www.outsiderland.com\/orpailleur2\/wp-json\/wp\/v2\/types\/page"}],"author":[{"embeddable":true,"href":"https:\/\/www.outsiderland.com\/orpailleur2\/wp-json\/wp\/v2\/users\/1"}],"replies":[{"embeddable":true,"href":"https:\/\/www.outsiderland.com\/orpailleur2\/wp-json\/wp\/v2\/comments?post=1077"}],"version-history":[{"count":2,"href":"https:\/\/www.outsiderland.com\/orpailleur2\/wp-json\/wp\/v2\/pages\/1077\/revisions"}],"predecessor-version":[{"id":1559,"href":"https:\/\/www.outsiderland.com\/orpailleur2\/wp-json\/wp\/v2\/pages\/1077\/revisions\/1559"}],"up":[{"embeddable":true,"href":"https:\/\/www.outsiderland.com\/orpailleur2\/wp-json\/wp\/v2\/pages\/1476"}],"wp:attachment":[{"href":"https:\/\/www.outsiderland.com\/orpailleur2\/wp-json\/wp\/v2\/media?parent=1077"}],"curies":[{"name":"wp","href":"https:\/\/api.w.org\/{rel}","templated":true}]}}