{"id":1013,"date":"2023-05-01T13:24:04","date_gmt":"2023-05-01T12:24:04","guid":{"rendered":"https:\/\/outsiderland.com\/orpailleur\/?page_id=1013"},"modified":"2023-05-01T13:24:04","modified_gmt":"2023-05-01T12:24:04","slug":"le-faux-frere","status":"publish","type":"page","link":"https:\/\/www.outsiderland.com\/orpailleur2\/catalogue\/le-faux-frere\/","title":{"rendered":"Le faux fr\u00e8re"},"content":{"rendered":"<p><a href=\"https:\/\/www.outsiderland.com\/orpailleur2\/wp-content\/uploads\/2023\/03\/Couverture-recto-avec-cadre.jpg\" rel=\"attachment wp-att-972\"><img loading=\"lazy\" decoding=\"async\" class=\"alignleft size-medium wp-image-972\" src=\"https:\/\/www.outsiderland.com\/orpailleur2\/wp-content\/uploads\/2023\/03\/Couverture-recto-avec-cadre-213x300.jpg\" alt=\"Couverture recto avec cadre\" width=\"213\" height=\"300\" srcset=\"https:\/\/www.outsiderland.com\/orpailleur2\/wp-content\/uploads\/2023\/03\/Couverture-recto-avec-cadre-213x300.jpg 213w, https:\/\/www.outsiderland.com\/orpailleur2\/wp-content\/uploads\/2023\/03\/Couverture-recto-avec-cadre-727x1024.jpg 727w, https:\/\/www.outsiderland.com\/orpailleur2\/wp-content\/uploads\/2023\/03\/Couverture-recto-avec-cadre-768x1081.jpg 768w, https:\/\/www.outsiderland.com\/orpailleur2\/wp-content\/uploads\/2023\/03\/Couverture-recto-avec-cadre-1091x1536.jpg 1091w, https:\/\/www.outsiderland.com\/orpailleur2\/wp-content\/uploads\/2023\/03\/Couverture-recto-avec-cadre-1455x2048.jpg 1455w, https:\/\/www.outsiderland.com\/orpailleur2\/wp-content\/uploads\/2023\/03\/Couverture-recto-avec-cadre.jpg 1594w\" sizes=\"auto, (max-width: 213px) 100vw, 213px\" \/><\/a><strong>4\u00e8me de couverture :<\/strong><\/p>\n<p style=\"text-align: justify;\"><em>L\u2019Histoire retient des noms et en oublie d\u2019autres.<\/em><br \/>\n<em>Marcel, demi-mondain qui se pique de litt\u00e9rature, a un fr\u00e8re qu\u2019il s\u2019est plu \u00e0 pers\u00e9cuter depuis son enfance. Personne n\u2019en a rien su et Marcel s\u2019est bien gard\u00e9 de divulguer des agissements qui cadraient mal avec la stature publique qu\u2019il voulait pr\u00e9senter au monde.<\/em><br \/>\n<em>Les r\u00e9v\u00e9lations de ce fr\u00e8re \u00e0 l\u2019\u00e2me troubl\u00e9e se d\u00e9couvrent peu \u00e0 peu, en m\u00eame temps qu\u2019une rencontre totalement hasardeuse, un souvenir d\u2019amour qui d\u00e9clenche en lui l\u2019envie de se confier, de se lib\u00e9rer de douleurs anciennes, de raconter la vraie histoire jusqu\u2019\u00e0 la fin, une histoire qui est aussi celle de trois personnages en qu\u00eate de nom, ou de renom, ou simplement d\u2019identit\u00e9.<\/em><br \/>\n<em>Comme s\u2019il voulait reprendre son souffle et retrouver sa vie au milieu de ses errements, il h\u00e9site, digresse, balance entre confessions et atermoiements jusqu\u2019\u00e0 un d\u00e9nouement fatal.<\/em><\/p>\n<p style=\"text-align: right;\">Armand Renimel<\/p>\n<hr \/>\n<p style=\"text-align: left;\"><strong>Lisez les 3 premi\u00e8res pages<\/strong> du livre en cliquant <a href=\"https:\/\/ahp.li\/434251115f2d2280a932.pdf\" target=\"_blank\">ici.<\/a><\/p>\n<hr \/>\n<p>Date de parution : mai<span style=\"color: #000000;\"> 2023<\/span><br \/>\nFormat : 13,5 x 19 cm<br \/>\nNombre de pages : 154<br \/>\nPrix : <span style=\"color: #008000;\"><strong>14\u20ac <\/strong><span style=\"color: #000000;\">(<\/span><\/span>frais de port offerts)<\/p>\n<div>\n<form action=\"https:\/\/www.paypal.com\/cgi-bin\/webscr\" method=\"post\" target=\" paypal \"><input name=\"cmd\" type=\"hidden\" value=\"_cart\" \/><input name=\"business\" type=\"hidden\" value=\"lorpailleur@orange.fr\" \/><input name=\"lc\" type=\"hidden\" value=\"FR\" \/><input name=\"item_name\" type=\"hidden\" value=\"Le faux fr\u00e8re\" \/><input name=\"amount\" type=\"hidden\" value=\"14.00\" \/><input name=\"currency_code\" type=\"hidden\" value=\"EUR\" \/><input name=\"button_subtype\" type=\"hidden\" value=\"products\" \/><input name=\"add\" type=\"hidden\" value=\"1\" \/><input name=\"bn\" type=\"hidden\" value=\"PP-ShopCartBF:btn_cart_LG.gif:NonHosted\" \/><input alt=\"PayPal - la solution de paiement en ligne la plus simple et la plus s\u00e9curis\u00e9e !\" name=\"submit\" src=\"https:\/\/www.paypalobjects.com\/fr_FR\/FR\/i\/btn\/btn_cart_LG.gif\" type=\"image\" \/><img loading=\"lazy\" decoding=\"async\" src=\"https:\/\/www.paypalobjects.com\/fr_FR\/i\/scr\/pixel.gif\" alt=\"\" width=\"1\" height=\"1\" border=\"0\" \/><\/form>\n<\/div>\n<hr \/>\n<p><strong>Vid\u00e9o<\/strong><\/p>\n<p>En suivant <a href=\"https:\/\/www.youtube.com\/watch?v=aBEOE_jjCYo\" target=\"_blank\"><strong>ce lien<\/strong><\/a>, vous pouvez \u00e9couter<strong> Hubert Delahaye <\/strong>s&rsquo;exprimant \u00e0 propos de ses premi\u00e8res \u0153uvres publi\u00e9es chez<strong> <a href=\"https:\/\/asiatheque.com\/fr\/catalogue?form%5Bkeyword%5D=hubert+delahaye&amp;form%5Bgrid%5D=\" target=\"_blank\">l&rsquo;asiath\u00e8que<\/a>.<br \/>\n<\/strong><\/p>\n<p>_________________________________________________________________________________________________________<\/p>\n<p><strong>Critiques<\/strong><\/p>\n<p>A lire, la <strong>critique sur le blog litt\u00e9raire Dans la bulle de Manou<\/strong>, en suivant <a href=\"https:\/\/www.bulledemanou.com\/2023\/06\/le-faux-frere\/hubert-delahaye.html\" target=\"_blank\"><strong>ce lien<\/strong><\/a>.<\/p>\n<p>**********<\/p>\n<p>D\u00e9couvrez la <strong>critique du roman sur le blog litt\u00e9raire Lyvres<\/strong>. A lire <a href=\"https:\/\/lyvres.over-blog.com\/2023\/05\/le-faux-frere.html\" target=\"_blank\"><strong>ici<\/strong><\/a>.<\/p>\n<p>**********<\/p>\n<p>Retrouvez critiques et avis sur le site <a href=\"https:\/\/www.babelio.com\/livres\/Delahaye-Le-faux-frere\/1538797#critiques\" target=\"_blank\">Babelio<\/a>.<\/p>\n","protected":false},"excerpt":{"rendered":"<p>4\u00e8me de couverture : L\u2019Histoire retient des noms et en oublie d\u2019autres. Marcel, demi-mondain qui se pique de litt\u00e9rature, a un fr\u00e8re qu\u2019il s\u2019est plu \u00e0 pers\u00e9cuter depuis son enfance. Personne n\u2019en a rien su et Marcel s\u2019est bien gard\u00e9 <a class=\"more-link\" href=\"https:\/\/www.outsiderland.com\/orpailleur2\/catalogue\/le-faux-frere\/\">Continuer la lecture <span class=\"screen-reader-text\">  Le faux fr\u00e8re<\/span><span class=\"meta-nav\">&rarr;<\/span><\/a><\/p>\n","protected":false},"author":1,"featured_media":0,"parent":1476,"menu_order":20,"comment_status":"closed","ping_status":"closed","template":"","meta":{"footnotes":""},"class_list":["post-1013","page","type-page","status-publish","hentry"],"_links":{"self":[{"href":"https:\/\/www.outsiderland.com\/orpailleur2\/wp-json\/wp\/v2\/pages\/1013","targetHints":{"allow":["GET"]}}],"collection":[{"href":"https:\/\/www.outsiderland.com\/orpailleur2\/wp-json\/wp\/v2\/pages"}],"about":[{"href":"https:\/\/www.outsiderland.com\/orpailleur2\/wp-json\/wp\/v2\/types\/page"}],"author":[{"embeddable":true,"href":"https:\/\/www.outsiderland.com\/orpailleur2\/wp-json\/wp\/v2\/users\/1"}],"replies":[{"embeddable":true,"href":"https:\/\/www.outsiderland.com\/orpailleur2\/wp-json\/wp\/v2\/comments?post=1013"}],"version-history":[{"count":0,"href":"https:\/\/www.outsiderland.com\/orpailleur2\/wp-json\/wp\/v2\/pages\/1013\/revisions"}],"up":[{"embeddable":true,"href":"https:\/\/www.outsiderland.com\/orpailleur2\/wp-json\/wp\/v2\/pages\/1476"}],"wp:attachment":[{"href":"https:\/\/www.outsiderland.com\/orpailleur2\/wp-json\/wp\/v2\/media?parent=1013"}],"curies":[{"name":"wp","href":"https:\/\/api.w.org\/{rel}","templated":true}]}}