{"id":1011,"date":"2023-05-01T13:14:44","date_gmt":"2023-05-01T12:14:44","guid":{"rendered":"https:\/\/outsiderland.com\/orpailleur\/?page_id=1011"},"modified":"2023-05-01T13:14:44","modified_gmt":"2023-05-01T12:14:44","slug":"dix-neuf-zero-sept","status":"publish","type":"page","link":"https:\/\/www.outsiderland.com\/orpailleur2\/catalogue\/dix-neuf-zero-sept\/","title":{"rendered":"Dix-neuf z\u00e9ro sept"},"content":{"rendered":"<p><a href=\"https:\/\/www.outsiderland.com\/orpailleur2\/wp-content\/uploads\/2015\/09\/couverture-recto-avec-cadre-150dpi.jpg\" rel=\"attachment wp-att-1009\"><img loading=\"lazy\" decoding=\"async\" class=\"alignleft size-medium wp-image-1009\" src=\"https:\/\/www.outsiderland.com\/orpailleur2\/wp-content\/uploads\/2015\/09\/couverture-recto-avec-cadre-150dpi-213x300.jpg\" alt=\"couverture recto avec cadre 150dpi\" width=\"213\" height=\"300\" srcset=\"https:\/\/www.outsiderland.com\/orpailleur2\/wp-content\/uploads\/2015\/09\/couverture-recto-avec-cadre-150dpi-213x300.jpg 213w, https:\/\/www.outsiderland.com\/orpailleur2\/wp-content\/uploads\/2015\/09\/couverture-recto-avec-cadre-150dpi-727x1024.jpg 727w, https:\/\/www.outsiderland.com\/orpailleur2\/wp-content\/uploads\/2015\/09\/couverture-recto-avec-cadre-150dpi-768x1082.jpg 768w, https:\/\/www.outsiderland.com\/orpailleur2\/wp-content\/uploads\/2015\/09\/couverture-recto-avec-cadre-150dpi.jpg 797w\" sizes=\"auto, (max-width: 213px) 100vw, 213px\" \/><\/a><strong>4\u00e8me de couverture :<\/strong><\/p>\n<p style=\"text-align: left;\"><em>C\u2019est un jour d\u2019\u00e9t\u00e9, un jour chaud de juillet.<\/em><br \/>\n<em>Une femme, une route parcourue \u00e0 v\u00e9lo dans la douceur du vent et l\u2019ivresse d\u2019une descente.<\/em><\/p>\n<p><em>En bas l\u2019attendent le hasard, la fraction de seconde arriv\u00e9e trop t\u00f4t ou trop tard qui fait basculer la vie du c\u00f4t\u00e9 que l\u2019on n\u2019imaginait pas. Et le corps devient spirale se vrillant sous des roues, devient vide, n\u00e9ant, passant de l\u2019asphalte au brancard, des rayons X au chirurgien. Et le corps se raconte, dans l\u2019autopsie de son r\u00e9tablissement, dans le roulis des souvenirs et des d\u00e9ceptions, reli\u00e9 aux autres par le trait d\u2019union fragile d\u2019un amour menac\u00e9.<\/em><br \/>\n<em>\u00a0\u00a0 \u00a0<\/em><br \/>\n<em>Avec son \u00e9criture dense, Sylvie Aubriot entra\u00eene le lecteur avec elle, l\u2019engloutit dans cette histoire, le force \u00e0 prendre sa part de cet \u00e9v\u00e9nement et \u00e0 questionner toute reconstruction.<\/em><\/p>\n<p style=\"text-align: right;\">St\u00e9phanie Fontez<\/p>\n<hr \/>\n<p style=\"text-align: left;\"><strong>Lisez les 3 premi\u00e8res pages<\/strong> du livre en cliquant <a href=\"https:\/\/ahp.li\/ccf82297d75444946442.pdf\" target=\"_blank\">ici.<\/a><\/p>\n<hr \/>\n<p>Date de parution : mai 2023<br \/>\nFormat : 13,5 x 19 cm<br \/>\nNombre de pages : 204<br \/>\n<span style=\"color: #008000;\">Prix : <span style=\"color: #008000;\"><strong>20\u20ac <\/strong><\/span><span style=\"color: #000000;\">(<\/span><\/span>frais de port offerts)<\/p>\n<div>\n<form action=\"https:\/\/www.paypal.com\/cgi-bin\/webscr\" method=\"post\" target=\" paypal \"><input name=\"cmd\" type=\"hidden\" value=\"_cart\" \/><input name=\"business\" type=\"hidden\" value=\"lorpailleur@orange.fr\" \/><input name=\"lc\" type=\"hidden\" value=\"FR\" \/><input name=\"item_name\" type=\"hidden\" value=\"Dix-neuf z\u00e9ro sept\" \/><input name=\"amount\" type=\"hidden\" value=\"20.00\" \/><input name=\"currency_code\" type=\"hidden\" value=\"EUR\" \/><input name=\"button_subtype\" type=\"hidden\" value=\"products\" \/><input name=\"add\" type=\"hidden\" value=\"1\" \/><input name=\"bn\" type=\"hidden\" value=\"PP-ShopCartBF:btn_cart_LG.gif:NonHosted\" \/><br \/>\n<input alt=\"PayPal - la solution de paiement en ligne la plus simple et la plus s\u00e9curis\u00e9e !\" name=\"submit\" src=\"https:\/\/www.paypalobjects.com\/fr_FR\/FR\/i\/btn\/btn_cart_LG.gif\" type=\"image\" \/><img loading=\"lazy\" decoding=\"async\" src=\"https:\/\/www.paypalobjects.com\/fr_FR\/i\/scr\/pixel.gif\" alt=\"\" width=\"1\" height=\"1\" border=\"0\" \/><\/form>\n<\/div>\n<hr \/>\n<p><strong>Critiques<\/strong><\/p>\n<p>L&rsquo;auteur <strong><a href=\"https:\/\/editions-n-et-b.org\/wp\/taccidi-elio-noeud-magnetique\/\" target=\"_blank\">Elio Taccidi<\/a><\/strong> nous fait part de ses impressions de lecture :<\/p>\n<p style=\"text-align: justify;\">Sylvie Aubriot, dans\u00a0<i class=\"\">Dix-neuf z\u00e9ro sep<\/i>t, d\u00e9crit avec humour, subtilit\u00e9 et sensibilit\u00e9, une atteinte charnelle et psychique, de son irruption accidentelle \u00e0 son issue apais\u00e9e.<br class=\"\" \/>La m\u00e9moire prend les chemins qu\u2019elle veut, et dans cette histoire, c\u2019est bien elle qui d\u00e9cide. Alors elle dilate le temps, elle le contraint, tout comme ce corps percut\u00e9 par une voiture sera \u00e9cras\u00e9 sous son\u00a0ch\u00e2ssis. L\u2019\u00e9criture de Sylvie Aubriot, paradoxalement vive et sinueuse, nous immerge ainsi dans le r\u00e9cit de cette chair accident\u00e9e. Et de l\u2019acte caract\u00e9ris\u00e9 de d\u00e9linquance routi\u00e8re \u00e0 la longue travers\u00e9e\u00a0m\u00e9dicalis\u00e9e qui s\u2019en suit, secondes, heures, jours, mois s\u2019\u00e9couleront au rythme fluctuant des actes et des transferts, au gr\u00e9 des sensations ou des paroles patiemment restitu\u00e9es.<br class=\"\" \/> Mais bien que les faits s\u2019av\u00e8rent cruels, mutilants, le ton demeure distanci\u00e9, presque badin parfois, souvent d\u00e9sinvolte dans les descriptions \u2013 cette chambre d\u2019h\u00f4pital <i class=\"\">oliv\u00e2tre<\/i>\u00a0et\u00a0<i class=\"\">tapiss\u00e9e d\u2019algues<\/i>\u00a0\u2013 ou\u00a0dans les situations \u2013 le jeune pompier terroris\u00e9. Pointent aussi ces apart\u00e9s accord\u00e9s au lecteur : \u00ab Cyclistes, soyez aux aguets, elle est repartie, ne prenez pas le m\u00eame chemin qu\u2019elle \u00bb nous dit-on de\u00a0l\u2019agresseuse v\u00e9hicul\u00e9e.<br class=\"\" \/> Cette subtile d\u00e9rision pr\u00e9vaut jusque dans les patronymes \u2013 pour les soignants, ce sera docteurs\u00a0<i class=\"\">Hache, Levivant, Citerne ou King<\/i>\u00a0\u2013 ou les noms de lieux :\u00a0<i class=\"\">Petite-Ville, Moyenne-Ville, Beau-Village<\/i>\u2026\u00a0Ainsi, de digressions hardies en consid\u00e9rations d\u00e9cal\u00e9es, le r\u00e9cit nous emm\u00e8ne sur des sujets aussi divers qu\u2019incongrus : cannibalisme, grossesse extra-ut\u00e9rine et recettes culinaires. Sachons que les \u00ab\u00a0nerfs ont br\u00fbl\u00e9 \u00e0 180 \u00b0C \u00bb, soit \u00e0 l\u2019exacte temp\u00e9rature de cuisson d\u2019un r\u00f4ti de porc ; plongeons-nous dans la pr\u00e9cision math\u00e9matique : calcul volume et surface d\u2019une plaie elliptique, n\u00e9cros\u00e9e et \u00ab\u00a0cartonn\u00e9e \u00bb.<br class=\"\" \/> Mais tout au long de ce p\u00e9riple traumatique, et derri\u00e8re la l\u00e9g\u00e8ret\u00e9 et le d\u00e9tachement de la voix qui retrace, persiste une question lancinante : celle d\u2019une f\u00e9minit\u00e9 \u00e0 l\u2019\u00e9preuve de ses cicatrices\u00a0ind\u00e9l\u00e9biles. S\u2019exprime alors un d\u00e9sarroi universel : celui d\u2019une femme, \u00e9pouse et m\u00e8re, victime d\u2019un abrupt, mais banal, acte de violence routi\u00e8re.<\/p>\n<p>**********<\/p>\n<p>A lire, la <strong>critique sur le blog litt\u00e9raire Lyvres. <\/strong>C&rsquo;est <strong><a href=\"https:\/\/lyvres.over-blog.com\/2023\/06\/dix-neuf-zero-sept.html\" target=\"_blank\">ici<\/a><\/strong>.<\/p>\n<p>**********<\/p>\n<p style=\"text-align: justify;\"><span class=\"x193iq5w xeuugli x13faqbe x1vvkbs x1xmvt09 x1lliihq x1s928wv xhkezso x1gmr53x x1cpjm7i x1fgarty x1943h6x xudqn12 x3x7a5m x6prxxf xvq8zen xo1l8bm xzsf02u x1yc453h\" dir=\"auto\">Lecture prenante cette semaine de <strong>Sylvie Aubriot<\/strong>, auteure parue r\u00e9cemment chez l&rsquo;Orpailleur, avec son roman <span style=\"text-decoration: underline;\"><em><strong>Dix-neuf z\u00e9ro sept<\/strong><\/em><\/span>. Le dix-neuf \u00e9tant dans le livre un chiffre phare.<br \/>\nC&rsquo;est une exploration m\u00e9thodique, franche et d\u00e9nu\u00e9e de tout lyrisme, dans les entrailles d&rsquo;un corps d\u00e9vast\u00e9 par un accident de v\u00e9lo (grave \u00e9videmment). La pr\u00e9cision quasi d&rsquo;entomologiste avec laquelle la narratrice diss\u00e8que chaque partie de son corps bless\u00e9 finit par devenir une sorte d&rsquo;introspection qui semble toute mat\u00e9rialiste, mais qui va chercher du c\u00f4t\u00e9 de l&rsquo;absence, du questionnement sur l&rsquo;identit\u00e9. Cette fa\u00e7on d&rsquo;aller jusqu&rsquo;au noyau dur de l&rsquo;individu, en \u00ab\u00a0\u00e9pluchant\u00a0\u00bb l&rsquo;une apr\u00e8s l&rsquo;autre toutes les couches du d\u00e9go\u00fbt, de l&rsquo;inqui\u00e9tude, de l&rsquo;abandon, du vide, est toujours prenante, et, ce qui pimente la chose en mettant en avant un certain scepticisme, cela est fait avec un humour noir qui peut parfois d\u00e9sar\u00e7onner. On entre dans ce \u00ab\u00a0d\u00e9shabillage\u00a0\u00bb en vivant toutes les \u00e9tapes de l&rsquo;accident, du choc jusqu&rsquo;\u00e0 la reconstruction.<br \/>\nC&rsquo;est toujours prenant, acide, net, coupant. L&rsquo;\u00e9criture pointue, pr\u00e9cise, aux phrases longuement d\u00e9roul\u00e9es, de Sylvie Aubriot fait le reste.<br \/>\nA lire si vous n&rsquo;aimez pas trop les lectures de plage !<\/span><\/p>\n<p style=\"text-align: justify;\">**********<\/p>\n<p>Critiques \u00e0 retrouver sur le site <a href=\"https:\/\/www.babelio.com\/livres\/Aubriot-Dix-neuf-zero-sept\/1521250#critiques\" target=\"_blank\">Babelio<\/a>.<\/p>\n<p style=\"text-align: right;\">Laurence Chaudou\u00ebt<\/p>\n","protected":false},"excerpt":{"rendered":"<p>4\u00e8me de couverture : C\u2019est un jour d\u2019\u00e9t\u00e9, un jour chaud de juillet. Une femme, une route parcourue \u00e0 v\u00e9lo dans la douceur du vent et l\u2019ivresse d\u2019une descente. En bas l\u2019attendent le hasard, la fraction de seconde arriv\u00e9e trop <a class=\"more-link\" href=\"https:\/\/www.outsiderland.com\/orpailleur2\/catalogue\/dix-neuf-zero-sept\/\">Continuer la lecture <span class=\"screen-reader-text\">  Dix-neuf z\u00e9ro sept<\/span><span class=\"meta-nav\">&rarr;<\/span><\/a><\/p>\n","protected":false},"author":1,"featured_media":0,"parent":1476,"menu_order":19,"comment_status":"closed","ping_status":"closed","template":"","meta":{"footnotes":""},"class_list":["post-1011","page","type-page","status-publish","hentry"],"_links":{"self":[{"href":"https:\/\/www.outsiderland.com\/orpailleur2\/wp-json\/wp\/v2\/pages\/1011","targetHints":{"allow":["GET"]}}],"collection":[{"href":"https:\/\/www.outsiderland.com\/orpailleur2\/wp-json\/wp\/v2\/pages"}],"about":[{"href":"https:\/\/www.outsiderland.com\/orpailleur2\/wp-json\/wp\/v2\/types\/page"}],"author":[{"embeddable":true,"href":"https:\/\/www.outsiderland.com\/orpailleur2\/wp-json\/wp\/v2\/users\/1"}],"replies":[{"embeddable":true,"href":"https:\/\/www.outsiderland.com\/orpailleur2\/wp-json\/wp\/v2\/comments?post=1011"}],"version-history":[{"count":0,"href":"https:\/\/www.outsiderland.com\/orpailleur2\/wp-json\/wp\/v2\/pages\/1011\/revisions"}],"up":[{"embeddable":true,"href":"https:\/\/www.outsiderland.com\/orpailleur2\/wp-json\/wp\/v2\/pages\/1476"}],"wp:attachment":[{"href":"https:\/\/www.outsiderland.com\/orpailleur2\/wp-json\/wp\/v2\/media?parent=1011"}],"curies":[{"name":"wp","href":"https:\/\/api.w.org\/{rel}","templated":true}]}}