{"id":6,"date":"2014-12-25T10:25:41","date_gmt":"2014-12-25T09:25:41","guid":{"rendered":"http:\/\/outsiderland.com\/foyer-nordique-paulhac\/?page_id=6"},"modified":"2016-06-26T17:09:13","modified_gmt":"2016-06-26T15:09:13","slug":"le-domaine-de-ski-nordique","status":"publish","type":"page","link":"https:\/\/www.outsiderland.com\/loisirs-nature-paulhac2\/le-domaine-de-ski-nordique\/","title":{"rendered":"LE DOMAINE NORDIQUE"},"content":{"rendered":"<p>Les itin\u00e9raires autour de Paulhac, accessibles \u00e0 tous, quel que soit son niveau technique, font partie d\u2019un <a href=\"http:\/\/outsiderland.com\/foyer-nordique-haute-planeze\/le-domaine-skiable\/\" target=\"_blank\">domaine nordique plus vaste, qui s\u2019\u00e9tend entre le Plomb du Cantal, le col de Prat-de-Bouc, Paulhac et le Ch\u00e9<\/a>.<\/p>\n<p><a href=\"http:\/\/outsiderland.com\/loisirs-nature-paulhac\/wp-content\/uploads\/2014\/12\/logo.jpg\" rel=\"attachment wp-att-449\"><img loading=\"lazy\" decoding=\"async\" class=\"alignleft size-medium wp-image-449\" src=\"http:\/\/outsiderland.com\/loisirs-nature-paulhac\/wp-content\/uploads\/2014\/12\/logo-300x122.jpg\" alt=\"logo\" width=\"300\" height=\"122\" \/><\/a>Depuis quelques ann\u00e9es, les pratiques hivernales se sont enrichies d\u2019autres activit\u00e9s, notamment les randonn\u00e9es en raquettes ou \u00e0 skis de randonn\u00e9e nordique. Autour du foyer et sur les territoires d\u2019estives, de vastes espaces sauvages accueillent d\u00e9sormais les randonneurs, avides de d\u00e9couvertes et d\u2019immersion en milieu montagnard : <a href=\"http:\/\/outsiderland.com\/foyer-nordique-haute-planeze\/itineraires-hors-piste\/\" target=\"_blank\">des itin\u00e9raires balis\u00e9s<\/a> permettent de parcourir les hauts-plateaux et les puys, et d\u2019explorer un espace qui fait partie int\u00e9grante du Parc R\u00e9gional des Volcans d\u2019Auvergne.<\/p>\n<p>La carte ci-dessous (disponible sur le site de l&rsquo;IGN <a href=\"http:\/\/www.geoportail.gouv.fr\/accueil\" target=\"_blank\">geoportail<\/a>) donne une id\u00e9e du domaine skiable :<\/p>\n<p><iframe loading=\"lazy\" src=\"http:\/\/www.geoportail.gouv.fr\/embed\/visu.html?c=2.884857068419951,45.009208207708866&amp;z=0.00017166137695937169&amp;l=ORTHOIMAGERY.ORTHOPHOTOS::GEOPORTAIL:OGC:WMTS(1)&amp;l=GEOGRAPHICALGRIDSYSTEMS.MAPS.3D::GEOPORTAIL:OGC:WMTS==aggregate(1)&amp;permalink=yes\" width=\"600\" height=\"600\" frameborder=\"0\" marginwidth=\"0\" marginheight=\"0\" scrolling=\"no\" allowfullscreen=\"allowfullscreen\"><\/iframe><\/p>\n","protected":false},"excerpt":{"rendered":"<p>Les itin\u00e9raires autour de Paulhac, accessibles \u00e0 tous, quel que soit son niveau technique, font partie d\u2019un domaine nordique plus vaste, qui s\u2019\u00e9tend entre le Plomb du Cantal, le col de Prat-de-Bouc, Paulhac et le Ch\u00e9. Depuis quelques ann\u00e9es, les pratiques hivernales se sont enrichies d\u2019autres activit\u00e9s, notamment les randonn\u00e9es en raquettes ou \u00e0 skis de randonn\u00e9e nordique. Autour du foyer et sur les territoires d\u2019estives, de vastes espaces sauvages accueillent d\u00e9sormais les randonneurs, avides de d\u00e9couvertes et d\u2019immersion en&#8230;<\/p>\n<p class=\"read-more\"><a class=\"btn btn-default\" href=\"https:\/\/www.outsiderland.com\/loisirs-nature-paulhac2\/le-domaine-de-ski-nordique\/\">Lire la suite<span class=\"screen-reader-text\"> Lire la suite<\/span><\/a><\/p>\n","protected":false},"author":1,"featured_media":0,"parent":0,"menu_order":4,"comment_status":"closed","ping_status":"closed","template":"","meta":{"footnotes":""},"class_list":["post-6","page","type-page","status-publish","hentry"],"_links":{"self":[{"href":"https:\/\/www.outsiderland.com\/loisirs-nature-paulhac2\/wp-json\/wp\/v2\/pages\/6","targetHints":{"allow":["GET"]}}],"collection":[{"href":"https:\/\/www.outsiderland.com\/loisirs-nature-paulhac2\/wp-json\/wp\/v2\/pages"}],"about":[{"href":"https:\/\/www.outsiderland.com\/loisirs-nature-paulhac2\/wp-json\/wp\/v2\/types\/page"}],"author":[{"embeddable":true,"href":"https:\/\/www.outsiderland.com\/loisirs-nature-paulhac2\/wp-json\/wp\/v2\/users\/1"}],"replies":[{"embeddable":true,"href":"https:\/\/www.outsiderland.com\/loisirs-nature-paulhac2\/wp-json\/wp\/v2\/comments?post=6"}],"version-history":[{"count":10,"href":"https:\/\/www.outsiderland.com\/loisirs-nature-paulhac2\/wp-json\/wp\/v2\/pages\/6\/revisions"}],"predecessor-version":[{"id":549,"href":"https:\/\/www.outsiderland.com\/loisirs-nature-paulhac2\/wp-json\/wp\/v2\/pages\/6\/revisions\/549"}],"wp:attachment":[{"href":"https:\/\/www.outsiderland.com\/loisirs-nature-paulhac2\/wp-json\/wp\/v2\/media?parent=6"}],"curies":[{"name":"wp","href":"https:\/\/api.w.org\/{rel}","templated":true}]}}