{"id":446,"date":"2015-12-21T11:38:29","date_gmt":"2015-12-21T10:38:29","guid":{"rendered":"http:\/\/outsiderland.com\/loisirs-nature-paulhac\/?page_id=446"},"modified":"2026-04-06T12:00:28","modified_gmt":"2026-04-06T12:00:28","slug":"la-meteo-a-paulhac","status":"publish","type":"page","link":"https:\/\/www.outsiderland.com\/loisirs-nature-paulhac2\/la-meteo-a-paulhac\/","title":{"rendered":"LA M\u00c9T\u00c9O \u00c0 PAULHAC"},"content":{"rendered":"<p><iframe loading=\"lazy\" id=\"widget_autocomplete_preview\"  width=\"150\" height=\"300\" frameborder=\"0\" src=\"https:\/\/meteofrance.com\/widget\/prevision\/151480##3D6AA2\" title=\"Pr\u00e9visions Paulhac par M\u00e9t\u00e9o-France\"> <\/iframe><\/p>\n","protected":false},"excerpt":{"rendered":"","protected":false},"author":1,"featured_media":0,"parent":0,"menu_order":6,"comment_status":"closed","ping_status":"closed","template":"","meta":{"footnotes":""},"class_list":["post-446","page","type-page","status-publish","hentry"],"_links":{"self":[{"href":"https:\/\/www.outsiderland.com\/loisirs-nature-paulhac2\/wp-json\/wp\/v2\/pages\/446","targetHints":{"allow":["GET"]}}],"collection":[{"href":"https:\/\/www.outsiderland.com\/loisirs-nature-paulhac2\/wp-json\/wp\/v2\/pages"}],"about":[{"href":"https:\/\/www.outsiderland.com\/loisirs-nature-paulhac2\/wp-json\/wp\/v2\/types\/page"}],"author":[{"embeddable":true,"href":"https:\/\/www.outsiderland.com\/loisirs-nature-paulhac2\/wp-json\/wp\/v2\/users\/1"}],"replies":[{"embeddable":true,"href":"https:\/\/www.outsiderland.com\/loisirs-nature-paulhac2\/wp-json\/wp\/v2\/comments?post=446"}],"version-history":[{"count":5,"href":"https:\/\/www.outsiderland.com\/loisirs-nature-paulhac2\/wp-json\/wp\/v2\/pages\/446\/revisions"}],"predecessor-version":[{"id":1578,"href":"https:\/\/www.outsiderland.com\/loisirs-nature-paulhac2\/wp-json\/wp\/v2\/pages\/446\/revisions\/1578"}],"wp:attachment":[{"href":"https:\/\/www.outsiderland.com\/loisirs-nature-paulhac2\/wp-json\/wp\/v2\/media?parent=446"}],"curies":[{"name":"wp","href":"https:\/\/api.w.org\/{rel}","templated":true}]}}