{"id":425,"date":"2015-12-21T10:23:28","date_gmt":"2015-12-21T09:23:28","guid":{"rendered":"http:\/\/outsiderland.com\/loisirs-nature-paulhac\/?page_id=425"},"modified":"2019-05-31T22:47:04","modified_gmt":"2019-05-31T20:47:04","slug":"un-projet-de-financement-participatif-pour-lassociation","status":"publish","type":"page","link":"https:\/\/www.outsiderland.com\/loisirs-nature-paulhac2\/un-projet-de-financement-participatif-pour-lassociation\/","title":{"rendered":"LE PROJET"},"content":{"rendered":"<p>Un territoire de moyenne montagne aux atouts exceptionnels<\/span><\/h2>\n<p><a href=\"http:\/\/outsiderland.com\/loisirs-nature-paulhac\" target=\"_blank\" rel=\"nofollow\">L&rsquo;Association Loisirs nature Paulhac<\/a> a \u00e9t\u00e9 cr\u00e9\u00e9e en 2014 afin de participer \u00e0 la revitalisation de la commune. <a href=\"http:\/\/paulhac-plombducantal.fr\/\" target=\"_blank\" rel=\"nofollow\">Paulhac<\/a>, comme bien d&rsquo;autres communes rurales du d\u00e9partement du Cantal, a perdu nombre d&rsquo;habitants dans les derni\u00e8res d\u00e9cennies. Mais cette tendance n&rsquo;est en rien une fatalit\u00e9.<\/p>\n<p><a href=\"http:\/\/outsiderland.com\/loisirs-nature-paulhac\/wp-content\/uploads\/2015\/12\/12366416_430121967191996_613704075438448882_n.jpg\" rel=\"attachment wp-att-435\"><img loading=\"lazy\" decoding=\"async\" class=\"alignleft size-medium wp-image-435\" src=\"http:\/\/outsiderland.com\/loisirs-nature-paulhac\/wp-content\/uploads\/2015\/12\/12366416_430121967191996_613704075438448882_n-225x300.jpg\" alt=\"12366416_430121967191996_613704075438448882_n\" width=\"225\" height=\"300\" \/><\/a><br \/>\nLe territoire de Paulhac, situ\u00e9 au pied du Plomb du Cantal, b\u00e9n\u00e9ficie d&rsquo;atouts exceptionnels : des paysages qui comptent parmi les plus impressionnants en Auvergne, un patrimoine environnemental et architectural de premier ordre, et une population dynamique qui veut d\u00e9fendre son pays et faire conna\u00eetre ses richesses.<\/p>\n<h2><span style=\"color: #003366;\">Le paradis des randonneurs hiver comme \u00e9t\u00e9<\/span><\/h2>\n<p>Une des richesses incontestables de la commune, c&rsquo;est son r\u00e9seau tr\u00e8s important de chemins et sentiers, propices \u00e0 la randonn\u00e9e, \u00e9t\u00e9 comme hiver. Les membres de l&rsquo;association se sont lanc\u00e9s dans la restauration de ces voies de balades cette ann\u00e9e, d\u00e9frichant et balisant les chemins. Cet \u00e9t\u00e9 d\u00e9j\u00e0, de nombreux v\u00e9t\u00e9tistes et randonneurs les ont emprunt\u00e9s.<\/p>\n<p>La prochaine \u00e9tape consiste \u00e0 remettre en place le foyer nordique, qui fonctionnait autrefois mais avait \u00e9t\u00e9 laiss\u00e9 plus ou moins \u00e0 l&rsquo;abandon depuis quelques ann\u00e9es. Des pistes d\u00e9di\u00e9es \u00e0 la pratique de la raquette \u00e0 neige et au ski de randonn\u00e9e ont \u00e9t\u00e9 restaur\u00e9es et le mat\u00e9riel (des skis nordiques notamment), destin\u00e9 \u00e0 la location, nettoy\u00e9 et tri\u00e9 : un local flambant neuf pr\u00eat\u00e9 par la municipalit\u00e9 est d&rsquo;ores et d\u00e9j\u00e0 disponible pour la saison \u00e0 venir. Ces efforts r\u00e9pondent \u00e0 une v\u00e9ritable demande touristique d&rsquo;une part, et aux besoins des habitants des communes alentours d&rsquo;autre part. Les activit\u00e9s de loisir de pleine nature ont v\u00e9ritablement le vent en poupe : le territoire de la commune, typiquement de moyenne montagne, est particuli\u00e8rement adapt\u00e9 \u00e0 ce type de pratiques.<\/p>\n<p><a href=\"http:\/\/outsiderland.com\/loisirs-nature-paulhac\/wp-content\/uploads\/2015\/06\/DSCN0661-1024x768.jpg\" rel=\"attachment wp-att-309\"><img loading=\"lazy\" decoding=\"async\" class=\"alignleft wp-image-309 size-full\" src=\"http:\/\/outsiderland.com\/loisirs-nature-paulhac\/wp-content\/uploads\/2015\/06\/DSCN0661-1024x768.jpg\" alt=\"DSCN0661-1024x768\" width=\"1023\" height=\"441\" \/><\/a><\/p>\n<h2><span style=\"color: #003366;\">Des raquettes \u00e0 neige et des skis de randonn\u00e9e pour d\u00e9couvrir les richesses d&rsquo;un territoire de moyenne montagne<\/span><\/h2>\n<p>Toutefois, le mat\u00e9riel que nous sommes en mesure de proposer aux visiteurs n&rsquo;est plus de premi\u00e8re jeunesse : des VTT et des raquettes \u00e0 neige notamment, tr\u00e8s pris\u00e9s des randonneurs manquent \u00e0 l&rsquo;appel. Et c&rsquo;est pourquoi nous sollicitons l&rsquo;aide des g\u00e9n\u00e9reux internautes d&rsquo;<span style=\"color: #800000;\">Ulele<\/span>. Il s&rsquo;agit non seulement de financer l&rsquo;achat de mat\u00e9riel \u00ab\u00a0pleine nature\u00a0\u00bb plus moderne, correspondant aux pratiques d&rsquo;aujourd&rsquo;hui, mais aussi, de mani\u00e8re plus ambitieuse, de renforcer le d\u00e9veloppement d&rsquo;une commune rurale dynamique, et de contribuer au rayonnement et \u00e0 la d\u00e9couverte d&rsquo;un territoire unique : les hauts plateaux autour du Plomb du Cantal.<\/p>\n<p>N&rsquo;h\u00e9sitez pas \u00e0 visiter<span style=\"color: #800000;\"><a style=\"color: #800000;\" href=\"http:\/\/outsiderland.com\/loisirs-nature-paulhac\" target=\"_blank\" rel=\"nofollow\"> le blog du foyer<\/a><\/span> ou notre <span style=\"color: #800000;\"><a style=\"color: #800000;\" href=\"https:\/\/www.facebook.com\/LoisirsNaturePaulhac\/\" target=\"_blank\" rel=\"nofollow\">page Facebook<\/a><\/span> pour conna\u00eetre les p\u00e9riodes d&rsquo;ouverture et les dates des animations !<\/p>\n","protected":false},"excerpt":{"rendered":"<p>Un territoire de moyenne montagne aux atouts exceptionnels L&rsquo;Association Loisirs nature Paulhac a \u00e9t\u00e9 cr\u00e9\u00e9e en 2014 afin de participer \u00e0 la revitalisation de la commune. Paulhac, comme bien d&rsquo;autres communes rurales du d\u00e9partement du Cantal, a perdu nombre d&rsquo;habitants dans les derni\u00e8res d\u00e9cennies. Mais cette tendance n&rsquo;est en rien une fatalit\u00e9. Le territoire de Paulhac, situ\u00e9 au pied du Plomb du Cantal, b\u00e9n\u00e9ficie d&rsquo;atouts exceptionnels : des paysages qui comptent parmi les plus impressionnants en Auvergne, un patrimoine environnemental&#8230;<\/p>\n<p class=\"read-more\"><a class=\"btn btn-default\" href=\"https:\/\/www.outsiderland.com\/loisirs-nature-paulhac2\/un-projet-de-financement-participatif-pour-lassociation\/\">Lire la suite<span class=\"screen-reader-text\"> Lire la suite<\/span><\/a><\/p>\n","protected":false},"author":1,"featured_media":0,"parent":0,"menu_order":7,"comment_status":"closed","ping_status":"closed","template":"","meta":{"footnotes":""},"class_list":["post-425","page","type-page","status-publish","hentry"],"_links":{"self":[{"href":"https:\/\/www.outsiderland.com\/loisirs-nature-paulhac2\/wp-json\/wp\/v2\/pages\/425","targetHints":{"allow":["GET"]}}],"collection":[{"href":"https:\/\/www.outsiderland.com\/loisirs-nature-paulhac2\/wp-json\/wp\/v2\/pages"}],"about":[{"href":"https:\/\/www.outsiderland.com\/loisirs-nature-paulhac2\/wp-json\/wp\/v2\/types\/page"}],"author":[{"embeddable":true,"href":"https:\/\/www.outsiderland.com\/loisirs-nature-paulhac2\/wp-json\/wp\/v2\/users\/1"}],"replies":[{"embeddable":true,"href":"https:\/\/www.outsiderland.com\/loisirs-nature-paulhac2\/wp-json\/wp\/v2\/comments?post=425"}],"version-history":[{"count":12,"href":"https:\/\/www.outsiderland.com\/loisirs-nature-paulhac2\/wp-json\/wp\/v2\/pages\/425\/revisions"}],"predecessor-version":[{"id":1335,"href":"https:\/\/www.outsiderland.com\/loisirs-nature-paulhac2\/wp-json\/wp\/v2\/pages\/425\/revisions\/1335"}],"wp:attachment":[{"href":"https:\/\/www.outsiderland.com\/loisirs-nature-paulhac2\/wp-json\/wp\/v2\/media?parent=425"}],"curies":[{"name":"wp","href":"https:\/\/api.w.org\/{rel}","templated":true}]}}