{"id":1337,"date":"2019-06-12T17:03:54","date_gmt":"2019-06-12T15:03:54","guid":{"rendered":"http:\/\/outsiderland.com\/loisirs-nature-paulhac\/?page_id=1337"},"modified":"2019-06-12T17:03:54","modified_gmt":"2019-06-12T15:03:54","slug":"plan-des-circuits","status":"publish","type":"page","link":"https:\/\/www.outsiderland.com\/loisirs-nature-paulhac2\/plan-des-circuits\/","title":{"rendered":"PLAN DES CIRCUITS"},"content":{"rendered":"<p>Voici le plan g\u00e9n\u00e9ral des circuits balis\u00e9s de la commune : <\/p>\n<p><a href=\"http:\/\/outsiderland.com\/loisirs-nature-paulhac\/wp-content\/uploads\/2019\/06\/Plan-des-circuits.jpg\"><img loading=\"lazy\" decoding=\"async\" src=\"http:\/\/outsiderland.com\/loisirs-nature-paulhac\/wp-content\/uploads\/2019\/06\/Plan-des-circuits.jpg\" alt=\"Plan des circuits\" width=\"841\" height=\"595\" class=\"aligncenter size-full wp-image-1336\" \/><\/a><\/p>\n","protected":false},"excerpt":{"rendered":"<p>Voici le plan g\u00e9n\u00e9ral des circuits balis\u00e9s de la commune :<\/p>\n","protected":false},"author":5,"featured_media":0,"parent":0,"menu_order":0,"comment_status":"closed","ping_status":"closed","template":"","meta":{"footnotes":""},"class_list":["post-1337","page","type-page","status-publish","hentry"],"_links":{"self":[{"href":"https:\/\/www.outsiderland.com\/loisirs-nature-paulhac2\/wp-json\/wp\/v2\/pages\/1337","targetHints":{"allow":["GET"]}}],"collection":[{"href":"https:\/\/www.outsiderland.com\/loisirs-nature-paulhac2\/wp-json\/wp\/v2\/pages"}],"about":[{"href":"https:\/\/www.outsiderland.com\/loisirs-nature-paulhac2\/wp-json\/wp\/v2\/types\/page"}],"author":[{"embeddable":true,"href":"https:\/\/www.outsiderland.com\/loisirs-nature-paulhac2\/wp-json\/wp\/v2\/users\/5"}],"replies":[{"embeddable":true,"href":"https:\/\/www.outsiderland.com\/loisirs-nature-paulhac2\/wp-json\/wp\/v2\/comments?post=1337"}],"version-history":[{"count":1,"href":"https:\/\/www.outsiderland.com\/loisirs-nature-paulhac2\/wp-json\/wp\/v2\/pages\/1337\/revisions"}],"predecessor-version":[{"id":1338,"href":"https:\/\/www.outsiderland.com\/loisirs-nature-paulhac2\/wp-json\/wp\/v2\/pages\/1337\/revisions\/1338"}],"wp:attachment":[{"href":"https:\/\/www.outsiderland.com\/loisirs-nature-paulhac2\/wp-json\/wp\/v2\/media?parent=1337"}],"curies":[{"name":"wp","href":"https:\/\/api.w.org\/{rel}","templated":true}]}}