{"id":10,"date":"2014-12-25T10:26:24","date_gmt":"2014-12-25T09:26:24","guid":{"rendered":"http:\/\/outsiderland.com\/foyer-nordique-paulhac\/?page_id=10"},"modified":"2019-05-09T19:50:14","modified_gmt":"2019-05-09T17:50:14","slug":"qui-sommes-nous","status":"publish","type":"page","link":"https:\/\/www.outsiderland.com\/loisirs-nature-paulhac2\/qui-sommes-nous\/","title":{"rendered":"L&rsquo;ASSOCIATION"},"content":{"rendered":"<p>\u201cJe voyage non pour aller quelque part, mais pour marcher. Je voyage pour le plaisir de voyager. L\u2019important est de bouger, d\u2019\u00e9prouver de plus pr\u00e8s les n\u00e9cessit\u00e9s et les embarras de la vie, de quitter le lit douillet de la civilisation, de sentir sous mes pieds le granit terrestre et les silex \u00e9pars avec leurs coupants.\u201d Stevenson, \u201cVoyage avec un \u00e2ne dans les C\u00e9vennes\u201d<\/p>\n<p>L\u2019Association Loisirs Nature Paulhac est une association 1901 \u00e0 but non lucratif qui a pour but de promouvoir les sports de pleine nature sur la commune de Paulhac-en-plan\u00e8ze et plus largement dans l\u2019Est du d\u00e9partement du Cantal. Compos\u00e9e de b\u00e9n\u00e9voles d\u00e9vou\u00e9s et passionn\u00e9s, elle permet l\u2019entretien et l\u2019ouverture de chemins de randonn\u00e9e destin\u00e9s aux v\u00e9t\u00e9tistes, aux marcheurs, aux coureurs et aux cavaliers. L\u2019association organise plusieurs fois par an des manifestations sur la commune pour faire d\u00e9couvrir le patrimoine et les atouts naturels de cet espace de moyenne montagne. Elle a \u00e9galement construit un espace de randonn\u00e9e autour de 9 circuits de petite, moyenne ou grande randonn\u00e9e sur la commune, consultables dans un topo-guide disponible \u00e0 l\u2019\u00e9picerie \u201cChez Manu &#038; Sylvie\u201d et \u00e0 la mairie.<\/p>\n<p><a href=\"http:\/\/outsiderland.com\/loisirs-nature-paulhac\/wp-content\/uploads\/2014\/12\/Capture-d\u2019e\u0301cran-2019-04-28-a\u0300-13.43.35.png\"><img loading=\"lazy\" decoding=\"async\" src=\"http:\/\/outsiderland.com\/loisirs-nature-paulhac\/wp-content\/uploads\/2014\/12\/Capture-d\u2019e\u0301cran-2019-04-28-a\u0300-13.43.35-300x133.png\" alt=\"Capture d\u2019e\u0301cran 2019-04-28 a\u0300 13.43.35\" width=\"300\" height=\"133\" class=\"alignnone size-medium wp-image-1181\" \/><\/a><\/p>\n","protected":false},"excerpt":{"rendered":"<p>\u201cJe voyage non pour aller quelque part, mais pour marcher. Je voyage pour le plaisir de voyager. L\u2019important est de bouger, d\u2019\u00e9prouver de plus pr\u00e8s les n\u00e9cessit\u00e9s et les embarras de la vie, de quitter le lit douillet de la civilisation, de sentir sous mes pieds le granit terrestre et les silex \u00e9pars avec leurs coupants.\u201d Stevenson, \u201cVoyage avec un \u00e2ne dans les C\u00e9vennes\u201d L\u2019Association Loisirs Nature Paulhac est une association 1901 \u00e0 but non lucratif qui a pour but&#8230;<\/p>\n<p class=\"read-more\"><a class=\"btn btn-default\" href=\"https:\/\/www.outsiderland.com\/loisirs-nature-paulhac2\/qui-sommes-nous\/\">Lire la suite<span class=\"screen-reader-text\"> Lire la suite<\/span><\/a><\/p>\n","protected":false},"author":1,"featured_media":0,"parent":0,"menu_order":0,"comment_status":"closed","ping_status":"closed","template":"","meta":{"footnotes":""},"class_list":["post-10","page","type-page","status-publish","hentry"],"_links":{"self":[{"href":"https:\/\/www.outsiderland.com\/loisirs-nature-paulhac2\/wp-json\/wp\/v2\/pages\/10","targetHints":{"allow":["GET"]}}],"collection":[{"href":"https:\/\/www.outsiderland.com\/loisirs-nature-paulhac2\/wp-json\/wp\/v2\/pages"}],"about":[{"href":"https:\/\/www.outsiderland.com\/loisirs-nature-paulhac2\/wp-json\/wp\/v2\/types\/page"}],"author":[{"embeddable":true,"href":"https:\/\/www.outsiderland.com\/loisirs-nature-paulhac2\/wp-json\/wp\/v2\/users\/1"}],"replies":[{"embeddable":true,"href":"https:\/\/www.outsiderland.com\/loisirs-nature-paulhac2\/wp-json\/wp\/v2\/comments?post=10"}],"version-history":[{"count":16,"href":"https:\/\/www.outsiderland.com\/loisirs-nature-paulhac2\/wp-json\/wp\/v2\/pages\/10\/revisions"}],"predecessor-version":[{"id":1182,"href":"https:\/\/www.outsiderland.com\/loisirs-nature-paulhac2\/wp-json\/wp\/v2\/pages\/10\/revisions\/1182"}],"wp:attachment":[{"href":"https:\/\/www.outsiderland.com\/loisirs-nature-paulhac2\/wp-json\/wp\/v2\/media?parent=10"}],"curies":[{"name":"wp","href":"https:\/\/api.w.org\/{rel}","templated":true}]}}